{"id":9,"date":"2012-05-29T10:49:51","date_gmt":"2012-05-29T13:49:51","guid":{"rendered":"http:\/\/ultimato.com.br\/sites\/de-outra-chance-igreja\/?page_id=9"},"modified":"2012-06-01T10:54:05","modified_gmt":"2012-06-01T13:54:05","slug":"o-que-disseram","status":"publish","type":"page","link":"https:\/\/ultimato.com.br\/sites\/de-outra-chance-igreja\/o-que-disseram\/","title":{"rendered":"O que disseram"},"content":{"rendered":"<blockquote><p>A maioria das pessoas que criticam a igreja n\u00e3o t\u00eam ideia do que ela seja. Todd Hunter nos ajuda a descobrir o significado da igreja, \u00e0 medida que nos guia por meio de sua pr\u00f3pria peregrina\u00e7\u00e3o e descoberta. A igreja \u00e9 uma fonte singular de vida espiritual. Se voc\u00ea \u2018ouvir\u2019 o autor cuidadosamente, poder\u00e1 come\u00e7ar a encontrar \u201ca\u201d Igreja, a princ\u00edpio talvez n\u00e3o como um modelo f\u00edsico de constru\u00e7\u00e3o, embora isso tamb\u00e9m fa\u00e7a parte. E, se isso acontecer, voc\u00ea vai cantar de alegria.<\/p><\/blockquote>\n<p>Dallas Willard<\/p>\n<p>&nbsp;<\/p>\n<blockquote><p><strong>D\u00ea Outra Chance \u00e0 Igreja<\/strong> mescla a espiritualidade com a liturgia tradicional e consegue conciliar, de uma maneira primorosa, o movimento de forma\u00e7\u00e3o espiritual com o movimento de revitaliza\u00e7\u00e3o da igreja. Se voc\u00ea est\u00e1 buscando formas externas \u00e0 igreja de pastorear a sua alma, voc\u00ea precisa ler este livro.<\/p><\/blockquote>\n<p>William Lane<\/p>\n<p>&nbsp;<\/p>\n<blockquote><p>Caminhadas espirituais s\u00e3o coisas interessantes, e a de Todd Hunter \u00e9 uma dessas \u2014 da lideran\u00e7a das igrejas Vineyard a bispo anglicano. Em <strong>D\u00ea Outra Chance<\/strong><strong> \u00e0 Igreja<\/strong>, voc\u00ea ser\u00e1 desafiado a pensar profundamente sobre sua caminhada espiritual. Hunter nos lembra que a igreja n\u00e3o \u00e9 apenas um lugar para se frequentar, ou mais uma reuni\u00e3o, mas a forma que Deus escolheu para se fazer conhecido.<\/p><\/blockquote>\n<p>Ed Stetzer<\/p>\n<p>&nbsp;<\/p>\n<blockquote><p>Sinceridade, sensibilidade teol\u00f3gica, compreens\u00e3o da hist\u00f3ria e disposi\u00e7\u00e3o para citar nomes (incluindo o do pr\u00f3prio autor) tornam <strong>D\u00ea Outra Chance \u00e0 Igreja<\/strong> distinto da maioria dos livros sobre esse assunto. Todd Hunter \u00e9 um dos l\u00edderes mais cristoc\u00eantricos que pregam hoje \u00e0 igreja. Leia este livro para voc\u00ea resgatar a estima pela igreja, assim como um amor mais profundo por aquele para quem a igreja existe.<\/p><\/blockquote>\n<p>Jim Henderson<\/p>\n<p>&nbsp;<\/p>\n<blockquote><p><strong>D\u00ea Outra Chance \u00e0 Igreja<\/strong> \u00e9 um convite desafiador para entendermos novamente o lugar do culto de domingo no contexto de toda a semana.<\/p><\/blockquote>\n<p>Robert Duncan, arcebispo da Igreja Anglicana da Am\u00e9rica do Norte<\/p>\n","protected":false},"excerpt":{"rendered":"<p>A maioria das pessoas que criticam a igreja n\u00e3o t\u00eam ideia do que ela seja. Todd Hunter nos ajuda a descobrir o significado da igreja, \u00e0 medida que nos guia por meio de sua pr\u00f3pria peregrina\u00e7\u00e3o e descoberta. A igreja \u00e9 uma fonte singular de vida espiritual. Se voc\u00ea \u2018ouvir\u2019 o autor cuidadosamente, poder\u00e1 come\u00e7ar [&hellip;]<\/p>\n","protected":false},"author":24,"featured_media":0,"parent":0,"menu_order":4,"comment_status":"open","ping_status":"closed","template":"","meta":{"footnotes":""},"class_list":["post-9","page","type-page","status-publish","hentry"],"_links":{"self":[{"href":"https:\/\/ultimato.com.br\/sites\/de-outra-chance-igreja\/wp-json\/wp\/v2\/pages\/9","targetHints":{"allow":["GET"]}}],"collection":[{"href":"https:\/\/ultimato.com.br\/sites\/de-outra-chance-igreja\/wp-json\/wp\/v2\/pages"}],"about":[{"href":"https:\/\/ultimato.com.br\/sites\/de-outra-chance-igreja\/wp-json\/wp\/v2\/types\/page"}],"author":[{"embeddable":true,"href":"https:\/\/ultimato.com.br\/sites\/de-outra-chance-igreja\/wp-json\/wp\/v2\/users\/24"}],"replies":[{"embeddable":true,"href":"https:\/\/ultimato.com.br\/sites\/de-outra-chance-igreja\/wp-json\/wp\/v2\/comments?post=9"}],"version-history":[{"count":5,"href":"https:\/\/ultimato.com.br\/sites\/de-outra-chance-igreja\/wp-json\/wp\/v2\/pages\/9\/revisions"}],"predecessor-version":[{"id":42,"href":"https:\/\/ultimato.com.br\/sites\/de-outra-chance-igreja\/wp-json\/wp\/v2\/pages\/9\/revisions\/42"}],"wp:attachment":[{"href":"https:\/\/ultimato.com.br\/sites\/de-outra-chance-igreja\/wp-json\/wp\/v2\/media?parent=9"}],"curies":[{"name":"wp","href":"https:\/\/api.w.org\/{rel}","templated":true}]}}