{"id":68,"date":"2012-06-19T08:45:41","date_gmt":"2012-06-19T11:45:41","guid":{"rendered":"http:\/\/ultimato.com.br\/sites\/de-outra-chance-igreja\/?page_id=68"},"modified":"2012-06-19T08:45:41","modified_gmt":"2012-06-19T11:45:41","slug":"veja-o-video","status":"publish","type":"page","link":"https:\/\/ultimato.com.br\/sites\/de-outra-chance-igreja\/extras\/veja-o-video\/","title":{"rendered":"Veja o v\u00eddeo"},"content":{"rendered":"<p><iframe loading=\"lazy\" src=\"http:\/\/www.youtube.com\/embed\/zmLRPbJJmdE\" frameborder=\"0\" width=\"420\" height=\"315\"><\/iframe><\/p>\n<p>Hunter \u00e9 tamb\u00e9m respons\u00e1vel pelo minist\u00e9rio Telos Events. Este minist\u00e9rio surge do amor de Todd pelos &#8220;igrejados&#8221; e &#8220;desigrejados&#8221;, pelo seu interesse de levar os crist\u00e3os a terem uma experi\u00eancia profunda e real com Deus dentro e fora da igreja. &#8220;D\u00ea Outra Chance a Igreja&#8221; guia o leitor por uma esp\u00e9cie de redescoberta da igreja e das pr\u00e1ticas espirituais e Telos Events torna essa descoberta em algo que deve ser praticado no cotidiano.<\/p>\n","protected":false},"excerpt":{"rendered":"<p>Hunter \u00e9 tamb\u00e9m respons\u00e1vel pelo minist\u00e9rio Telos Events. Este minist\u00e9rio surge do amor de Todd pelos &#8220;igrejados&#8221; e &#8220;desigrejados&#8221;, pelo seu interesse de levar os crist\u00e3os a terem uma experi\u00eancia profunda e real com Deus dentro e fora da igreja. &#8220;D\u00ea Outra Chance a Igreja&#8221; guia o leitor por uma esp\u00e9cie de redescoberta da igreja [&hellip;]<\/p>\n","protected":false},"author":24,"featured_media":0,"parent":11,"menu_order":4,"comment_status":"open","ping_status":"open","template":"","meta":{"footnotes":""},"class_list":["post-68","page","type-page","status-publish","hentry"],"_links":{"self":[{"href":"https:\/\/ultimato.com.br\/sites\/de-outra-chance-igreja\/wp-json\/wp\/v2\/pages\/68","targetHints":{"allow":["GET"]}}],"collection":[{"href":"https:\/\/ultimato.com.br\/sites\/de-outra-chance-igreja\/wp-json\/wp\/v2\/pages"}],"about":[{"href":"https:\/\/ultimato.com.br\/sites\/de-outra-chance-igreja\/wp-json\/wp\/v2\/types\/page"}],"author":[{"embeddable":true,"href":"https:\/\/ultimato.com.br\/sites\/de-outra-chance-igreja\/wp-json\/wp\/v2\/users\/24"}],"replies":[{"embeddable":true,"href":"https:\/\/ultimato.com.br\/sites\/de-outra-chance-igreja\/wp-json\/wp\/v2\/comments?post=68"}],"version-history":[{"count":1,"href":"https:\/\/ultimato.com.br\/sites\/de-outra-chance-igreja\/wp-json\/wp\/v2\/pages\/68\/revisions"}],"predecessor-version":[{"id":69,"href":"https:\/\/ultimato.com.br\/sites\/de-outra-chance-igreja\/wp-json\/wp\/v2\/pages\/68\/revisions\/69"}],"up":[{"embeddable":true,"href":"https:\/\/ultimato.com.br\/sites\/de-outra-chance-igreja\/wp-json\/wp\/v2\/pages\/11"}],"wp:attachment":[{"href":"https:\/\/ultimato.com.br\/sites\/de-outra-chance-igreja\/wp-json\/wp\/v2\/media?parent=68"}],"curies":[{"name":"wp","href":"https:\/\/api.w.org\/{rel}","templated":true}]}}