{"id":5,"date":"2012-05-29T10:49:11","date_gmt":"2012-05-29T13:49:11","guid":{"rendered":"http:\/\/ultimato.com.br\/sites\/de-outra-chance-igreja\/?page_id=5"},"modified":"2012-05-30T09:32:19","modified_gmt":"2012-05-30T12:32:19","slug":"o-livro","status":"publish","type":"page","link":"https:\/\/ultimato.com.br\/sites\/de-outra-chance-igreja\/","title":{"rendered":"O Livro"},"content":{"rendered":"<p><strong>D\u00ea Outra Chance \u00e0 Igreja<\/strong> \u00e9 um livro dedicado \u00e0queles que frequentaram \u2014 ou ainda frequentam \u2014 a igreja e sentem que ela deixa a desejar. Est\u00e3o cansados, insatisfeitos, desiludidos.<\/p>\n<p>\u00c9 verdade, no entanto, que muitos dos que criticam a igreja n\u00e3o sabem de fato o que ela \u00e9. Ali\u00e1s, a igreja n\u00e3o \u00e9 apenas um lugar para se frequentar e, menos ainda, \u201caquilo\u201d que acontece aos domingos.<\/p>\n<p><strong>D\u00ea Outra Chance \u00e0 Igreja<\/strong> guia o leitor por uma esp\u00e9cie de redescoberta da igreja e das pr\u00e1ticas espirituais, n\u00e3o como algo que fazemos individualmente, mas como disciplinas comunit\u00e1rias, dadas por Deus \u00e0 igreja.<\/p>\n","protected":false},"excerpt":{"rendered":"<p>D\u00ea Outra Chance \u00e0 Igreja \u00e9 um livro dedicado \u00e0queles que frequentaram \u2014 ou ainda frequentam \u2014 a igreja e sentem que ela deixa a desejar. Est\u00e3o cansados, insatisfeitos, desiludidos. \u00c9 verdade, no entanto, que muitos dos que criticam a igreja n\u00e3o sabem de fato o que ela \u00e9. Ali\u00e1s, a igreja n\u00e3o \u00e9 apenas [&hellip;]<\/p>\n","protected":false},"author":24,"featured_media":0,"parent":0,"menu_order":1,"comment_status":"open","ping_status":"closed","template":"","meta":{"footnotes":""},"class_list":["post-5","page","type-page","status-publish","hentry"],"_links":{"self":[{"href":"https:\/\/ultimato.com.br\/sites\/de-outra-chance-igreja\/wp-json\/wp\/v2\/pages\/5","targetHints":{"allow":["GET"]}}],"collection":[{"href":"https:\/\/ultimato.com.br\/sites\/de-outra-chance-igreja\/wp-json\/wp\/v2\/pages"}],"about":[{"href":"https:\/\/ultimato.com.br\/sites\/de-outra-chance-igreja\/wp-json\/wp\/v2\/types\/page"}],"author":[{"embeddable":true,"href":"https:\/\/ultimato.com.br\/sites\/de-outra-chance-igreja\/wp-json\/wp\/v2\/users\/24"}],"replies":[{"embeddable":true,"href":"https:\/\/ultimato.com.br\/sites\/de-outra-chance-igreja\/wp-json\/wp\/v2\/comments?post=5"}],"version-history":[{"count":3,"href":"https:\/\/ultimato.com.br\/sites\/de-outra-chance-igreja\/wp-json\/wp\/v2\/pages\/5\/revisions"}],"predecessor-version":[{"id":44,"href":"https:\/\/ultimato.com.br\/sites\/de-outra-chance-igreja\/wp-json\/wp\/v2\/pages\/5\/revisions\/44"}],"wp:attachment":[{"href":"https:\/\/ultimato.com.br\/sites\/de-outra-chance-igreja\/wp-json\/wp\/v2\/media?parent=5"}],"curies":[{"name":"wp","href":"https:\/\/api.w.org\/{rel}","templated":true}]}}