{"id":24,"date":"2012-05-29T10:57:08","date_gmt":"2012-05-29T13:57:08","guid":{"rendered":"http:\/\/ultimato.com.br\/sites\/de-outra-chance-igreja\/?page_id=24"},"modified":"2012-06-06T09:15:54","modified_gmt":"2012-06-06T12:15:54","slug":"divulgue-a-ideia","status":"publish","type":"page","link":"https:\/\/ultimato.com.br\/sites\/de-outra-chance-igreja\/extras\/divulgue-a-ideia\/","title":{"rendered":"Divulgue a ideia"},"content":{"rendered":"<p>Preparamos alguns banners para voc\u00ea colocar no seu blog\/site. Divulgue a ideia!<\/p>\n<p>&nbsp;<\/p>\n<p><strong>Banner 120&#215;60<\/strong><\/p>\n<p><a href=\"http:\/\/ultimato.com.br\/sites\/de-outra-chance-igreja\/files\/2012\/05\/bannerE_docai_a02.gif\"><img loading=\"lazy\" decoding=\"async\" class=\"aligncenter size-full wp-image-47\" title=\"bannerE_docai_a02\" src=\"http:\/\/ultimato.com.br\/sites\/de-outra-chance-igreja\/files\/2012\/05\/bannerE_docai_a02.gif\" alt=\"\" width=\"120\" height=\"60\" \/><\/a><\/p>\n<pre><strong>C\u00f3digo de incorpora\u00e7\u00e3o:<\/strong>\u00a0&lt;a href=\"<a href=\"http:\/\/ultimato.com.br\/sites\/minha-familia-pode-ser-feliz\/\" target=\"_blank\">http:\/\/ultimato.com.br\/<wbr>sites\/de-outra-chance-igreja\/<\/wbr><\/a>\" target=\"_blank\" title=\"D\u00ea Outra Chance a Igreja\"&gt;&lt;img style=\"border: 0px;\" title=\"Banner 120\u00d760\" src=\"http:\/\/ultimato.com.br\/sites\/de-outra-chance-igreja\/files\/2012\/05\/bannerE_docai_a02.gif\" alt=\"\" width=\"120\" height=\"60\" \/&gt;&lt;\/a&gt;<\/pre>\n<p>&nbsp;<\/p>\n<p><strong>Banner 120&#215;240<\/strong><\/p>\n<p>&nbsp;<\/p>\n<p><a href=\"http:\/\/ultimato.com.br\/sites\/de-outra-chance-igreja\/files\/2012\/05\/bannerD_docai_a02.gif\"><img loading=\"lazy\" decoding=\"async\" class=\"aligncenter size-full wp-image-50\" title=\"bannerD_docai_a02\" src=\"http:\/\/ultimato.com.br\/sites\/de-outra-chance-igreja\/files\/2012\/05\/bannerD_docai_a02.gif\" alt=\"\" width=\"120\" height=\"240\" \/><\/a><\/p>\n<p>&nbsp;<\/p>\n<p><strong>C\u00f3digo de incorpora\u00e7\u00e3o:<\/strong>\u00a0&lt;a href=&#8221;http:\/\/ultimato.com.br\/sites\/de-outra-chance-igreja\/&#8221; target=&#8221;_blank&#8221; title=&#8221;De Outra Chance a Igreja&#8221;&gt;&lt;img style=\u201dborder: 0px initial initial;\u201d title=\u201dPapel de parede 1\u2033 src=\u201dhttp:\/\/ultimato.com.br\/sites\/de-outra-chance-igreja\/files\/2012\/05\/bannerD_docai_a02.gif\u201d alt=\u201d&#8221; width=\u201d120\u2033 height=\u201d240\u2033<\/p>\n","protected":false},"excerpt":{"rendered":"<p>Preparamos alguns banners para voc\u00ea colocar no seu blog\/site. Divulgue a ideia! &nbsp; Banner 120&#215;60 C\u00f3digo de incorpora\u00e7\u00e3o:\u00a0&lt;a href=&#8221;http:\/\/ultimato.com.br\/sites\/de-outra-chance-igreja\/&#8221; target=&#8221;_blank&#8221; title=&#8221;D\u00ea Outra Chance a Igreja&#8221;&gt;&lt;img style=&#8221;border: 0px;&#8221; title=&#8221;Banner 120\u00d760&#8243; src=&#8221;http:\/\/ultimato.com.br\/sites\/de-outra-chance-igreja\/files\/2012\/05\/bannerE_docai_a02.gif&#8221; alt=&#8221;&#8221; width=&#8221;120&#8243; height=&#8221;60&#8243; \/&gt;&lt;\/a&gt; &nbsp; Banner 120&#215;240 &nbsp; &nbsp; C\u00f3digo de incorpora\u00e7\u00e3o:\u00a0&lt;a href=&#8221;http:\/\/ultimato.com.br\/sites\/de-outra-chance-igreja\/&#8221; target=&#8221;_blank&#8221; title=&#8221;De Outra Chance a Igreja&#8221;&gt;&lt;img style=\u201dborder: 0px initial initial;\u201d title=\u201dPapel de [&hellip;]<\/p>\n","protected":false},"author":24,"featured_media":0,"parent":11,"menu_order":1,"comment_status":"open","ping_status":"open","template":"","meta":{"footnotes":""},"class_list":["post-24","page","type-page","status-publish","hentry"],"_links":{"self":[{"href":"https:\/\/ultimato.com.br\/sites\/de-outra-chance-igreja\/wp-json\/wp\/v2\/pages\/24","targetHints":{"allow":["GET"]}}],"collection":[{"href":"https:\/\/ultimato.com.br\/sites\/de-outra-chance-igreja\/wp-json\/wp\/v2\/pages"}],"about":[{"href":"https:\/\/ultimato.com.br\/sites\/de-outra-chance-igreja\/wp-json\/wp\/v2\/types\/page"}],"author":[{"embeddable":true,"href":"https:\/\/ultimato.com.br\/sites\/de-outra-chance-igreja\/wp-json\/wp\/v2\/users\/24"}],"replies":[{"embeddable":true,"href":"https:\/\/ultimato.com.br\/sites\/de-outra-chance-igreja\/wp-json\/wp\/v2\/comments?post=24"}],"version-history":[{"count":9,"href":"https:\/\/ultimato.com.br\/sites\/de-outra-chance-igreja\/wp-json\/wp\/v2\/pages\/24\/revisions"}],"predecessor-version":[{"id":63,"href":"https:\/\/ultimato.com.br\/sites\/de-outra-chance-igreja\/wp-json\/wp\/v2\/pages\/24\/revisions\/63"}],"up":[{"embeddable":true,"href":"https:\/\/ultimato.com.br\/sites\/de-outra-chance-igreja\/wp-json\/wp\/v2\/pages\/11"}],"wp:attachment":[{"href":"https:\/\/ultimato.com.br\/sites\/de-outra-chance-igreja\/wp-json\/wp\/v2\/media?parent=24"}],"curies":[{"name":"wp","href":"https:\/\/api.w.org\/{rel}","templated":true}]}}