{"id":6,"date":"2015-08-24T12:32:24","date_gmt":"2015-08-24T12:32:24","guid":{"rendered":"http:\/\/ultimato.com.br\/sites\/de-hoje-em-diante\/?page_id=6"},"modified":"2015-09-10T14:32:03","modified_gmt":"2015-09-10T14:32:03","slug":"o-livro","status":"publish","type":"page","link":"https:\/\/ultimato.com.br\/sites\/de-hoje-em-diante\/","title":{"rendered":"O Livro"},"content":{"rendered":"<p><strong>De Hoje em Diante&#8230;<\/strong><\/p>\n<p><em>\u201cmentira nunca mais!\u201d&#8230; \u201cansiedade nunca mais!\u201d&#8230; \u201cindecis\u00e3o nunca mais!\u201d&#8230; \u201cpornografia nunca mais!\u201d&#8230; \u201cpregui\u00e7a nunca mais!\u201d&#8230; \u201c\u00e1lcool nunca mais!&#8230; \u201cprocrastina\u00e7\u00e3o nunca mais!\u201d&#8230;<\/em><\/p>\n<p><strong>De Hoje em Diante<\/strong> fala de promessas e de pessoas que j\u00e1 sabem quais s\u00e3o suas manias, v\u00edcios e seus pontos fraco. E, nem sempre um \u00fanico \u201cde hoje em diante\u201d \u00e9 suficiente para a mudan\u00e7a. A hist\u00f3ria do povo de Deus, a hist\u00f3ria da Igreja e a nossa pr\u00f3pria hist\u00f3ria mostram isso.<\/p>\n<p>A boa not\u00edcia \u00e9 que, em todos os casos de reincid\u00eancia, h\u00e1 lugar para mais um \u201cde hoje em diante\u201d.<\/p>\n<p>&nbsp;<\/p>\n<blockquote><p>Ao longo dos anos fui particularmente aben\u00e7oado pela se\u00e7\u00e3o \u201cDe Hoje em Diante\u201d da revista <strong>Ultimato<\/strong>. N\u00e3o tenho d\u00favida que este livro ser\u00e1 mais um instrumento usado pelo Eterno para aben\u00e7oar grandemente a sua vida.<\/p><\/blockquote>\n<p><em>&#8211; Ronaldo Lid\u00f3rio<\/em><\/p>\n<p><iframe loading=\"lazy\" width=\"560\" height=\"315\" src=\"https:\/\/www.youtube.com\/embed\/AEC7G3fEurk\" frameborder=\"0\" allowfullscreen><\/iframe><\/p>\n","protected":false},"excerpt":{"rendered":"<p>De Hoje em Diante&#8230; \u201cmentira nunca mais!\u201d&#8230; \u201cansiedade nunca mais!\u201d&#8230; \u201cindecis\u00e3o nunca mais!\u201d&#8230; \u201cpornografia nunca mais!\u201d&#8230; \u201cpregui\u00e7a nunca mais!\u201d&#8230; \u201c\u00e1lcool nunca mais!&#8230; \u201cprocrastina\u00e7\u00e3o nunca mais!\u201d&#8230; De Hoje em Diante fala de promessas e de pessoas que j\u00e1 sabem quais s\u00e3o suas manias, v\u00edcios e seus pontos fraco. E, nem sempre um \u00fanico \u201cde hoje em [&hellip;]<\/p>\n","protected":false},"author":24,"featured_media":0,"parent":0,"menu_order":0,"comment_status":"closed","ping_status":"open","template":"","meta":{"footnotes":""},"class_list":["post-6","page","type-page","status-publish","hentry"],"_links":{"self":[{"href":"https:\/\/ultimato.com.br\/sites\/de-hoje-em-diante\/wp-json\/wp\/v2\/pages\/6","targetHints":{"allow":["GET"]}}],"collection":[{"href":"https:\/\/ultimato.com.br\/sites\/de-hoje-em-diante\/wp-json\/wp\/v2\/pages"}],"about":[{"href":"https:\/\/ultimato.com.br\/sites\/de-hoje-em-diante\/wp-json\/wp\/v2\/types\/page"}],"author":[{"embeddable":true,"href":"https:\/\/ultimato.com.br\/sites\/de-hoje-em-diante\/wp-json\/wp\/v2\/users\/24"}],"replies":[{"embeddable":true,"href":"https:\/\/ultimato.com.br\/sites\/de-hoje-em-diante\/wp-json\/wp\/v2\/comments?post=6"}],"version-history":[{"count":4,"href":"https:\/\/ultimato.com.br\/sites\/de-hoje-em-diante\/wp-json\/wp\/v2\/pages\/6\/revisions"}],"predecessor-version":[{"id":41,"href":"https:\/\/ultimato.com.br\/sites\/de-hoje-em-diante\/wp-json\/wp\/v2\/pages\/6\/revisions\/41"}],"wp:attachment":[{"href":"https:\/\/ultimato.com.br\/sites\/de-hoje-em-diante\/wp-json\/wp\/v2\/media?parent=6"}],"curies":[{"name":"wp","href":"https:\/\/api.w.org\/{rel}","templated":true}]}}