{"id":18,"date":"2015-08-24T12:33:52","date_gmt":"2015-08-24T12:33:52","guid":{"rendered":"http:\/\/ultimato.com.br\/sites\/de-hoje-em-diante\/?page_id=18"},"modified":"2015-08-24T12:48:00","modified_gmt":"2015-08-24T12:48:00","slug":"release","status":"publish","type":"page","link":"https:\/\/ultimato.com.br\/sites\/de-hoje-em-diante\/extras\/release\/","title":{"rendered":"Release"},"content":{"rendered":"<p>Aqui est\u00e1 o press-release do livro <em>De Hoje em Diante<\/em> para voc\u00ea divulgar no seu site, blog, jornal ou outro meio de comunica\u00e7\u00e3o do seu acesso. Ajude-nos a espalhar este conte\u00fado<\/p>\n<p>\u2013 Arquivo em <a href=\"http:\/\/ultimato.com.br\/sites\/de-hoje-em-diante\/files\/2015\/08\/9-Release_De_Hoje_Em_Diante_Set_2015.pdf\">PDF<\/a>.<\/p>\n","protected":false},"excerpt":{"rendered":"<p>Aqui est\u00e1 o press-release do livro De Hoje em Diante para voc\u00ea divulgar no seu site, blog, jornal ou outro meio de comunica\u00e7\u00e3o do seu acesso. Ajude-nos a espalhar este conte\u00fado \u2013 Arquivo em PDF.<\/p>\n","protected":false},"author":24,"featured_media":0,"parent":12,"menu_order":3,"comment_status":"closed","ping_status":"open","template":"","meta":{"footnotes":""},"class_list":["post-18","page","type-page","status-publish","hentry"],"_links":{"self":[{"href":"https:\/\/ultimato.com.br\/sites\/de-hoje-em-diante\/wp-json\/wp\/v2\/pages\/18","targetHints":{"allow":["GET"]}}],"collection":[{"href":"https:\/\/ultimato.com.br\/sites\/de-hoje-em-diante\/wp-json\/wp\/v2\/pages"}],"about":[{"href":"https:\/\/ultimato.com.br\/sites\/de-hoje-em-diante\/wp-json\/wp\/v2\/types\/page"}],"author":[{"embeddable":true,"href":"https:\/\/ultimato.com.br\/sites\/de-hoje-em-diante\/wp-json\/wp\/v2\/users\/24"}],"replies":[{"embeddable":true,"href":"https:\/\/ultimato.com.br\/sites\/de-hoje-em-diante\/wp-json\/wp\/v2\/comments?post=18"}],"version-history":[{"count":2,"href":"https:\/\/ultimato.com.br\/sites\/de-hoje-em-diante\/wp-json\/wp\/v2\/pages\/18\/revisions"}],"predecessor-version":[{"id":34,"href":"https:\/\/ultimato.com.br\/sites\/de-hoje-em-diante\/wp-json\/wp\/v2\/pages\/18\/revisions\/34"}],"up":[{"embeddable":true,"href":"https:\/\/ultimato.com.br\/sites\/de-hoje-em-diante\/wp-json\/wp\/v2\/pages\/12"}],"wp:attachment":[{"href":"https:\/\/ultimato.com.br\/sites\/de-hoje-em-diante\/wp-json\/wp\/v2\/media?parent=18"}],"curies":[{"name":"wp","href":"https:\/\/api.w.org\/{rel}","templated":true}]}}