{"id":10,"date":"2015-08-24T12:32:49","date_gmt":"2015-08-24T12:32:49","guid":{"rendered":"http:\/\/ultimato.com.br\/sites\/de-hoje-em-diante\/?page_id=10"},"modified":"2015-08-24T12:36:22","modified_gmt":"2015-08-24T12:36:22","slug":"o-autor","status":"publish","type":"page","link":"https:\/\/ultimato.com.br\/sites\/de-hoje-em-diante\/o-autor\/","title":{"rendered":"O autor"},"content":{"rendered":"<p><strong><a href=\"http:\/\/ultimato.com.br\/sites\/de-hoje-em-diante\/files\/2015\/08\/foto_reve_dhed.jpg\"><img loading=\"lazy\" decoding=\"async\" class=\"alignleft size-thumbnail wp-image-26\" src=\"http:\/\/ultimato.com.br\/sites\/de-hoje-em-diante\/files\/2015\/08\/foto_reve_dhed-150x150.jpg\" alt=\"foto_reve_dhed\" width=\"150\" height=\"150\" \/><\/a>Elben M. Lenz C\u00e9sar<\/strong> \u00e9 diretor da revista <em>Ultimato<\/em>. \u00c9 autor de, entre outros, <em>Pr\u00e1ticas Devocionais<\/em>,<em> Hist\u00f3ria da Evangeliza\u00e7\u00e3o do Brasil<\/em>, <em>Refei\u00e7\u00f5es Di\u00e1rias com o Sabor dos Salmos<\/em>, <em>Refei\u00e7\u00f5es Di\u00e1rias com os Disc\u00edpulos, Teologia Para o Cotidiano, Sou Eu, Calvino<\/em>, todos publicados pela Editora Ultimato.<\/p>\n","protected":false},"excerpt":{"rendered":"<p>Elben M. Lenz C\u00e9sar \u00e9 diretor da revista Ultimato. \u00c9 autor de, entre outros, Pr\u00e1ticas Devocionais, Hist\u00f3ria da Evangeliza\u00e7\u00e3o do Brasil, Refei\u00e7\u00f5es Di\u00e1rias com o Sabor dos Salmos, Refei\u00e7\u00f5es Di\u00e1rias com os Disc\u00edpulos, Teologia Para o Cotidiano, Sou Eu, Calvino, todos publicados pela Editora Ultimato.<\/p>\n","protected":false},"author":24,"featured_media":0,"parent":0,"menu_order":2,"comment_status":"closed","ping_status":"open","template":"","meta":{"footnotes":""},"class_list":["post-10","page","type-page","status-publish","hentry"],"_links":{"self":[{"href":"https:\/\/ultimato.com.br\/sites\/de-hoje-em-diante\/wp-json\/wp\/v2\/pages\/10","targetHints":{"allow":["GET"]}}],"collection":[{"href":"https:\/\/ultimato.com.br\/sites\/de-hoje-em-diante\/wp-json\/wp\/v2\/pages"}],"about":[{"href":"https:\/\/ultimato.com.br\/sites\/de-hoje-em-diante\/wp-json\/wp\/v2\/types\/page"}],"author":[{"embeddable":true,"href":"https:\/\/ultimato.com.br\/sites\/de-hoje-em-diante\/wp-json\/wp\/v2\/users\/24"}],"replies":[{"embeddable":true,"href":"https:\/\/ultimato.com.br\/sites\/de-hoje-em-diante\/wp-json\/wp\/v2\/comments?post=10"}],"version-history":[{"count":2,"href":"https:\/\/ultimato.com.br\/sites\/de-hoje-em-diante\/wp-json\/wp\/v2\/pages\/10\/revisions"}],"predecessor-version":[{"id":27,"href":"https:\/\/ultimato.com.br\/sites\/de-hoje-em-diante\/wp-json\/wp\/v2\/pages\/10\/revisions\/27"}],"wp:attachment":[{"href":"https:\/\/ultimato.com.br\/sites\/de-hoje-em-diante\/wp-json\/wp\/v2\/media?parent=10"}],"curies":[{"name":"wp","href":"https:\/\/api.w.org\/{rel}","templated":true}]}}