{"id":8,"date":"2017-09-27T10:35:51","date_gmt":"2017-09-27T13:35:51","guid":{"rendered":"http:\/\/ultimato.com.br\/sites\/cuide-raizes-espere-frutos\/?page_id=8"},"modified":"2017-12-19T12:12:01","modified_gmt":"2017-12-19T14:12:01","slug":"o-que-disseram","status":"publish","type":"page","link":"https:\/\/ultimato.com.br\/sites\/cuide-raizes-espere-frutos\/o-que-disseram\/","title":{"rendered":"O que disseram"},"content":{"rendered":"<blockquote><p><span style=\"color: #333333;\">O t\u00edtulo,\u00a0<strong>Cuide das Ra\u00edzes, Espere pelos Frutos<\/strong> e a capa deste livro foram inspirados na insistente \u00eanfase do autor: \u00e9 preciso alimentar-se da Palavra de Deus \u2013 estar na presen\u00e7a de Deus, deixar que ele fale e falar com ele \u2013 e confiar que o resto vir\u00e1.<\/span><br \/>\n<span style=\"color: #333333;\">\u2013 Kl\u00eania Fassoni<\/span><\/p><\/blockquote>\n","protected":false},"excerpt":{"rendered":"<p>O t\u00edtulo,\u00a0Cuide das Ra\u00edzes, Espere pelos Frutos e a capa deste livro foram inspirados na insistente \u00eanfase do autor: \u00e9 preciso alimentar-se da Palavra de Deus \u2013 estar na presen\u00e7a de Deus, deixar que ele fale e falar com ele \u2013 e confiar que o resto vir\u00e1. \u2013 Kl\u00eania Fassoni<\/p>\n","protected":false},"author":24,"featured_media":0,"parent":0,"menu_order":2,"comment_status":"closed","ping_status":"closed","template":"","meta":{"footnotes":""},"class_list":["post-8","page","type-page","status-publish","hentry"],"_links":{"self":[{"href":"https:\/\/ultimato.com.br\/sites\/cuide-raizes-espere-frutos\/wp-json\/wp\/v2\/pages\/8","targetHints":{"allow":["GET"]}}],"collection":[{"href":"https:\/\/ultimato.com.br\/sites\/cuide-raizes-espere-frutos\/wp-json\/wp\/v2\/pages"}],"about":[{"href":"https:\/\/ultimato.com.br\/sites\/cuide-raizes-espere-frutos\/wp-json\/wp\/v2\/types\/page"}],"author":[{"embeddable":true,"href":"https:\/\/ultimato.com.br\/sites\/cuide-raizes-espere-frutos\/wp-json\/wp\/v2\/users\/24"}],"replies":[{"embeddable":true,"href":"https:\/\/ultimato.com.br\/sites\/cuide-raizes-espere-frutos\/wp-json\/wp\/v2\/comments?post=8"}],"version-history":[{"count":6,"href":"https:\/\/ultimato.com.br\/sites\/cuide-raizes-espere-frutos\/wp-json\/wp\/v2\/pages\/8\/revisions"}],"predecessor-version":[{"id":69,"href":"https:\/\/ultimato.com.br\/sites\/cuide-raizes-espere-frutos\/wp-json\/wp\/v2\/pages\/8\/revisions\/69"}],"wp:attachment":[{"href":"https:\/\/ultimato.com.br\/sites\/cuide-raizes-espere-frutos\/wp-json\/wp\/v2\/media?parent=8"}],"curies":[{"name":"wp","href":"https:\/\/api.w.org\/{rel}","templated":true}]}}