{"id":6,"date":"2017-09-27T10:35:36","date_gmt":"2017-09-27T13:35:36","guid":{"rendered":"http:\/\/ultimato.com.br\/sites\/cuide-raizes-espere-frutos\/?page_id=6"},"modified":"2017-10-30T10:15:16","modified_gmt":"2017-10-30T12:15:16","slug":"o-livro","status":"publish","type":"page","link":"https:\/\/ultimato.com.br\/sites\/cuide-raizes-espere-frutos\/","title":{"rendered":"O Livro"},"content":{"rendered":"<p><iframe loading=\"lazy\" src=\"https:\/\/www.youtube.com\/embed\/pLRc8eche88\" width=\"560\" height=\"315\" frameborder=\"0\" allowfullscreen=\"allowfullscreen\"><\/iframe><\/p>\n<p>O lan\u00e7amento de<strong> Cuide das Ra\u00edzes, Espere pelos Frutos<\/strong> celebra os 50 anos da revista <em>Ultimato<\/em>, bem como a vida e o legado do seu fundador, autor das medita\u00e7\u00f5es aqui reunidas, um ano ap\u00f3s a sua morte.<\/p>\n<p>Trata-se de um livro especial. Uma sele\u00e7\u00e3o preciosa de medita\u00e7\u00f5es di\u00e1rias do pastor Elben C\u00e9sar \u2013 ainda n\u00e3o publicadas em devocion\u00e1rio \u2013 marcadas pela profundidade b\u00edblica e pela facilidade de aplica\u00e7\u00e3o pr\u00e1tica. Ao longo do ano, dia a dia, somos guiados por algu\u00e9m que foi \u201ccomo a \u00e1rvore plantada junto \u00e0s \u00e1guas, que estende as suas ra\u00edzes para o ribeir\u00e3o [cuja] folha fica verde; e, no ano de sequid\u00e3o, n\u00e3o deixa de dar fruto\u201d (Jr 17.6).<\/p>\n<p>Um vers\u00edculo, uma leitura e medita\u00e7\u00e3o para cada dia do ano.<\/p>\n","protected":false},"excerpt":{"rendered":"<p>O lan\u00e7amento de Cuide das Ra\u00edzes, Espere pelos Frutos celebra os 50 anos da revista Ultimato, bem como a vida e o legado do seu fundador, autor das medita\u00e7\u00f5es aqui reunidas, um ano ap\u00f3s a sua morte. Trata-se de um livro especial. Uma sele\u00e7\u00e3o preciosa de medita\u00e7\u00f5es di\u00e1rias do pastor Elben C\u00e9sar \u2013 ainda n\u00e3o [&hellip;]<\/p>\n","protected":false},"author":24,"featured_media":0,"parent":0,"menu_order":1,"comment_status":"closed","ping_status":"closed","template":"","meta":{"footnotes":""},"class_list":["post-6","page","type-page","status-publish","hentry"],"_links":{"self":[{"href":"https:\/\/ultimato.com.br\/sites\/cuide-raizes-espere-frutos\/wp-json\/wp\/v2\/pages\/6","targetHints":{"allow":["GET"]}}],"collection":[{"href":"https:\/\/ultimato.com.br\/sites\/cuide-raizes-espere-frutos\/wp-json\/wp\/v2\/pages"}],"about":[{"href":"https:\/\/ultimato.com.br\/sites\/cuide-raizes-espere-frutos\/wp-json\/wp\/v2\/types\/page"}],"author":[{"embeddable":true,"href":"https:\/\/ultimato.com.br\/sites\/cuide-raizes-espere-frutos\/wp-json\/wp\/v2\/users\/24"}],"replies":[{"embeddable":true,"href":"https:\/\/ultimato.com.br\/sites\/cuide-raizes-espere-frutos\/wp-json\/wp\/v2\/comments?post=6"}],"version-history":[{"count":4,"href":"https:\/\/ultimato.com.br\/sites\/cuide-raizes-espere-frutos\/wp-json\/wp\/v2\/pages\/6\/revisions"}],"predecessor-version":[{"id":56,"href":"https:\/\/ultimato.com.br\/sites\/cuide-raizes-espere-frutos\/wp-json\/wp\/v2\/pages\/6\/revisions\/56"}],"wp:attachment":[{"href":"https:\/\/ultimato.com.br\/sites\/cuide-raizes-espere-frutos\/wp-json\/wp\/v2\/media?parent=6"}],"curies":[{"name":"wp","href":"https:\/\/api.w.org\/{rel}","templated":true}]}}