{"id":27,"date":"2010-01-31T18:11:01","date_gmt":"2010-01-31T18:11:01","guid":{"rendered":"http:\/\/www.mundonarnia.com\/cslewis\/?page_id=27"},"modified":"2010-01-31T18:11:01","modified_gmt":"2010-01-31T18:11:01","slug":"gabriele-greggersen","status":"publish","type":"page","link":"https:\/\/ultimato.com.br\/sites\/cslewis\/gabriele-greggersen\/","title":{"rendered":"Gabriele Greggersen"},"content":{"rendered":"<p><a href=\"http:\/\/www.cslewis.com.br\/wp-content\/uploads\/2010\/01\/gabi.jpg\" class=\"lightview\" data-lightview-group=\"group-27\" data-lightview-options=\"skin: 'dark', controls: 'relative', padding: '10', shadow: { color: '#000000', opacity: 0.08, blur: 3 }\" data-lightview-title=\"Gabriele Greggersen\"><a href=\"http:\/\/ultimato.com.br\/sites\/cslewis\/files\/2010\/01\/Gabriele.jpg\"><img loading=\"lazy\" decoding=\"async\" class=\"alignright size-full wp-image-361\" title=\"Gabriele Greggersen\" src=\"http:\/\/ultimato.com.br\/sites\/cslewis\/files\/2010\/01\/Gabriele.jpg\" alt=\"\" width=\"200\" height=\"150\" srcset=\"https:\/\/ultimato.com.br\/sites\/cslewis\/files\/2010\/01\/Gabriele.jpg 200w, https:\/\/ultimato.com.br\/sites\/cslewis\/files\/2010\/01\/Gabriele-150x113.jpg 150w\" sizes=\"auto, (max-width: 200px) 100vw, 200px\" \/><\/a><\/a><\/p>\n<p>Gabriele Greggersen \u00e9 graduada em Pedagogia, mestre e doutora em Hist\u00f3ria e Filosofia da Educa\u00e7\u00e3o pela Faculdade de Educa\u00e7\u00e3o da Universidade de S\u00e3o Paulo, sob orienta\u00e7\u00e3o do Dr. Luiz Jean Lauand. Concluiu seu p\u00f3s-doutoramento na \u00e1rea de Hist\u00f3ria das Mentalidades junto ao Instituto de Estudos Avan\u00e7ados da Universidade de S\u00e3o Paulo em 2003, com pesquisa dedicada ao imagin\u00e1rio em Dom Quixote das Crian\u00e7as, de Monteiro Lobato.<\/p>\n<p>Na Faculdade Teol\u00f3gica Sul Americana (FTSA) em Londrina\/PR, ela criou e coordenou um curso de teologia a dist\u00e2ncia. Tamb\u00e9m tirou o seu bacharel em teologia naquela institui\u00e7\u00e3o.<\/p>\n<p>Al\u00e9m de ter sido docente, coordenadora e pesquisadora da Universidade Presbiteriana Mackenzie, al\u00e9m de diretora Acad\u00eamica do Semin\u00e1rio Servo de Cristo em S\u00e3o Paulo, ela \u00e9 autora de <em>Antropologia Filos\u00f3fica de C.S. Lewis<\/em> (Editora Mackenzie), sua tese, que recebeu uma vers\u00e3o simplificada em <em>A Pedagogia Crist\u00e3 na Obra de C.S. Lewis <\/em>(Editora Vida). \u00c9 autora ainda de <em>O Senhor dos An\u00e9is: da imagina\u00e7\u00e3o \u00e0 \u00e9tica<\/em> (Editora Ultimato), de <em>A Magia das Cr\u00f4nicas de N\u00e1rnia I<\/em> (GW Editora) e de diversos artigos, tradu\u00e7\u00f5es &#8211; como de <em>Deus em Quest\u00e3o<\/em> (Ed. Ultimato), que vem tendo grande impacto, entre outros livros e artigos &#8211;  tematizando as rela\u00e7\u00f5es entre a literatura, a imagina\u00e7\u00e3o, o sagrado e a educa\u00e7\u00e3o. Tamb\u00e9m organizou a colet\u00e2nea <em>O Evangelho de N\u00e1rnia<\/em> (Editora Vida Nova) e viajou o Brasil todo palestrando e dando v\u00e1rias dezenas de cursos sobre a import\u00e2ncia do imagin\u00e1rio, principalmente da literatura, na educa\u00e7\u00e3o.<\/p>\n<p>Escreveu ainda livros de contos imaginativos, como <em>No Guarda-Roupa M\u00e1gico: contos inspirados em N\u00e1rnia<\/em> (Editora Descoberta) entre outros livros de contos. Ela tamb\u00e9m os oferece cursos totalmente online pelo seu site que tamb\u00e9m traz os temas sobre os quais ela j\u00e1 conferiu palestras e muitos artigos relacionados.<\/p>\n<p>Desde cedo, interessou-se pela imagina\u00e7\u00e3o e o l\u00fadico como \u201cpontes significativas\u201d para a compreens\u00e3o e aprendizado de assuntos complexos como a \u00e9tica, a metaf\u00edsica e a teologia. N\u00e3o se inspirou somente no fil\u00f3sofo e te\u00f3logo brit\u00e2nico C.S. Lewis, que deu base a todo o seu percurso intelectual e espiritual, mas tamb\u00e9m em autores que muito o influenciaram como Gilbert Keith Chesterton; George MacDonald; Rudolf Otto, seu amigo e tamb\u00e9m autor de fic\u00e7\u00e3o, J.R.R. Tolkien. Ela tamb\u00e9m traduziu e se afei\u00e7oou ao fil\u00f3sofo e te\u00f3logo alem\u00e3o Josef Pieper, falecido em 1997, que traduziu <em>O Problema do Sofrimento<\/em> para o alem\u00e3o e \u00e9 membro honor\u00e1rio da Inklingsgesellschaft, dedicada ao clube de amigos de Lewis e Tolkien.<\/p>\n<p>Gabriele foi membro benem\u00e9rito do Instituto Malba Tahan, com sede em Queluz (SP) e ganhadora do Pr\u00eamio de Ouro em \u201cIncentivo \u00e0 leitura, literatura al\u00e9m fronteiras\u201d, da C\u00e2mara Municipal de S\u00e3o Paulo em parceria com a Ong Literatura para Crian\u00e7as.<\/p>\n<p>Atualmente \u00e9 pesquisadora de produtividade em n\u00edvel p\u00f3s-doutoral do Instituto Nacional de Pesquisas em Cat\u00e1lise da Universidade Federal de Santa Catarina (http:\/\/www.inct-catalise.ufsc.br), onde atua como coordenadora de comunica\u00e7\u00e3o e divulga\u00e7\u00e3o cient\u00edfica.<\/p>\n<p><img loading=\"lazy\" decoding=\"async\" class=\"alignnone size-full wp-image-30\" title=\"35px-wikipedia-logo\" src=\"http:\/\/ultimato.com.br\/sites\/cslewis\/files\/2010\/01\/35px-wikipedia-logo.png\" alt=\"\" width=\"16\" height=\"16\" \/><strong> <a href=\"http:\/\/pt.wikipedia.org\/wiki\/Gabriele_Greggersen\" target=\"_blank\">Acesse a Wikipedia para saber mais sobre a Gabriele<\/a><\/strong><\/p>\n","protected":false},"excerpt":{"rendered":"<p>Gabriele Greggersen \u00e9 graduada em Pedagogia, mestre e doutora em Hist\u00f3ria e Filosofia da Educa\u00e7\u00e3o pela Faculdade de Educa\u00e7\u00e3o da Universidade de S\u00e3o Paulo, sob orienta\u00e7\u00e3o do Dr. Luiz Jean Lauand. Concluiu seu p\u00f3s-doutoramento na \u00e1rea de Hist\u00f3ria das Mentalidades junto ao Instituto de Estudos Avan\u00e7ados da Universidade de S\u00e3o Paulo em 2003, com pesquisa [&hellip;]<\/p>\n","protected":false},"author":21,"featured_media":0,"parent":0,"menu_order":0,"comment_status":"open","ping_status":"open","template":"","meta":{"ngg_post_thumbnail":0,"footnotes":""},"class_list":["post-27","page","type-page","status-publish","hentry"],"_links":{"self":[{"href":"https:\/\/ultimato.com.br\/sites\/cslewis\/wp-json\/wp\/v2\/pages\/27","targetHints":{"allow":["GET"]}}],"collection":[{"href":"https:\/\/ultimato.com.br\/sites\/cslewis\/wp-json\/wp\/v2\/pages"}],"about":[{"href":"https:\/\/ultimato.com.br\/sites\/cslewis\/wp-json\/wp\/v2\/types\/page"}],"author":[{"embeddable":true,"href":"https:\/\/ultimato.com.br\/sites\/cslewis\/wp-json\/wp\/v2\/users\/21"}],"replies":[{"embeddable":true,"href":"https:\/\/ultimato.com.br\/sites\/cslewis\/wp-json\/wp\/v2\/comments?post=27"}],"version-history":[{"count":0,"href":"https:\/\/ultimato.com.br\/sites\/cslewis\/wp-json\/wp\/v2\/pages\/27\/revisions"}],"wp:attachment":[{"href":"https:\/\/ultimato.com.br\/sites\/cslewis\/wp-json\/wp\/v2\/media?parent=27"}],"curies":[{"name":"wp","href":"https:\/\/api.w.org\/{rel}","templated":true}]}}