{"id":168,"date":"2010-03-01T02:31:15","date_gmt":"2010-03-01T02:31:15","guid":{"rendered":"http:\/\/www.cslewis.com.br\/?page_id=168"},"modified":"2010-03-01T02:31:15","modified_gmt":"2010-03-01T02:31:15","slug":"sites-indicados","status":"publish","type":"page","link":"https:\/\/ultimato.com.br\/sites\/cslewis\/sites-indicados\/","title":{"rendered":"Sites indicados"},"content":{"rendered":"<p><strong>SITES AMIGOS<\/strong><\/p>\n<p><a href=\"http:\/\/www.ftsa.edu.br\/\">Faculdade Teol\u00f3gica Sul Americana<\/a><\/p>\n<p><a href=\"http:\/\/www.servodecristo.org.br\/\">Semin\u00e1rio Teol\u00f3gico Servo de Cristo<\/a><\/p>\n<p><a href=\"http:\/\/www.ultimato.com.br\">Editora Ultimato<\/a><\/p>\n<p><a title=\"Portal da Editora Mandruv\u00e1\" href=\"http:\/\/www.hottopos.com\" target=\"_blank\">Portal da Editora Mandruv\u00e1<\/a><\/p>\n<p><a href=\"http:\/\/descubranarnia.org\/\">Descubra N\u00e1rnia<\/a><\/p>\n<p><a href=\"http:\/\/www.martinsfontespaulista.com.br\"><img loading=\"lazy\" decoding=\"async\" src=\"http:\/\/www.wmfeditora.com.br\/images\/logo_blogs.gif\" alt=\"\" width=\"253\" height=\"77\" border=\"0\"><\/a><\/p>\n","protected":false},"excerpt":{"rendered":"<p>SITES AMIGOS Faculdade Teol\u00f3gica Sul Americana Semin\u00e1rio Teol\u00f3gico Servo de Cristo Editora Ultimato Portal da Editora Mandruv\u00e1 Descubra N\u00e1rnia<\/p>\n","protected":false},"author":21,"featured_media":0,"parent":0,"menu_order":0,"comment_status":"open","ping_status":"open","template":"","meta":{"ngg_post_thumbnail":0,"footnotes":""},"class_list":["post-168","page","type-page","status-publish","hentry"],"_links":{"self":[{"href":"https:\/\/ultimato.com.br\/sites\/cslewis\/wp-json\/wp\/v2\/pages\/168","targetHints":{"allow":["GET"]}}],"collection":[{"href":"https:\/\/ultimato.com.br\/sites\/cslewis\/wp-json\/wp\/v2\/pages"}],"about":[{"href":"https:\/\/ultimato.com.br\/sites\/cslewis\/wp-json\/wp\/v2\/types\/page"}],"author":[{"embeddable":true,"href":"https:\/\/ultimato.com.br\/sites\/cslewis\/wp-json\/wp\/v2\/users\/21"}],"replies":[{"embeddable":true,"href":"https:\/\/ultimato.com.br\/sites\/cslewis\/wp-json\/wp\/v2\/comments?post=168"}],"version-history":[{"count":0,"href":"https:\/\/ultimato.com.br\/sites\/cslewis\/wp-json\/wp\/v2\/pages\/168\/revisions"}],"wp:attachment":[{"href":"https:\/\/ultimato.com.br\/sites\/cslewis\/wp-json\/wp\/v2\/media?parent=168"}],"curies":[{"name":"wp","href":"https:\/\/api.w.org\/{rel}","templated":true}]}}