{"id":9,"date":"2012-11-30T13:49:54","date_gmt":"2012-11-30T13:49:54","guid":{"rendered":"http:\/\/ultimato.com.br\/sites\/cs-lewis\/?page_id=9"},"modified":"2012-12-04T01:44:44","modified_gmt":"2012-12-04T01:44:44","slug":"o-que-disseram","status":"publish","type":"page","link":"https:\/\/ultimato.com.br\/sites\/cs-lewis\/o-que-disseram\/","title":{"rendered":"O que disseram"},"content":{"rendered":"<blockquote><p>Quem \u00e9 f\u00e3 de momentos de reflex\u00e3o di\u00e1rios encontra Um Ano com C. S. Lewis, 365 pensamentos que v\u00e3o da natureza do amor a vis\u00f5es sobre a guerra. Selecionados de cl\u00e1ssicos do autor, como Cartas do diabo a seu aprendiz e Cristianismo puro e simples, Lewis reflete sobre a exist\u00eancia dos milagres e a descoberta da F\u00e9. Al\u00e9m dos pensamentos, h\u00e1 pequenos coment\u00e1rios sobre a vida do autor, que contextualizam a elabora\u00e7\u00e3o de sua obra.<\/p><\/blockquote>\n<p>Jornal do Brasil<\/p>\n<blockquote><p>O leitor que l\u00ea pela primeira vez um escrito de C.S. Lewis tem a agrad\u00e1vel surpresa de descobrir a criatividade de um homem que tinha o dom extraordin\u00e1rio para tratar temas crist\u00e3os profundos com simplicidade e perspic\u00e1cia. E n\u00e3o consegue deixar de perguntar: \u2018Por que eu n\u00e3o pensei nisso antes?\u2019\u201d<\/p><\/blockquote>\n<p>Russell Shedd<\/p>\n","protected":false},"excerpt":{"rendered":"<p>Quem \u00e9 f\u00e3 de momentos de reflex\u00e3o di\u00e1rios encontra Um Ano com C. S. Lewis, 365 pensamentos que v\u00e3o da natureza do amor a vis\u00f5es sobre a guerra. Selecionados de cl\u00e1ssicos do autor, como Cartas do diabo a seu aprendiz e Cristianismo puro e simples, Lewis reflete sobre a exist\u00eancia dos milagres e a descoberta [&hellip;]<\/p>\n","protected":false},"author":24,"featured_media":0,"parent":0,"menu_order":3,"comment_status":"open","ping_status":"open","template":"","meta":{"footnotes":""},"class_list":["post-9","page","type-page","status-publish","hentry"],"_links":{"self":[{"href":"https:\/\/ultimato.com.br\/sites\/cs-lewis\/wp-json\/wp\/v2\/pages\/9","targetHints":{"allow":["GET"]}}],"collection":[{"href":"https:\/\/ultimato.com.br\/sites\/cs-lewis\/wp-json\/wp\/v2\/pages"}],"about":[{"href":"https:\/\/ultimato.com.br\/sites\/cs-lewis\/wp-json\/wp\/v2\/types\/page"}],"author":[{"embeddable":true,"href":"https:\/\/ultimato.com.br\/sites\/cs-lewis\/wp-json\/wp\/v2\/users\/24"}],"replies":[{"embeddable":true,"href":"https:\/\/ultimato.com.br\/sites\/cs-lewis\/wp-json\/wp\/v2\/comments?post=9"}],"version-history":[{"count":3,"href":"https:\/\/ultimato.com.br\/sites\/cs-lewis\/wp-json\/wp\/v2\/pages\/9\/revisions"}],"predecessor-version":[{"id":28,"href":"https:\/\/ultimato.com.br\/sites\/cs-lewis\/wp-json\/wp\/v2\/pages\/9\/revisions\/28"}],"wp:attachment":[{"href":"https:\/\/ultimato.com.br\/sites\/cs-lewis\/wp-json\/wp\/v2\/media?parent=9"}],"curies":[{"name":"wp","href":"https:\/\/api.w.org\/{rel}","templated":true}]}}