{"id":7,"date":"2012-11-30T13:49:32","date_gmt":"2012-11-30T13:49:32","guid":{"rendered":"http:\/\/ultimato.com.br\/sites\/cs-lewis\/?page_id=7"},"modified":"2012-12-04T09:37:25","modified_gmt":"2012-12-04T09:37:25","slug":"o-autor","status":"publish","type":"page","link":"https:\/\/ultimato.com.br\/sites\/cs-lewis\/o-autor\/","title":{"rendered":"O Autor"},"content":{"rendered":"<p><a href=\"http:\/\/ultimato.com.br\/sites\/cs-lewis\/files\/2012\/11\/foto_hs_lewis.jpg\"><img loading=\"lazy\" decoding=\"async\" class=\"alignright  wp-image-52\" title=\"foto_hs_lewis\" src=\"http:\/\/ultimato.com.br\/sites\/cs-lewis\/files\/2012\/11\/foto_hs_lewis-276x300.jpg\" alt=\"\" width=\"230\" height=\"250\" srcset=\"https:\/\/ultimato.com.br\/sites\/cs-lewis\/files\/2012\/11\/foto_hs_lewis-276x300.jpg 276w, https:\/\/ultimato.com.br\/sites\/cs-lewis\/files\/2012\/11\/foto_hs_lewis.jpg 442w\" sizes=\"auto, (max-width: 230px) 100vw, 230px\" \/><\/a>C.S. Lewis (1898-1963) foi um dos gigantes intelectuais do s\u00e9culo vinte e, quem sabe, o mais influente escritor crist\u00e3o de sua \u00e9poca. Foi professor de literatura inglesa da Universidade de Oxford at\u00e9 1954, quando foi eleito, por unanimidade, para ocupar a cadeira de Ingl\u00eas Medieval e Renascentista da Universidade de Cambridge, cargo que ocupou at\u00e9 se aposentar. Suas valiosas contribui\u00e7\u00f5es nos campos da cr\u00edtica liter\u00e1ria, literatura infantil, literatura fant\u00e1stica e teologia popular lhe tornaram aclamado e reconhecido no mundo inteiro. Escreveu mais de trinta livros, que continuam a atrair milhares de novos leitores todos os anos. Entre as suas obras mais conhecidas e apreciadas est\u00e3o a s\u00e9rie <em>As Cr\u00f4nicas de N\u00e1rnia<\/em>, <em>Os Quatro Amores<\/em>, <em>Cartas do Diabo a seu Aprendiz<\/em>, <em>Cristianismo Puro e Simples<\/em> e a trilogia de fic\u00e7\u00e3o cient\u00edfica.<\/p>\n","protected":false},"excerpt":{"rendered":"<p>C.S. Lewis (1898-1963) foi um dos gigantes intelectuais do s\u00e9culo vinte e, quem sabe, o mais influente escritor crist\u00e3o de sua \u00e9poca. Foi professor de literatura inglesa da Universidade de Oxford at\u00e9 1954, quando foi eleito, por unanimidade, para ocupar a cadeira de Ingl\u00eas Medieval e Renascentista da Universidade de Cambridge, cargo que ocupou at\u00e9 [&hellip;]<\/p>\n","protected":false},"author":24,"featured_media":0,"parent":0,"menu_order":2,"comment_status":"open","ping_status":"open","template":"","meta":{"footnotes":""},"class_list":["post-7","page","type-page","status-publish","hentry"],"_links":{"self":[{"href":"https:\/\/ultimato.com.br\/sites\/cs-lewis\/wp-json\/wp\/v2\/pages\/7","targetHints":{"allow":["GET"]}}],"collection":[{"href":"https:\/\/ultimato.com.br\/sites\/cs-lewis\/wp-json\/wp\/v2\/pages"}],"about":[{"href":"https:\/\/ultimato.com.br\/sites\/cs-lewis\/wp-json\/wp\/v2\/types\/page"}],"author":[{"embeddable":true,"href":"https:\/\/ultimato.com.br\/sites\/cs-lewis\/wp-json\/wp\/v2\/users\/24"}],"replies":[{"embeddable":true,"href":"https:\/\/ultimato.com.br\/sites\/cs-lewis\/wp-json\/wp\/v2\/comments?post=7"}],"version-history":[{"count":4,"href":"https:\/\/ultimato.com.br\/sites\/cs-lewis\/wp-json\/wp\/v2\/pages\/7\/revisions"}],"predecessor-version":[{"id":53,"href":"https:\/\/ultimato.com.br\/sites\/cs-lewis\/wp-json\/wp\/v2\/pages\/7\/revisions\/53"}],"wp:attachment":[{"href":"https:\/\/ultimato.com.br\/sites\/cs-lewis\/wp-json\/wp\/v2\/media?parent=7"}],"curies":[{"name":"wp","href":"https:\/\/api.w.org\/{rel}","templated":true}]}}