{"id":5,"date":"2012-11-30T13:47:41","date_gmt":"2012-11-30T13:47:41","guid":{"rendered":"http:\/\/ultimato.com.br\/sites\/cs-lewis\/?page_id=5"},"modified":"2012-12-19T11:13:13","modified_gmt":"2012-12-19T11:13:13","slug":"o-livro","status":"publish","type":"page","link":"https:\/\/ultimato.com.br\/sites\/cs-lewis\/","title":{"rendered":"O Livro"},"content":{"rendered":"<p><iframe loading=\"lazy\" src=\"http:\/\/www.youtube.com\/embed\/IxPIighxF3w\" frameborder=\"0\" width=\"640\" height=\"480\"><\/iframe><\/p>\n<p>&nbsp;<\/p>\n<p>C. S. Lewis \u00e9 nosso guia confi\u00e1vel nesta preciosa colet\u00e2nea de leituras di\u00e1rias para 2013.<\/p>\n<p>Para celebrar o legado e os 50 anos da morte daquele que \u00e9 um dos maiores pensadores crist\u00e3os do \u00faltimo s\u00e9culo, <strong>Ultimato<\/strong> faz o relan\u00e7amento do seu<strong>Um Ano com C. S. Lewis \u2013 <\/strong><strong>leituras di\u00e1rias de suas obras cl\u00e1ssicas<\/strong>, cuidadosamente selecionadas de\u00a0<em>Cristianismo Puro e Simples<\/em>,\u00a0<em>Cartas de Um Diabo a seu Aprendiz<\/em>,\u00a0<em>O Grande Abismo<\/em>,\u00a0<em>O Problema do Sofrimento<\/em>\u00a0e\u00a0<em>Milagres<\/em>, entre outros.<\/p>\n<p>A cada dia percorremos um caminho de descobertas, em um verdadeiro di\u00e1logo sobre temas como a beleza e os desafios da f\u00e9 crist\u00e3, a natureza do amor, o sofrimento, os milagres, a morte, entre outros. A companhia perfeita e uma oportunidade maravilhosa de reflex\u00e3o e encorajamento para a vida di\u00e1ria.<\/p>\n<p>Al\u00e9m da peculiar sabedoria e profundidade do autor, o leitor tamb\u00e9m vai encontrar pequenos coment\u00e1rios sobre a vida de C. S. Lewis, que mostram o contexto em que foram escritas as suas obras.<\/p>\n<p>&nbsp;<\/p>\n","protected":false},"excerpt":{"rendered":"<p>&nbsp; C. S. Lewis \u00e9 nosso guia confi\u00e1vel nesta preciosa colet\u00e2nea de leituras di\u00e1rias para 2013. Para celebrar o legado e os 50 anos da morte daquele que \u00e9 um dos maiores pensadores crist\u00e3os do \u00faltimo s\u00e9culo, Ultimato faz o relan\u00e7amento do seuUm Ano com C. S. Lewis \u2013 leituras di\u00e1rias de suas obras cl\u00e1ssicas, [&hellip;]<\/p>\n","protected":false},"author":24,"featured_media":0,"parent":0,"menu_order":1,"comment_status":"open","ping_status":"open","template":"","meta":{"footnotes":""},"class_list":["post-5","page","type-page","status-publish","hentry"],"_links":{"self":[{"href":"https:\/\/ultimato.com.br\/sites\/cs-lewis\/wp-json\/wp\/v2\/pages\/5","targetHints":{"allow":["GET"]}}],"collection":[{"href":"https:\/\/ultimato.com.br\/sites\/cs-lewis\/wp-json\/wp\/v2\/pages"}],"about":[{"href":"https:\/\/ultimato.com.br\/sites\/cs-lewis\/wp-json\/wp\/v2\/types\/page"}],"author":[{"embeddable":true,"href":"https:\/\/ultimato.com.br\/sites\/cs-lewis\/wp-json\/wp\/v2\/users\/24"}],"replies":[{"embeddable":true,"href":"https:\/\/ultimato.com.br\/sites\/cs-lewis\/wp-json\/wp\/v2\/comments?post=5"}],"version-history":[{"count":8,"href":"https:\/\/ultimato.com.br\/sites\/cs-lewis\/wp-json\/wp\/v2\/pages\/5\/revisions"}],"predecessor-version":[{"id":71,"href":"https:\/\/ultimato.com.br\/sites\/cs-lewis\/wp-json\/wp\/v2\/pages\/5\/revisions\/71"}],"wp:attachment":[{"href":"https:\/\/ultimato.com.br\/sites\/cs-lewis\/wp-json\/wp\/v2\/media?parent=5"}],"curies":[{"name":"wp","href":"https:\/\/api.w.org\/{rel}","templated":true}]}}