{"id":32,"date":"2012-12-04T01:52:30","date_gmt":"2012-12-04T01:52:30","guid":{"rendered":"http:\/\/ultimato.com.br\/sites\/cs-lewis\/?page_id=32"},"modified":"2012-12-04T01:52:30","modified_gmt":"2012-12-04T01:52:30","slug":"linha-do-tempo","status":"publish","type":"page","link":"https:\/\/ultimato.com.br\/sites\/cs-lewis\/linha-do-tempo\/","title":{"rendered":"Linha do Tempo"},"content":{"rendered":"<p>1898 \u00a0\u00a0\u00a0 Nasce em Belfast, Irlanda.<\/p>\n<p>1905 \u00a0\u00a0\u00a0 Muda-se para Little Lea, Inglaterra.<\/p>\n<p>1908 \u00a0\u00a0\u00a0 Morre Flora Lewis, sua m\u00e3e. Ingressa no WynyardSchool.<\/p>\n<p>1910 \u00a0\u00a0\u00a0 Retorna \u00e0 Irlanda e matricula-se no Campbell Coilege, Belfast.<\/p>\n<p>1911 \u00a0\u00a0\u00a0 Volta para a Inglaterra e vai para Cherbourg School House em Malvern.<\/p>\n<p>1913 \u00a0\u00a0\u00a0 Estuda no Malvern College.<\/p>\n<p>1914 \u00a0\u00a0\u00a0 Tem aulas particulares com William T. R. Kirk Patrick.<\/p>\n<p>1916 \u00a0\u00a0\u00a0 L\u00ea <em>Phantastes<\/em> de George Mac Donald. Ingressa na Universidade de Oxford.<\/p>\n<p>1917 \u00a0\u00a0\u00a0 Alista-se no ex\u00e9rcito para lutar na Primeira Guerra Mundial e se encontra com o amigo de guerra, Paddy Moore e sua m\u00e3e, Mrs. Janie Moore.<\/p>\n<p>1918 \u00a0\u00a0\u00a0 \u00c9 ferido e hospitalizado na Fran\u00e7a. Paddy \u00e9 anunciado morto.<\/p>\n<p>1919 \u00a0\u00a0\u00a0 Publica\u00e7\u00e3o de <em>Spirits in Bondage<\/em>[Esp\u00edritos cativos], com o pseud\u00f4nimo de Clive Hamilton.<\/p>\n<p>1925 \u00a0\u00a0\u00a0 Admiss\u00e3o no MagdaleneCollege. Primeiro encontro com J. R. R. Tolkien.<\/p>\n<p>1926 \u00a0\u00a0\u00a0 Publica\u00e7\u00e3o de <em>Dymer<\/em>, com o pseud\u00f4nimo Clive Hamilton.<\/p>\n<p>1929 \u00a0\u00a0\u00a0 Morre seu pai, acometido de c\u00e2ncer. In\u00edcio do processo de convers\u00e3o de Lewis.<\/p>\n<p>1933 \u00a0\u00a0\u00a0 Publica\u00e7\u00e3o de <em>Pilgrim\u2018sRegress<\/em>[O regresso do peregrino].<\/p>\n<p>1936 \u00a0\u00a0\u00a0 Publica\u00e7\u00e3o de <em>The Allegoryof Love <\/em>[A alegoria do amor].<\/p>\n<p>1938 \u00a0\u00a0\u00a0 Publica\u00e7\u00e3o da primeira obra de sua trilogia espacial <em>Para al\u00e9m do planeta silencioso<\/em><em>.<\/em><\/p>\n<p>1939 \u00a0\u00a0\u00a0 Lewis e Tolkien associam-se aos <em>Inklings<\/em>.<\/p>\n<p>1940 \u00a0\u00a0\u00a0 Publica\u00e7\u00e3o de <em>O problema do sofrimento<\/em><em>.<\/em><\/p>\n<p>1941 \u00a0\u00a0\u00a0 Primeiro discurso para a RAF e BBC de Londres. Encontros no Socratic Club em Oxford.<\/p>\n<p>1942 \u00a0\u00a0\u00a0 V\u00e1rias publica\u00e7\u00f5es, entre elas, <em>Cartas de um diabo a seu aprendiz<\/em>.<\/p>\n<p>1943 \u00a0\u00a0\u00a0 Publica\u00e7\u00e3o de <em>A aboli\u00e7\u00e3o do homem<\/em>, <em>Christian Behaviour<\/em>[Comportamento crist\u00e3o] e <em>Perelandra<\/em>.<\/p>\n<p>1945 \u00a0\u00a0\u00a0 Publica\u00e7\u00e3o de<em> O grande abismo<\/em> e <em>Aquela for\u00e7a medonha<\/em>.<\/p>\n<p>1947 \u00a0\u00a0\u00a0 Publica\u00e7\u00e3o de <em>Milagres<\/em><em>.<\/em><\/p>\n<p>1950 \u00a0\u00a0\u00a0 Publica\u00e7\u00e3o de <em>O le\u00e3o, a feiticeira e o guarda-roupa<\/em>.<\/p>\n<p>1951 \u00a0\u00a0\u00a0 Morte de Mrs. Moore, m\u00e3e do amigo falecido na guerra, Paddy, de quem Lewis cuidou a vida toda. Publica\u00e7\u00e3o de <em>O pr\u00edncipe Caspian.<\/em> Os irm\u00e3os Lewis mudam para os Kilns, casa em que morou a maior parte de sua vida, hoje centro de estudos em Oxford.<\/p>\n<p>1952 \u00a0\u00a0\u00a0 Publica\u00e7\u00e3o de <em>Cristianismo puro e simples<\/em> e <em>A viagem do peregrino da alvorada<\/em><em>.<\/em> Joy Gresham passa o Natal com os irm\u00e3os Lewis.<\/p>\n<p>1953 \u00a0\u00a0\u00a0 Publica\u00e7\u00e3o de <em>A cadeira de prata<\/em><em>.<\/em> Joy divorcia-se e se muda para a Inglaterra com os filhos David e Douglas.<\/p>\n<p>1954 \u00a0\u00a0\u00a0 Publica\u00e7\u00e3o de <em>O cavalo e seu menino<\/em> e <em>EnglishLiterature in theSixteenthCentury, Excluding Drama<\/em> [Literatura inglesa do s\u00e9culo XVI, excluindo-se o teatro].<\/p>\n<p>1955 \u00a0\u00a0\u00a0 Aceita a cadeira de professor no Magdalene College. Publica <em>O sobrinho do mago<\/em> e <em>Surpreendido pela alegria.<\/em><\/p>\n<p>1956 \u00a0\u00a0\u00a0 Casamento civil com Joy no dia 23 de abril. Publica\u00e7\u00e3o de <em>A \u00faltima batalha<\/em> e <em>Till we Have Faces <\/em>[At\u00e9 que tenhamos rostos]. Joy descobre que est\u00e1 com c\u00e2ncer.<\/p>\n<p>1957 \u00a0\u00a0\u00a0 Casamento religioso de Joy e Lewis.<\/p>\n<p>1958 \u00a0\u00a0\u00a0 Lua de mel em Wales, Irlanda. Publica\u00e7\u00e3o de <em>Reflections on Psalms <\/em>[Reflex\u00f5es em Salmos], <em>Os quatro amores<\/em>e <em>Studies in Words <\/em>[Estudos de palavras] entre outros.<\/p>\n<p>1959 \u00a0\u00a0\u00a0 O c\u00e2ncer de Joy volta e espalha-se rapidamente.<\/p>\n<p>1960 \u00a0\u00a0\u00a0 Viagem para a Gr\u00e9cia. Joy morre de c\u00e2ncer.<\/p>\n<p>1961 \u00a0\u00a0\u00a0 Publica\u00e7\u00e3o de <em>A anatomia de uma dor <\/em>e <em>AnExperiment in Criticism<\/em>[Uma experi\u00eancia na cr\u00edtica].<\/p>\n<p>1962 \u00a0\u00a0\u00a0 Publica\u00e7\u00e3o de <em>TheyAsked me for a Paper<\/em>[Eles me pediram um documento].<\/p>\n<p>1963 \u00a0\u00a0\u00a0 Morre aos 22 de novembro, no mesmo dia que Aldous Huxley e o presidente Kennedy falecem.<\/p>\n<p>1964 \u00a0\u00a0\u00a0 Publica\u00e7\u00e3o p\u00f3stuma de <em>Lettersto Malcolm: chieflyonprayer<\/em>[Cartas para Malcom: principalmente sobre ora\u00e7\u00e3o].<\/p>\n","protected":false},"excerpt":{"rendered":"<p>1898 \u00a0\u00a0\u00a0 Nasce em Belfast, Irlanda. 1905 \u00a0\u00a0\u00a0 Muda-se para Little Lea, Inglaterra. 1908 \u00a0\u00a0\u00a0 Morre Flora Lewis, sua m\u00e3e. Ingressa no WynyardSchool. 1910 \u00a0\u00a0\u00a0 Retorna \u00e0 Irlanda e matricula-se no Campbell Coilege, Belfast. 1911 \u00a0\u00a0\u00a0 Volta para a Inglaterra e vai para Cherbourg School House em Malvern. 1913 \u00a0\u00a0\u00a0 Estuda no Malvern College. 1914 [&hellip;]<\/p>\n","protected":false},"author":24,"featured_media":0,"parent":0,"menu_order":3,"comment_status":"open","ping_status":"open","template":"","meta":{"footnotes":""},"class_list":["post-32","page","type-page","status-publish","hentry"],"_links":{"self":[{"href":"https:\/\/ultimato.com.br\/sites\/cs-lewis\/wp-json\/wp\/v2\/pages\/32","targetHints":{"allow":["GET"]}}],"collection":[{"href":"https:\/\/ultimato.com.br\/sites\/cs-lewis\/wp-json\/wp\/v2\/pages"}],"about":[{"href":"https:\/\/ultimato.com.br\/sites\/cs-lewis\/wp-json\/wp\/v2\/types\/page"}],"author":[{"embeddable":true,"href":"https:\/\/ultimato.com.br\/sites\/cs-lewis\/wp-json\/wp\/v2\/users\/24"}],"replies":[{"embeddable":true,"href":"https:\/\/ultimato.com.br\/sites\/cs-lewis\/wp-json\/wp\/v2\/comments?post=32"}],"version-history":[{"count":1,"href":"https:\/\/ultimato.com.br\/sites\/cs-lewis\/wp-json\/wp\/v2\/pages\/32\/revisions"}],"predecessor-version":[{"id":33,"href":"https:\/\/ultimato.com.br\/sites\/cs-lewis\/wp-json\/wp\/v2\/pages\/32\/revisions\/33"}],"wp:attachment":[{"href":"https:\/\/ultimato.com.br\/sites\/cs-lewis\/wp-json\/wp\/v2\/media?parent=32"}],"curies":[{"name":"wp","href":"https:\/\/api.w.org\/{rel}","templated":true}]}}