{"id":9,"date":"2017-03-01T10:01:20","date_gmt":"2017-03-01T13:01:20","guid":{"rendered":"http:\/\/ultimato.com.br\/sites\/cristianismo-equilibrado\/?page_id=9"},"modified":"2017-03-01T10:01:20","modified_gmt":"2017-03-01T13:01:20","slug":"o-autor","status":"publish","type":"page","link":"https:\/\/ultimato.com.br\/sites\/cristianismo-equilibrado\/o-autor\/","title":{"rendered":"O Autor"},"content":{"rendered":"<p><img loading=\"lazy\" decoding=\"async\" class=\"alignleft size-thumbnail wp-image-17\" src=\"http:\/\/ultimato.com.br\/sites\/cristianismo-equilibrado\/files\/2017\/03\/autor_dlc-150x150.jpg\" alt=\"\" width=\"150\" height=\"150\" \/>Conhecido no mundo inteiro como te\u00f3logo, escritor e evangelista, John Stott \u00e9 autor de mais de quarenta livros, incluindo <em>A Miss\u00e3o Crist\u00e3 no Mundo Moderno<\/em>, <em>A B\u00edblia Toda, o Ano Todo<\/em>, <em>Por Que Sou Crist\u00e3o<\/em>, <em>Cristianismo B\u00e1sico<\/em>, <em>Os Crist\u00e3os e os Desafios Contempor\u00e2neos<\/em>, <em>Para Entender a B\u00edblia<\/em>, <em>As Controv\u00e9rsias de Jesus<\/em>, <em>Como Ser Crist\u00e3o<\/em> e o campe\u00e3o de vendas <em>O Disc\u00edpulo Radical<\/em>. Stott foi pastor em\u00e9rito da All Souls Church, em Londres, e fundador do London Institute for Contemporary Christianity. Foi indicado pela revista <em>Time<\/em> como uma das cem personalidades mais influentes do mundo.<\/p>\n","protected":false},"excerpt":{"rendered":"<p>Conhecido no mundo inteiro como te\u00f3logo, escritor e evangelista, John Stott \u00e9 autor de mais de quarenta livros, incluindo A Miss\u00e3o Crist\u00e3 no Mundo Moderno, A B\u00edblia Toda, o Ano Todo, Por Que Sou Crist\u00e3o, Cristianismo B\u00e1sico, Os Crist\u00e3os e os Desafios Contempor\u00e2neos, Para Entender a B\u00edblia, As Controv\u00e9rsias de Jesus, Como Ser Crist\u00e3o e [&hellip;]<\/p>\n","protected":false},"author":24,"featured_media":0,"parent":0,"menu_order":3,"comment_status":"closed","ping_status":"closed","template":"","meta":{"footnotes":""},"class_list":["post-9","page","type-page","status-publish","hentry"],"_links":{"self":[{"href":"https:\/\/ultimato.com.br\/sites\/cristianismo-equilibrado\/wp-json\/wp\/v2\/pages\/9","targetHints":{"allow":["GET"]}}],"collection":[{"href":"https:\/\/ultimato.com.br\/sites\/cristianismo-equilibrado\/wp-json\/wp\/v2\/pages"}],"about":[{"href":"https:\/\/ultimato.com.br\/sites\/cristianismo-equilibrado\/wp-json\/wp\/v2\/types\/page"}],"author":[{"embeddable":true,"href":"https:\/\/ultimato.com.br\/sites\/cristianismo-equilibrado\/wp-json\/wp\/v2\/users\/24"}],"replies":[{"embeddable":true,"href":"https:\/\/ultimato.com.br\/sites\/cristianismo-equilibrado\/wp-json\/wp\/v2\/comments?post=9"}],"version-history":[{"count":1,"href":"https:\/\/ultimato.com.br\/sites\/cristianismo-equilibrado\/wp-json\/wp\/v2\/pages\/9\/revisions"}],"predecessor-version":[{"id":18,"href":"https:\/\/ultimato.com.br\/sites\/cristianismo-equilibrado\/wp-json\/wp\/v2\/pages\/9\/revisions\/18"}],"wp:attachment":[{"href":"https:\/\/ultimato.com.br\/sites\/cristianismo-equilibrado\/wp-json\/wp\/v2\/media?parent=9"}],"curies":[{"name":"wp","href":"https:\/\/api.w.org\/{rel}","templated":true}]}}