{"id":9,"date":"2014-02-26T03:44:54","date_gmt":"2014-02-26T03:44:54","guid":{"rendered":"http:\/\/ultimato.com.br\/sites\/cristaos-desafios-contemporaneos\/?page_id=9"},"modified":"2014-02-26T04:01:09","modified_gmt":"2014-02-26T04:01:09","slug":"o-que-disseram","status":"publish","type":"page","link":"https:\/\/ultimato.com.br\/sites\/cristaos-desafios-contemporaneos\/o-que-disseram\/","title":{"rendered":"O que disseram"},"content":{"rendered":"<blockquote><p>John Stott foi um defensor veemente da pr\u00e1tica que ele chamava de \u201couvir duas vezes\u201d: ouvir tanto a Palavra de Deus \u2013 para crer nela e submeter-nos \u00e0 autoridade de Deus por meio dela \u2013, como tamb\u00e9m o mundo que nos cerca \u2013 para entend\u00ea-lo. Mais do que oferecer \u201cas respostas certas\u201d, <b>Os Crist\u00e3os e os Desafios Contempor\u00e2neos<\/b> nos ajuda a entender as perguntas de forma correta para, em seguida, saber usar a B\u00edblia corretamente tamb\u00e9m.<\/p><\/blockquote>\n<p><i>\u2013 Christopher Wright\u200b, <\/i>diretor do International Ministries Langham Partnership e autor de <i>O Deus Que Eu N\u00e3o Entendo<\/i> (Ultimato, 2012) e <i>Povo, Terra e Deus<\/i> (ABU Editora, 1991).<i><\/i><\/p>\n<blockquote><p><i>\u00a0<\/i>Em todo o livro, est\u00e1 bem separado o momento em que se define a situa\u00e7\u00e3o e o momento de reflex\u00e3o e an\u00e1lise teol\u00f3gicas de John Stott. Apesar da possibilidade de a situa\u00e7\u00e3o ter mudado, a an\u00e1lise e a reflex\u00e3o n\u00e3o mudaram. E, a raz\u00e3o para essa quarta edi\u00e7\u00e3o \u00e9 que milhares de pessoas ainda se beneficiam da sabedoria e reflex\u00e3o de John sobre esses assuntos. Sua forma habilidosa de manusear as Escrituras e a aplica\u00e7\u00e3o que faz dela a muitos problemas contempor\u00e2neos ser\u00e3o procuradas por muitos anos \u00e0 frente.<\/p><\/blockquote>\n<p><i>\u2013 <\/i><i>Roy McCloughry, editor<\/i><\/p>\n","protected":false},"excerpt":{"rendered":"<p>John Stott foi um defensor veemente da pr\u00e1tica que ele chamava de \u201couvir duas vezes\u201d: ouvir tanto a Palavra de Deus \u2013 para crer nela e submeter-nos \u00e0 autoridade de Deus por meio dela \u2013, como tamb\u00e9m o mundo que nos cerca \u2013 para entend\u00ea-lo. Mais do que oferecer \u201cas respostas certas\u201d, Os Crist\u00e3os e [&hellip;]<\/p>\n","protected":false},"author":24,"featured_media":0,"parent":0,"menu_order":3,"comment_status":"open","ping_status":"open","template":"","meta":{"footnotes":""},"class_list":["post-9","page","type-page","status-publish","hentry"],"_links":{"self":[{"href":"https:\/\/ultimato.com.br\/sites\/cristaos-desafios-contemporaneos\/wp-json\/wp\/v2\/pages\/9","targetHints":{"allow":["GET"]}}],"collection":[{"href":"https:\/\/ultimato.com.br\/sites\/cristaos-desafios-contemporaneos\/wp-json\/wp\/v2\/pages"}],"about":[{"href":"https:\/\/ultimato.com.br\/sites\/cristaos-desafios-contemporaneos\/wp-json\/wp\/v2\/types\/page"}],"author":[{"embeddable":true,"href":"https:\/\/ultimato.com.br\/sites\/cristaos-desafios-contemporaneos\/wp-json\/wp\/v2\/users\/24"}],"replies":[{"embeddable":true,"href":"https:\/\/ultimato.com.br\/sites\/cristaos-desafios-contemporaneos\/wp-json\/wp\/v2\/comments?post=9"}],"version-history":[{"count":2,"href":"https:\/\/ultimato.com.br\/sites\/cristaos-desafios-contemporaneos\/wp-json\/wp\/v2\/pages\/9\/revisions"}],"predecessor-version":[{"id":26,"href":"https:\/\/ultimato.com.br\/sites\/cristaos-desafios-contemporaneos\/wp-json\/wp\/v2\/pages\/9\/revisions\/26"}],"wp:attachment":[{"href":"https:\/\/ultimato.com.br\/sites\/cristaos-desafios-contemporaneos\/wp-json\/wp\/v2\/media?parent=9"}],"curies":[{"name":"wp","href":"https:\/\/api.w.org\/{rel}","templated":true}]}}