{"id":15,"date":"2014-02-26T03:47:13","date_gmt":"2014-02-26T03:47:13","guid":{"rendered":"http:\/\/ultimato.com.br\/sites\/cristaos-desafios-contemporaneos\/?page_id=15"},"modified":"2014-03-05T14:26:51","modified_gmt":"2014-03-05T14:26:51","slug":"release","status":"publish","type":"page","link":"https:\/\/ultimato.com.br\/sites\/cristaos-desafios-contemporaneos\/extras\/release\/","title":{"rendered":"Release"},"content":{"rendered":"<p><strong>Colega jornalista,<\/strong><\/p>\n<p>Baixe <a href=\"http:\/\/ultimato.com.br\/sites\/cristaos-desafios-contemporaneos\/files\/2014\/02\/Release_Cristaos_Desafios_Stott_Fev_2014.pdf\">aqui<\/a>\u00a0e divulgue em seus canais de comunica\u00e7\u00e3o o release sobre &#8220;Os Crist\u00e3os e os Desafios Contempor\u00e2neos&#8221;.<\/p>\n","protected":false},"excerpt":{"rendered":"<p>Colega jornalista, Baixe aqui\u00a0e divulgue em seus canais de comunica\u00e7\u00e3o o release sobre &#8220;Os Crist\u00e3os e os Desafios Contempor\u00e2neos&#8221;.<\/p>\n","protected":false},"author":24,"featured_media":0,"parent":11,"menu_order":5,"comment_status":"open","ping_status":"open","template":"","meta":{"footnotes":""},"class_list":["post-15","page","type-page","status-publish","hentry"],"_links":{"self":[{"href":"https:\/\/ultimato.com.br\/sites\/cristaos-desafios-contemporaneos\/wp-json\/wp\/v2\/pages\/15","targetHints":{"allow":["GET"]}}],"collection":[{"href":"https:\/\/ultimato.com.br\/sites\/cristaos-desafios-contemporaneos\/wp-json\/wp\/v2\/pages"}],"about":[{"href":"https:\/\/ultimato.com.br\/sites\/cristaos-desafios-contemporaneos\/wp-json\/wp\/v2\/types\/page"}],"author":[{"embeddable":true,"href":"https:\/\/ultimato.com.br\/sites\/cristaos-desafios-contemporaneos\/wp-json\/wp\/v2\/users\/24"}],"replies":[{"embeddable":true,"href":"https:\/\/ultimato.com.br\/sites\/cristaos-desafios-contemporaneos\/wp-json\/wp\/v2\/comments?post=15"}],"version-history":[{"count":3,"href":"https:\/\/ultimato.com.br\/sites\/cristaos-desafios-contemporaneos\/wp-json\/wp\/v2\/pages\/15\/revisions"}],"predecessor-version":[{"id":51,"href":"https:\/\/ultimato.com.br\/sites\/cristaos-desafios-contemporaneos\/wp-json\/wp\/v2\/pages\/15\/revisions\/51"}],"up":[{"embeddable":true,"href":"https:\/\/ultimato.com.br\/sites\/cristaos-desafios-contemporaneos\/wp-json\/wp\/v2\/pages\/11"}],"wp:attachment":[{"href":"https:\/\/ultimato.com.br\/sites\/cristaos-desafios-contemporaneos\/wp-json\/wp\/v2\/media?parent=15"}],"curies":[{"name":"wp","href":"https:\/\/api.w.org\/{rel}","templated":true}]}}