{"id":9,"date":"2010-05-28T08:59:57","date_gmt":"2010-05-28T11:59:57","guid":{"rendered":"http:\/\/ultimato.com.br\/blogs\/crianca\/?page_id=9"},"modified":"2010-08-02T15:51:49","modified_gmt":"2010-08-02T18:51:49","slug":"extras","status":"publish","type":"page","link":"https:\/\/ultimato.com.br\/sites\/crianca\/extras\/","title":{"rendered":"Extras"},"content":{"rendered":"<p>\u2022 <a href=\"http:\/\/ultimato.com.br\/blogs\/crianca\/extras\/historia\/\" target=\"_blank\">Hist\u00f3ria<\/a><br \/>\n\u2022 <a href=\"http:\/\/ultimato.com.br\/blogs\/crianca\/extras\/por-que-ler\/\" target=\"_blank\">Por que ler<\/a><br \/>\n\u2022 <a href=\"http:\/\/ultimato.com.br\/blogs\/crianca\/extras\/o-que-disseram\/\" target=\"_blank\">O que disseram<br \/>\n<\/a>\u2022 <a href=\"http:\/\/ultimato.com.br\/blogs\/crianca\/extras\/lancamento-em-bh\/\" target=\"_self\">Lan\u00e7amento em BH<\/a><\/p>\n<h3><span style=\"color: #ff9900\">Jesus e as crian\u00e7as<\/span><\/h3>\n<p><em>Trechos da entrevista publicada na Revista Ultimato &#8211; Edi\u00e7\u00e3o 317<\/em><\/p>\n<p>Jesus \u00e9 um adulto que nunca deixou de ser crian\u00e7a e uma crian\u00e7a que cresceu sem abandonar a beleza da inf\u00e2ncia, mas agregando a ela sabedoria.<\/p>\n<p>Mesmo gr\u00e1vida de nove meses e com um menino de 1 ano e meio a tiracolo, a jornalista Rita Mucci, casada com Rodrigo Santos, n\u00e3o perdeu a oportunidade de entrevistar o conhecido pastor evang\u00e9lico Ariovaldo Ramos, durante o evento Ultimato 40 anos &#8212; Encontro de Amigos, realizado em Vi\u00e7osa, MG, em julho de 2008.<\/p>\n<p><strong>Como Deus v\u00ea a crian\u00e7a?<\/strong><\/p>\n<p>Quando Jesus chama uma crian\u00e7a para perto de si e diz que se n\u00e3o nos tornarmos uma crian\u00e7a n\u00e3o entraremos no reino (Mt 18), ele est\u00e1 dizendo que v\u00ea na crian\u00e7a o melhor do ser humano; que ela tem muitas caracter\u00edsticas que n\u00e3o dever\u00edamos perder, mas que perdemos com o tempo. Em boa parte do cap\u00edtulo 18, Jesus est\u00e1 nos advertindo para que n\u00e3o deixemos que as crian\u00e7as percam tais caracter\u00edsticas, pois esta perda vai afast\u00e1-las do Pai. Primeiro, a crian\u00e7a tem um deslumbramento em rela\u00e7\u00e3o \u00e0 cria\u00e7\u00e3o, a Deus, a certeza de que o universo \u00e9 muito mais do que aquilo que os nossos olhos podem perceber. Segundo, Jesus sugere que as crian\u00e7as t\u00eam uma esp\u00e9cie de comunh\u00e3o com os anjos, porque ele diz que os anjos das crian\u00e7as v\u00e3o constantemente diante dele, dando a impress\u00e3o de que existe uma intera\u00e7\u00e3o entre as crian\u00e7as e o mundo espiritual, que, como adultos, n\u00e3o percebemos mais. Perdemos essa sensibilidade para com Deus. Terceiro, a crian\u00e7a tem a consci\u00eancia de car\u00eancia, de necessidade do outro, aquela sensa\u00e7\u00e3o de que a solid\u00e3o n\u00e3o \u00e9 boa. Em qualquer situa\u00e7\u00e3o de abandono ela chora, pois sabe que n\u00e3o pode ficar sozinha, que ningu\u00e9m nasceu para ficar sozinho. Isso \u00e9 algo que vamos desaprendendo, principalmente porque, no mundo moderno, somos estimulados o tempo todo ao individualismo.<\/p>\n<p><strong>Como os adultos podem voltar a ser crian\u00e7as, se o mundo exige deles o contr\u00e1rio?<\/strong><\/p>\n<p>Esse \u00e9 o milagre da salva\u00e7\u00e3o, a obra maior do Esp\u00edrito Santo. Quando entregamos nossa vida a Jesus, o primeiro sinal que aparece \u00e9 a alegria no Esp\u00edrito Santo, essa alegria infantil. Encontramos Jesus e somos encontrados por ele. Quando a igreja, a comunidade, come\u00e7a a perder essa alegria da comunh\u00e3o, \u00e9 algo assustador. Tenho a impress\u00e3o que Jesus desejava criar uma grande cooperativa, e a igreja \u00e9 a cooperativa de Deus. Cada um trabalha com seus talentos, as capacidades que o pr\u00f3prio Esp\u00edrito comunica &#8212; investimentos que ele fez em cada um de n\u00f3s &#8212; e todos trabalham por todos, de maneira que ningu\u00e9m fica desamparado; quem colhe em abund\u00e2ncia n\u00e3o acumula, para que quem colheu menos n\u00e3o passe necessidade. Assim deve ser a comunidade, um lugar onde a pessoa possa sentir-se em casa, entre irm\u00e3os, entre amigos. Temos de ajudar a igreja a recuperar a alegria da comunh\u00e3o, da amizade. O su\u00ed\u00e7o Hans Burki, que foi da ABU, dizia que \u201cO reino de Deus \u00e9 antes de tudo um reino de amigos\u201d. Se perdermos isso, perdemos o reino de Deus. \u00c9 na inf\u00e2ncia que se aprende que, n\u00e3o importa quantos brinquedos se tenha, n\u00e3o tem gra\u00e7a ficar sozinho com os brinquedos. \u00c9 isso que Jesus veio nos trazer de novo, a gra\u00e7a da vida, da comunh\u00e3o, que a crian\u00e7a tem muito enquanto n\u00e3o \u00e9 atrapalhada pelos adultos. Ser crian\u00e7a \u00e9 o grande milagre do Esp\u00edrito Santo. E o bom de estar mais perto dele \u00e9 que ele nos leva a esse equil\u00edbrio entre a alegria e a espontaneidade da crian\u00e7a e a prud\u00eancia da sabedoria. O contraponto \u00e9 a sabedoria e n\u00e3o essa coisa do adulto. A sabedoria \u00e9 suficientemente aguda para a pessoa perceber quando est\u00e1 em um ambiente enfermo, onde tem de amar, mas n\u00e3o pode se deixar contaminar. Precisamos aprender a preservar a inf\u00e2ncia envolvendo-a com sabedoria; ela n\u00e3o mata a inf\u00e2ncia e ao mesmo tempo n\u00e3o se exp\u00f5e a riscos desnecess\u00e1rios.<\/p>\n<p><strong>Como a igreja deveria agir com rela\u00e7\u00e3o \u00e0 crian\u00e7a?<\/strong><\/p>\n<p>Primeiro, a igreja precisa priorizar a crian\u00e7a. Estamos ali por causa delas, pois estamos construindo um novo paradigma da humanidade, e a melhor forma de fazer isso \u00e9 educ\u00e1-las j\u00e1 nesses novos padr\u00f5es. Assim, elas ser\u00e3o melhores do que n\u00f3s, pois muitas coisas que o Esp\u00edrito Santo precisou tirar de n\u00f3s n\u00e3o precisar\u00e1 tirar delas. Nossa prioridade seria ajud\u00e1-las a irem mais longe do que conseguiremos ir. Lamentavelmente, a igreja v\u00ea as crian\u00e7as como um problema, um estorvo. Temos o pensamento equivocado de que elas s\u00f3 d\u00e3o trabalho, n\u00e3o trazem nenhum retorno. N\u00e3o temos considerado que \u00e9 um privil\u00e9gio t\u00ea-las entre n\u00f3s, porque elas ser\u00e3o formadas j\u00e1 na nova comunidade, a comunidade do pacto. O Senhor mandava circuncidar os filhos ao oitavo dia, e isso significava que eles j\u00e1 nasciam no pacto, dentro de outra sociedade, de outra filosofia, aprendiam a ser gente de outra maneira. A igreja \u00e9 uma nova humanidade, e quanto mais investirmos nas crian\u00e7as, mais a comunidade ter\u00e1 a forma que precisa ter. Em geral vamos perdendo essa vis\u00e3o da crian\u00e7a, caindo no \u201cconto do sistema\u201d, que \u00e9 um conto individualista. Quando vou para a comunidade, tenho de aprender que agora fa\u00e7o parte da constru\u00e7\u00e3o de outra sociedade, e que cada crian\u00e7a \u00e9 a possibilidade de a pr\u00f3xima gera\u00e7\u00e3o ser melhor apresentada e melhor realizada do que a atual. Para isso, \u00e9 necess\u00e1ria uma forte vis\u00e3o comunit\u00e1ria de que estamos construindo uma nova forma de nos relacionarmos como gente, sendo a crian\u00e7a o nosso alvo principal. Herdamos um v\u00e3o e f\u00fatil procedimento, como afirma Pedro, mas n\u00e3o precisamos repass\u00e1-lo, porque somos libertos por Jesus. Nossas crian\u00e7as ser\u00e3o criadas na gra\u00e7a e sabedoria diante de Deus e dos homens.<\/p>\n<p>Veja a entrevista completa &#8211; <a href=\"http:\/\/www.ultimato.com.br\/?pg=show_artigos&amp;artigo=2356&amp;secMestre=2374&amp;sec=2394&amp;num_edicao=317&amp;palavra=jesus%20e%20as%20crian%E7as\" target=\"_blank\">clique aqui<\/a>.<\/p>\n<p>Baixe a entrevista completa &#8211; <a href=\"http:\/\/www.ultimato.com.br\/boletim\/2010\/promo\/img\/divulgacao\/entrevista_ariovaldo1.pdf\" target=\"_blank\">clique aqui<\/a>.<\/p>\n","protected":false},"excerpt":{"rendered":"<p>\u2022 Hist\u00f3ria \u2022 Por que ler \u2022 O que disseram \u2022 Lan\u00e7amento em BH Jesus e as crian\u00e7as Trechos da entrevista publicada na Revista Ultimato &#8211; Edi\u00e7\u00e3o 317 Jesus \u00e9 um adulto que nunca deixou de ser crian\u00e7a e uma crian\u00e7a que cresceu sem abandonar a beleza da inf\u00e2ncia, mas agregando a ela sabedoria. Mesmo [&hellip;]<\/p>\n","protected":false},"author":4,"featured_media":0,"parent":0,"menu_order":3,"comment_status":"open","ping_status":"open","template":"","meta":{"footnotes":""},"class_list":["post-9","page","type-page","status-publish","hentry"],"_links":{"self":[{"href":"https:\/\/ultimato.com.br\/sites\/crianca\/wp-json\/wp\/v2\/pages\/9","targetHints":{"allow":["GET"]}}],"collection":[{"href":"https:\/\/ultimato.com.br\/sites\/crianca\/wp-json\/wp\/v2\/pages"}],"about":[{"href":"https:\/\/ultimato.com.br\/sites\/crianca\/wp-json\/wp\/v2\/types\/page"}],"author":[{"embeddable":true,"href":"https:\/\/ultimato.com.br\/sites\/crianca\/wp-json\/wp\/v2\/users\/4"}],"replies":[{"embeddable":true,"href":"https:\/\/ultimato.com.br\/sites\/crianca\/wp-json\/wp\/v2\/comments?post=9"}],"version-history":[{"count":16,"href":"https:\/\/ultimato.com.br\/sites\/crianca\/wp-json\/wp\/v2\/pages\/9\/revisions"}],"predecessor-version":[{"id":72,"href":"https:\/\/ultimato.com.br\/sites\/crianca\/wp-json\/wp\/v2\/pages\/9\/revisions\/72"}],"wp:attachment":[{"href":"https:\/\/ultimato.com.br\/sites\/crianca\/wp-json\/wp\/v2\/media?parent=9"}],"curies":[{"name":"wp","href":"https:\/\/api.w.org\/{rel}","templated":true}]}}