{"id":66,"date":"2010-08-02T15:49:29","date_gmt":"2010-08-02T18:49:29","guid":{"rendered":"http:\/\/ultimato.com.br\/blogs\/crianca\/"},"modified":"2010-08-02T15:49:29","modified_gmt":"2010-08-02T18:49:29","slug":"faca-o-teste","status":"publish","type":"page","link":"https:\/\/ultimato.com.br\/sites\/crianca\/extras\/faca-o-teste\/","title":{"rendered":"Fa\u00e7a o teste"},"content":{"rendered":"<p>Ao entrar na sua igreja local, ser\u00e1 que toda crian\u00e7a respira um ar impregnado pelo amor de Jesus? Como trabalhar para que isto aconte\u00e7a sempre, n\u00e3o apenas \u00e0s vezes? Quando Jesus chamou para perto de si as crian\u00e7as e as aben\u00e7oou, podemos dizer que ele se preocupou com a inclus\u00e3o, a escuta, o toque, a ben\u00e7\u00e3o e o servi\u00e7o. Uma igreja amiga das crian\u00e7as age como Jesus.<\/p>\n<p><strong>1. Acolhe e inclui as crian\u00e7as. <\/strong>Jesus incluiu todas as crian\u00e7as. Uma igreja amiga se preocupa com a crian\u00e7a em toda e qualquer circunst\u00e2ncia em que viva, aceitando-a como se encontra e enfrentando qualquer obst\u00e1culo que exista no seu caminho para que ela tenha condi\u00e7\u00f5es de participar de forma plena.<\/p>\n<p><strong>2. Ouve as crian\u00e7as. <\/strong>Jesus estava sintonizado com as crian\u00e7as, percebeu que queriam se aproximar. Ele sabia escutar com os ouvidos e com o cora\u00e7\u00e3o. Os adultos de uma igreja amiga t\u00eam a pr\u00e1tica de ouvi-las (tamb\u00e9m com os ouvidos e cora\u00e7\u00e3o). Ouvir uma crian\u00e7a envolve prestar aten\u00e7\u00e3o em todo o seu comportamento, n\u00e3o apenas no que diz. A igreja amiga respeita o que a crian\u00e7a pensa e valoriza seu discernimento espiritual porque entende que ela tamb\u00e9m tem acesso a Deus.<\/p>\n<p><strong>3. Traz cura para as crian\u00e7as. <\/strong>O toque de Jesus opera milagres na vida de uma crian\u00e7a. A igreja amiga reconhece isso e busca todas as maneiras de ministrar esse toque curador na vida de cada crian\u00e7a. Isto significa trabalhar para fortalecer a fam\u00edlia. Essa igreja se envolve no trabalho de fortalecimento e restaura\u00e7\u00e3o emocional de crian\u00e7as e suas fam\u00edlias e d\u00e1 aten\u00e7\u00e3o especial \u00e0s que est\u00e3o sofrendo, ou que foram v\u00edtimas de maus-tratos.<\/p>\n<p><strong>4. Aben\u00e7oa as crian\u00e7as.<\/strong> A igreja amiga aben\u00e7oa as crian\u00e7as fazendo quest\u00e3o de reconhecer suas conquistas em p\u00fablico. Aloca recursos, pessoal qualificado, para construir bons programas para cada faixa et\u00e1ria, e se esfor\u00e7a para fortalec\u00ea-las na f\u00e9 e no conhecimento de Cristo.<\/p>\n<p><strong>5. Inclui a crian\u00e7a na sua miss\u00e3o. <\/strong>A igreja amiga da crian\u00e7a acredita que esta n\u00e3o s\u00f3 \u00e9 capaz como tamb\u00e9m, quando lhe \u00e9 dada a oportunidade, traz grande entusiasmo para o servi\u00e7o crist\u00e3o. Nessa igreja as crian\u00e7as desfrutam do privil\u00e9gio de aben\u00e7oar os outros com seus dons espirituais e talentos naturais. (E.G.)<\/p>\n<p><a href=\"http:\/\/www.ultimato.com.br\/boletim\/2010\/promo\/img\/divulgacao\/Teste_Crianca_Final.pdf\" target=\"_blank\">Clique aqui<\/a> para baixar o teste. Responda e veja qu\u00e3o perto a sua igreja est\u00e1 destes ideais.<\/p>\n","protected":false},"excerpt":{"rendered":"<p>Ao entrar na sua igreja local, ser\u00e1 que toda crian\u00e7a respira um ar impregnado pelo amor de Jesus? Como trabalhar para que isto aconte\u00e7a sempre, n\u00e3o apenas \u00e0s vezes? Quando Jesus chamou para perto de si as crian\u00e7as e as aben\u00e7oou, podemos dizer que ele se preocupou com a inclus\u00e3o, a escuta, o toque, a [&hellip;]<\/p>\n","protected":false},"author":4,"featured_media":0,"parent":9,"menu_order":0,"comment_status":"open","ping_status":"open","template":"","meta":{"footnotes":""},"class_list":["post-66","page","type-page","status-publish","hentry"],"_links":{"self":[{"href":"https:\/\/ultimato.com.br\/sites\/crianca\/wp-json\/wp\/v2\/pages\/66","targetHints":{"allow":["GET"]}}],"collection":[{"href":"https:\/\/ultimato.com.br\/sites\/crianca\/wp-json\/wp\/v2\/pages"}],"about":[{"href":"https:\/\/ultimato.com.br\/sites\/crianca\/wp-json\/wp\/v2\/types\/page"}],"author":[{"embeddable":true,"href":"https:\/\/ultimato.com.br\/sites\/crianca\/wp-json\/wp\/v2\/users\/4"}],"replies":[{"embeddable":true,"href":"https:\/\/ultimato.com.br\/sites\/crianca\/wp-json\/wp\/v2\/comments?post=66"}],"version-history":[{"count":5,"href":"https:\/\/ultimato.com.br\/sites\/crianca\/wp-json\/wp\/v2\/pages\/66\/revisions"}],"predecessor-version":[{"id":71,"href":"https:\/\/ultimato.com.br\/sites\/crianca\/wp-json\/wp\/v2\/pages\/66\/revisions\/71"}],"up":[{"embeddable":true,"href":"https:\/\/ultimato.com.br\/sites\/crianca\/wp-json\/wp\/v2\/pages\/9"}],"wp:attachment":[{"href":"https:\/\/ultimato.com.br\/sites\/crianca\/wp-json\/wp\/v2\/media?parent=66"}],"curies":[{"name":"wp","href":"https:\/\/api.w.org\/{rel}","templated":true}]}}