{"id":5,"date":"2010-05-28T08:54:20","date_gmt":"2010-05-28T11:54:20","guid":{"rendered":"http:\/\/ultimato.com.br\/blogs\/crianca\/o-livro\/"},"modified":"2010-05-28T09:15:09","modified_gmt":"2010-05-28T12:15:09","slug":"o-livro","status":"publish","type":"page","link":"https:\/\/ultimato.com.br\/sites\/crianca\/","title":{"rendered":"O livro"},"content":{"rendered":"<p>A crian\u00e7a n\u00e3o pode passar despercebida, seja em nossa reflex\u00e3o social e teol\u00f3gica, seja em nossa viv\u00eancia familiar e comunit\u00e1ria. \u00c9 preciso enxerg\u00e1-la como fonte de aprendizagem em um mundo esquecido de valores que ela preserva.<\/p>\n<p>Com muita alegria Ultimato apresenta o livro <strong>Uma Crian\u00e7a os Guiar\u00e1 \u2014 por uma teologia da crian\u00e7a<\/strong>. Uma das grandes contribui\u00e7\u00f5es deste lan\u00e7amento \u00e9 evidenciar a crian\u00e7a como cidad\u00e3 e modelo do reino de Deus.<\/p>\n<p>O texto de Isa\u00edas 11.6 (\u201c&#8230;e um pequenino os guiar\u00e1\u201d), que inspirou o t\u00edtulo deste livro, refere-se a Jesus. \u00c9 surpreendente refletir sobre o maior evento da hist\u00f3ria da humanidade a partir da figura de uma crian\u00e7a.<\/p>\n<p>S\u00e3o 23 cap\u00edtulos, de 21 diferentes autores, cujo ponto de partida \u00e9 a crian\u00e7a. Um material rico sob uma perspectiva in\u00e9dita no Brasil.<\/p>\n<p>Este livro vai:<\/p>\n<p>&#8211; oferecer respaldo b\u00edblico-teol\u00f3gico \u00e0queles que t\u00eam a crian\u00e7a como causa<br \/>\n&#8211; encorajar agentes sociais que trabalham com a crian\u00e7a<br \/>\n&#8211; motivar professores de escolas b\u00edblicas dominicais e escolas confessionais<br \/>\n&#8211; auxiliar organiza\u00e7\u00f5es a capacitarem seu pessoal<br \/>\n&#8211; dar subs\u00eddios \u00e0s organiza\u00e7\u00f5es para mobilizar igrejas e parceiros para esta causa<br \/>\n&#8211; despertar a reflex\u00e3o sobre o tema nos leitores em geral.<\/p>\n","protected":false},"excerpt":{"rendered":"<p>A crian\u00e7a n\u00e3o pode passar despercebida, seja em nossa reflex\u00e3o social e teol\u00f3gica, seja em nossa viv\u00eancia familiar e comunit\u00e1ria. \u00c9 preciso enxerg\u00e1-la como fonte de aprendizagem em um mundo esquecido de valores que ela preserva. Com muita alegria Ultimato apresenta o livro Uma Crian\u00e7a os Guiar\u00e1 \u2014 por uma teologia da crian\u00e7a. Uma das [&hellip;]<\/p>\n","protected":false},"author":4,"featured_media":0,"parent":0,"menu_order":1,"comment_status":"open","ping_status":"open","template":"","meta":{"footnotes":""},"class_list":["post-5","page","type-page","status-publish","hentry"],"_links":{"self":[{"href":"https:\/\/ultimato.com.br\/sites\/crianca\/wp-json\/wp\/v2\/pages\/5","targetHints":{"allow":["GET"]}}],"collection":[{"href":"https:\/\/ultimato.com.br\/sites\/crianca\/wp-json\/wp\/v2\/pages"}],"about":[{"href":"https:\/\/ultimato.com.br\/sites\/crianca\/wp-json\/wp\/v2\/types\/page"}],"author":[{"embeddable":true,"href":"https:\/\/ultimato.com.br\/sites\/crianca\/wp-json\/wp\/v2\/users\/4"}],"replies":[{"embeddable":true,"href":"https:\/\/ultimato.com.br\/sites\/crianca\/wp-json\/wp\/v2\/comments?post=5"}],"version-history":[{"count":5,"href":"https:\/\/ultimato.com.br\/sites\/crianca\/wp-json\/wp\/v2\/pages\/5\/revisions"}],"predecessor-version":[{"id":7,"href":"https:\/\/ultimato.com.br\/sites\/crianca\/wp-json\/wp\/v2\/pages\/5\/revisions\/7"}],"wp:attachment":[{"href":"https:\/\/ultimato.com.br\/sites\/crianca\/wp-json\/wp\/v2\/media?parent=5"}],"curies":[{"name":"wp","href":"https:\/\/api.w.org\/{rel}","templated":true}]}}