{"id":31,"date":"2010-05-28T09:20:01","date_gmt":"2010-05-28T12:20:01","guid":{"rendered":"http:\/\/ultimato.com.br\/blogs\/crianca\/?page_id=31"},"modified":"2010-05-28T09:20:50","modified_gmt":"2010-05-28T12:20:50","slug":"o-que-disseram","status":"publish","type":"page","link":"https:\/\/ultimato.com.br\/sites\/crianca\/extras\/o-que-disseram\/","title":{"rendered":"O que disseram"},"content":{"rendered":"<p>\u201cJesus disse que quem quiser entrar no reino tem de se tornar um pequenino. A crian\u00e7a \u00e9 a melhor parte da vida humana. Ela concentra muitas das virtudes que Deus gostaria que vingassem na humanidade.\u201d<br \/>\n<em>&#8212; Ariovaldo Ramos<\/em><\/p>\n<p>\u201cH\u00e1 um equ\u00edvoco entre os crist\u00e3os de achar que a B\u00edblia fala pouco sobre as crian\u00e7as. Algumas das mais importantes obras e revela\u00e7\u00f5es de Deus foram feitas por interm\u00e9dio delas. A f\u00e9 e as a\u00e7\u00f5es dessas crian\u00e7as s\u00e3o essenciais para a realiza\u00e7\u00e3o dos prop\u00f3sitos divinos.\u201d<br \/>\n<em>&#8212; Keith White<\/em><\/p>\n<p>\u201cMinha comunidade de f\u00e9 \u00e9 um grupo de dezesseis ou dezessete crian\u00e7as que v\u00e3o \u00e0 minha casa e l\u00e1 me evangelizam e humanizam. Eu me re\u00fano com elas com a sensa\u00e7\u00e3o de que elas me revelam a\u00a0respeito de Deus muito mais do que eu posso ensin\u00e1-las sobre ele.\u201d<br \/>\n<em>&#8212; Carlos Queiroz<\/em><\/p>\n","protected":false},"excerpt":{"rendered":"<p>\u201cJesus disse que quem quiser entrar no reino tem de se tornar um pequenino. A crian\u00e7a \u00e9 a melhor parte da vida humana. Ela concentra muitas das virtudes que Deus gostaria que vingassem na humanidade.\u201d &#8212; Ariovaldo Ramos \u201cH\u00e1 um equ\u00edvoco entre os crist\u00e3os de achar que a B\u00edblia fala pouco sobre as crian\u00e7as. Algumas [&hellip;]<\/p>\n","protected":false},"author":4,"featured_media":0,"parent":9,"menu_order":3,"comment_status":"open","ping_status":"open","template":"","meta":{"footnotes":""},"class_list":["post-31","page","type-page","status-publish","hentry"],"_links":{"self":[{"href":"https:\/\/ultimato.com.br\/sites\/crianca\/wp-json\/wp\/v2\/pages\/31","targetHints":{"allow":["GET"]}}],"collection":[{"href":"https:\/\/ultimato.com.br\/sites\/crianca\/wp-json\/wp\/v2\/pages"}],"about":[{"href":"https:\/\/ultimato.com.br\/sites\/crianca\/wp-json\/wp\/v2\/types\/page"}],"author":[{"embeddable":true,"href":"https:\/\/ultimato.com.br\/sites\/crianca\/wp-json\/wp\/v2\/users\/4"}],"replies":[{"embeddable":true,"href":"https:\/\/ultimato.com.br\/sites\/crianca\/wp-json\/wp\/v2\/comments?post=31"}],"version-history":[{"count":2,"href":"https:\/\/ultimato.com.br\/sites\/crianca\/wp-json\/wp\/v2\/pages\/31\/revisions"}],"predecessor-version":[{"id":33,"href":"https:\/\/ultimato.com.br\/sites\/crianca\/wp-json\/wp\/v2\/pages\/31\/revisions\/33"}],"up":[{"embeddable":true,"href":"https:\/\/ultimato.com.br\/sites\/crianca\/wp-json\/wp\/v2\/pages\/9"}],"wp:attachment":[{"href":"https:\/\/ultimato.com.br\/sites\/crianca\/wp-json\/wp\/v2\/media?parent=31"}],"curies":[{"name":"wp","href":"https:\/\/api.w.org\/{rel}","templated":true}]}}