{"id":29,"date":"2010-05-28T09:19:16","date_gmt":"2010-05-28T12:19:16","guid":{"rendered":"http:\/\/ultimato.com.br\/blogs\/crianca\/?page_id=29"},"modified":"2010-10-13T09:14:59","modified_gmt":"2010-10-13T12:14:59","slug":"por-que-ler","status":"publish","type":"page","link":"https:\/\/ultimato.com.br\/sites\/crianca\/extras\/por-que-ler\/","title":{"rendered":"Por que ler"},"content":{"rendered":"<p><strong>Uma Crian\u00e7a os Guiar\u00e1<\/strong><strong><\/strong> vai ajud\u00e1-lo a colocar-se no caminho. Trata-se de um ponto de partida. H\u00e1 uma peregrina\u00e7\u00e3o \u00e0 frente: que nos pr\u00f3ximos dias, al\u00e9m da leitura do livro, voc\u00ea preste mais aten\u00e7\u00e3o nas crian\u00e7as. Aproxime-se delas e ou\u00e7a-as com o cora\u00e7\u00e3o.<\/p>\n<p>Leia tamb\u00e9m &#8220;<a href=\"http:\/\/ultimato.com.br\/sites\/crianca\/files\/2010\/05\/As_Criancas_Nos_Propositos_De_Deus.pdf\" target=\"_blank\">As crian\u00e7as nos prop\u00f3sitos de Deus: contribui\u00e7\u00f5es para uma estrutura b\u00edblico-teol\u00f3gica da inf\u00e2ncia<\/a>&#8220;<\/p>\n","protected":false},"excerpt":{"rendered":"<p>Uma Crian\u00e7a os Guiar\u00e1 vai ajud\u00e1-lo a colocar-se no caminho. Trata-se de um ponto de partida. H\u00e1 uma peregrina\u00e7\u00e3o \u00e0 frente: que nos pr\u00f3ximos dias, al\u00e9m da leitura do livro, voc\u00ea preste mais aten\u00e7\u00e3o nas crian\u00e7as. Aproxime-se delas e ou\u00e7a-as com o cora\u00e7\u00e3o. Leia tamb\u00e9m &#8220;As crian\u00e7as nos prop\u00f3sitos de Deus: contribui\u00e7\u00f5es para uma estrutura [&hellip;]<\/p>\n","protected":false},"author":4,"featured_media":0,"parent":9,"menu_order":2,"comment_status":"open","ping_status":"open","template":"","meta":{"footnotes":""},"class_list":["post-29","page","type-page","status-publish","hentry"],"_links":{"self":[{"href":"https:\/\/ultimato.com.br\/sites\/crianca\/wp-json\/wp\/v2\/pages\/29","targetHints":{"allow":["GET"]}}],"collection":[{"href":"https:\/\/ultimato.com.br\/sites\/crianca\/wp-json\/wp\/v2\/pages"}],"about":[{"href":"https:\/\/ultimato.com.br\/sites\/crianca\/wp-json\/wp\/v2\/types\/page"}],"author":[{"embeddable":true,"href":"https:\/\/ultimato.com.br\/sites\/crianca\/wp-json\/wp\/v2\/users\/4"}],"replies":[{"embeddable":true,"href":"https:\/\/ultimato.com.br\/sites\/crianca\/wp-json\/wp\/v2\/comments?post=29"}],"version-history":[{"count":3,"href":"https:\/\/ultimato.com.br\/sites\/crianca\/wp-json\/wp\/v2\/pages\/29\/revisions"}],"predecessor-version":[{"id":73,"href":"https:\/\/ultimato.com.br\/sites\/crianca\/wp-json\/wp\/v2\/pages\/29\/revisions\/73"}],"up":[{"embeddable":true,"href":"https:\/\/ultimato.com.br\/sites\/crianca\/wp-json\/wp\/v2\/pages\/9"}],"wp:attachment":[{"href":"https:\/\/ultimato.com.br\/sites\/crianca\/wp-json\/wp\/v2\/media?parent=29"}],"curies":[{"name":"wp","href":"https:\/\/api.w.org\/{rel}","templated":true}]}}