{"id":27,"date":"2010-05-28T09:18:18","date_gmt":"2010-05-28T12:18:18","guid":{"rendered":"http:\/\/ultimato.com.br\/blogs\/crianca\/?page_id=27"},"modified":"2010-05-28T09:18:18","modified_gmt":"2010-05-28T12:18:18","slug":"historia","status":"publish","type":"page","link":"https:\/\/ultimato.com.br\/sites\/crianca\/extras\/historia\/","title":{"rendered":"Hist\u00f3ria"},"content":{"rendered":"<p><strong>Uma Crian\u00e7a os Guiar\u00e1<\/strong><strong><\/strong> \u00e9 parte de um movimento muito maior. H\u00e1 10 anos, com a contribui\u00e7\u00e3o da Editora Ultimato, um grupo de organiza\u00e7\u00f5es evang\u00e9licas que atendem crian\u00e7as em situa\u00e7\u00f5es de risco come\u00e7ou a caminhar e a realizar a\u00e7\u00f5es em conjunto. Hoje quase 40 organiza\u00e7\u00f5es formam a Rede M\u00e3os Dadas.<\/p>\n<p>S\u00e3o 10 anos de publica\u00e7\u00e3o ininterrupta da revista\u00a0<em>M\u00e3os Dadas<\/em> e de muitas outras a\u00e7\u00f5es. Conhe\u00e7a esta rede e participe!\u00a0<a href=\"http:\/\/www.maosdadas.org\" target=\"_blank\">www.maosdadas.org<\/a><\/p>\n","protected":false},"excerpt":{"rendered":"<p>Uma Crian\u00e7a os Guiar\u00e1 \u00e9 parte de um movimento muito maior. H\u00e1 10 anos, com a contribui\u00e7\u00e3o da Editora Ultimato, um grupo de organiza\u00e7\u00f5es evang\u00e9licas que atendem crian\u00e7as em situa\u00e7\u00f5es de risco come\u00e7ou a caminhar e a realizar a\u00e7\u00f5es em conjunto. Hoje quase 40 organiza\u00e7\u00f5es formam a Rede M\u00e3os Dadas. S\u00e3o 10 anos de publica\u00e7\u00e3o [&hellip;]<\/p>\n","protected":false},"author":4,"featured_media":0,"parent":9,"menu_order":1,"comment_status":"open","ping_status":"open","template":"","meta":{"footnotes":""},"class_list":["post-27","page","type-page","status-publish","hentry"],"_links":{"self":[{"href":"https:\/\/ultimato.com.br\/sites\/crianca\/wp-json\/wp\/v2\/pages\/27","targetHints":{"allow":["GET"]}}],"collection":[{"href":"https:\/\/ultimato.com.br\/sites\/crianca\/wp-json\/wp\/v2\/pages"}],"about":[{"href":"https:\/\/ultimato.com.br\/sites\/crianca\/wp-json\/wp\/v2\/types\/page"}],"author":[{"embeddable":true,"href":"https:\/\/ultimato.com.br\/sites\/crianca\/wp-json\/wp\/v2\/users\/4"}],"replies":[{"embeddable":true,"href":"https:\/\/ultimato.com.br\/sites\/crianca\/wp-json\/wp\/v2\/comments?post=27"}],"version-history":[{"count":1,"href":"https:\/\/ultimato.com.br\/sites\/crianca\/wp-json\/wp\/v2\/pages\/27\/revisions"}],"predecessor-version":[{"id":28,"href":"https:\/\/ultimato.com.br\/sites\/crianca\/wp-json\/wp\/v2\/pages\/27\/revisions\/28"}],"up":[{"embeddable":true,"href":"https:\/\/ultimato.com.br\/sites\/crianca\/wp-json\/wp\/v2\/pages\/9"}],"wp:attachment":[{"href":"https:\/\/ultimato.com.br\/sites\/crianca\/wp-json\/wp\/v2\/media?parent=27"}],"curies":[{"name":"wp","href":"https:\/\/api.w.org\/{rel}","templated":true}]}}