{"id":7,"date":"2015-05-20T03:03:26","date_gmt":"2015-05-20T03:03:26","guid":{"rendered":"http:\/\/ultimato.com.br\/sites\/crianca-igreja-missao\/?page_id=7"},"modified":"2015-05-21T11:33:04","modified_gmt":"2015-05-21T11:33:04","slug":"o-que-disseram","status":"publish","type":"page","link":"https:\/\/ultimato.com.br\/sites\/crianca-igreja-missao\/o-que-disseram\/","title":{"rendered":"O que disseram"},"content":{"rendered":"<blockquote><p>Numa \u00e9poca em que a igreja, aparentemente, continua a dar pouca aten\u00e7\u00e3o ao minist\u00e9rio infantil, <em>A Crian\u00e7a, a Igreja e a Miss\u00e3o <\/em>chama a nossa aten\u00e7\u00e3o para as quest\u00f5es fundamentais.<\/p><\/blockquote>\n<p><strong>\u2013 Reuben van Rensburg<\/strong>, diretor do South Africa Theological Seminary<\/p>\n<p>&nbsp;<\/p>\n<blockquote><p>Ao colocar uma crian\u00e7a no meio de seus disc\u00edpulos (Mateus 18.3), Jesus lan\u00e7ou luz n\u00e3o apenas sobre a natureza do reino dos c\u00e9us, mas tamb\u00e9m sobre o caminho da cruz. Sem essa luz, a igreja perde um sinal vital para sua natureza e seu chamado. <em>A Crian\u00e7a, a Igreja e a Miss\u00e3o<\/em> \u00e9 uma contribui\u00e7\u00e3o valiosa para o processo de compreens\u00e3o e aplica\u00e7\u00e3o desse sinal.<\/p><\/blockquote>\n<p>\u2013 <strong>Keith J. White<\/strong>, presidente do Movimento Teologia da Crian\u00e7a<\/p>\n<p>&nbsp;<\/p>\n<blockquote><p><em>A Crian\u00e7a, a Igreja e a Miss\u00e3o <\/em>deveria fazer parte do curr\u00edculo de todo semin\u00e1rio, faculdade e instituto b\u00edblico. Nenhum pastor ou l\u00edder de jovens deveria ficar sem ele.<\/p><\/blockquote>\n<p>\u2013 <strong>Manfred W. Kohl<\/strong>, doutor em teologia e embaixador do Overseas Council<\/p>\n<p>&nbsp;<\/p>\n<blockquote><p><em>A Crian\u00e7a, a Igreja e a Miss\u00e3o<\/em> mostra como voc\u00ea pode alcan\u00e7ar, preparar e capacitar as crian\u00e7as para que usem seu impacto transformacional ao m\u00e1ximo e se mobilizem para continuar a causar esse impacto durante toda a vida. \u00c9 esta a maneira de renovar a energia do seu minist\u00e9rio eclesi\u00e1stico.<\/p><\/blockquote>\n<p>\u2013 <strong>Luis Bush<\/strong>, facilitador internacional do Transform World Connections<\/p>\n<p>&nbsp;<\/p>\n<blockquote><p>H\u00e1 no mercado uma grande quantidade de materiais sobre educa\u00e7\u00e3o crist\u00e3 em geral, mas o livro de Dan Brewster trata do tema do minist\u00e9rio infantil como um todo. <em>A Crian\u00e7a, a Igreja e a Miss\u00e3o <\/em>deveria fazer parte do curr\u00edculo de todo semin\u00e1rio, faculdade e instituto b\u00edblico; nenhum pastor ou l\u00edder de jovens deveria ficar sem ele.<\/p><\/blockquote>\n<p>\u2013 <strong>Manfred W. Kohl<\/strong>, doutor em teologia e embaixador do Overseas Council<\/p>\n<p>&nbsp;<\/p>\n<blockquote><p>A igreja precisa trabalhar para aben\u00e7oar as crian\u00e7as, fortalecendo as fam\u00edlias e sendo a voz prof\u00e9tica para aqueles que t\u00eam pouca ou nenhuma preocupa\u00e7\u00e3o com o futuro. <em>A Crian\u00e7a, a Igreja e a Miss\u00e3o<\/em> nos ajudar\u00e1 nessa tarefa.<\/p><\/blockquote>\n<p>\u2013<strong> Darrow Miller<\/strong>, fundador e diretor da Disciple Nations Alliance<\/p>\n<p>&nbsp;<\/p>\n","protected":false},"excerpt":{"rendered":"<p>Numa \u00e9poca em que a igreja, aparentemente, continua a dar pouca aten\u00e7\u00e3o ao minist\u00e9rio infantil, A Crian\u00e7a, a Igreja e a Miss\u00e3o chama a nossa aten\u00e7\u00e3o para as quest\u00f5es fundamentais. \u2013 Reuben van Rensburg, diretor do South Africa Theological Seminary &nbsp; Ao colocar uma crian\u00e7a no meio de seus disc\u00edpulos (Mateus 18.3), Jesus lan\u00e7ou luz [&hellip;]<\/p>\n","protected":false},"author":24,"featured_media":0,"parent":0,"menu_order":2,"comment_status":"closed","ping_status":"open","template":"","meta":{"footnotes":""},"class_list":["post-7","page","type-page","status-publish","hentry"],"_links":{"self":[{"href":"https:\/\/ultimato.com.br\/sites\/crianca-igreja-missao\/wp-json\/wp\/v2\/pages\/7","targetHints":{"allow":["GET"]}}],"collection":[{"href":"https:\/\/ultimato.com.br\/sites\/crianca-igreja-missao\/wp-json\/wp\/v2\/pages"}],"about":[{"href":"https:\/\/ultimato.com.br\/sites\/crianca-igreja-missao\/wp-json\/wp\/v2\/types\/page"}],"author":[{"embeddable":true,"href":"https:\/\/ultimato.com.br\/sites\/crianca-igreja-missao\/wp-json\/wp\/v2\/users\/24"}],"replies":[{"embeddable":true,"href":"https:\/\/ultimato.com.br\/sites\/crianca-igreja-missao\/wp-json\/wp\/v2\/comments?post=7"}],"version-history":[{"count":2,"href":"https:\/\/ultimato.com.br\/sites\/crianca-igreja-missao\/wp-json\/wp\/v2\/pages\/7\/revisions"}],"predecessor-version":[{"id":41,"href":"https:\/\/ultimato.com.br\/sites\/crianca-igreja-missao\/wp-json\/wp\/v2\/pages\/7\/revisions\/41"}],"wp:attachment":[{"href":"https:\/\/ultimato.com.br\/sites\/crianca-igreja-missao\/wp-json\/wp\/v2\/media?parent=7"}],"curies":[{"name":"wp","href":"https:\/\/api.w.org\/{rel}","templated":true}]}}