{"id":4,"date":"2015-05-20T03:02:56","date_gmt":"2015-05-20T03:02:56","guid":{"rendered":"http:\/\/ultimato.com.br\/sites\/crianca-igreja-missao\/?page_id=4"},"modified":"2015-09-15T18:03:44","modified_gmt":"2015-09-15T18:03:44","slug":"o-livro","status":"publish","type":"page","link":"https:\/\/ultimato.com.br\/sites\/crianca-igreja-missao\/","title":{"rendered":"O Livro"},"content":{"rendered":"<blockquote><p>A igreja precisa trabalhar para aben\u00e7oar as crian\u00e7as, fortalecendo as fam\u00edlias e sendo a voz prof\u00e9tica para aqueles que t\u00eam pouca ou nenhuma preocupa\u00e7\u00e3o com o futuro. <em>A Crian\u00e7a, a Igreja e a Miss\u00e3o<\/em> nos ajudar\u00e1 nessa tarefa.<\/p><\/blockquote>\n<p>\u2013<strong> Darrow Miller<\/strong>, fundador e diretor da Disciple Nations Alliance<\/p>\n<p>&nbsp;<\/p>\n<p><strong>Por que Jesus gastaria tempo com as crian\u00e7as?<\/strong><\/p>\n<p><strong>Como e por que a igreja deveria fazer o mesmo? <\/strong><\/p>\n<p><strong>\u00a0<\/strong><\/p>\n<p><strong>A Crian\u00e7a, a Igreja e a Miss\u00e3o<\/strong> desafia os crist\u00e3os a colocarem a crian\u00e7a no centro \u2013 como Jesus fez com os seus disc\u00edpulos \u2013 e conversar sobre elas:<\/p>\n<p>&#8211; Quais os fundamentos b\u00edblicos do minist\u00e9rio com crian\u00e7as;<\/p>\n<p>&#8211; Como lidar com a \u201csitua\u00e7\u00e3o de vulnerabilidade\u201d das crian\u00e7as \u2013 pobres ou ricas;<\/p>\n<p>&#8211; Como melhorar programas e equipes para o trabalho com crian\u00e7as;<\/p>\n<p>&#8211; Os desafios da miss\u00e3o entre crian\u00e7as de diferentes cren\u00e7as;<\/p>\n<p>&#8211; Por que a inf\u00e2ncia \u00e9 o tempo para que as crian\u00e7as ou\u00e7am e respondam ao evangelho;<\/p>\n<p>&#8211; Quais recursos podem aumentar a efic\u00e1cia na evangeliza\u00e7\u00e3o de crian\u00e7as.<\/p>\n<p>Dan Brewster mostra como alcan\u00e7ar, preparar e capacitar as crian\u00e7as para que elas se mobilizem e continuem a causar impacto durante toda a vida.<\/p>\n<p>Uma leitura obrigat\u00f3ria para estudantes, pastores, l\u00edderes de minist\u00e9rio infantil e todos os que se importam e defendem as crian\u00e7as.<\/p>\n<p><iframe loading=\"lazy\" width=\"560\" height=\"315\" src=\"https:\/\/www.youtube.com\/embed\/GkET8qLOpJc\" frameborder=\"0\" allowfullscreen><\/iframe><\/p>\n","protected":false},"excerpt":{"rendered":"<p>A igreja precisa trabalhar para aben\u00e7oar as crian\u00e7as, fortalecendo as fam\u00edlias e sendo a voz prof\u00e9tica para aqueles que t\u00eam pouca ou nenhuma preocupa\u00e7\u00e3o com o futuro. A Crian\u00e7a, a Igreja e a Miss\u00e3o nos ajudar\u00e1 nessa tarefa. \u2013 Darrow Miller, fundador e diretor da Disciple Nations Alliance &nbsp; Por que Jesus gastaria tempo com [&hellip;]<\/p>\n","protected":false},"author":24,"featured_media":0,"parent":0,"menu_order":0,"comment_status":"closed","ping_status":"open","template":"","meta":{"footnotes":""},"class_list":["post-4","page","type-page","status-publish","hentry"],"_links":{"self":[{"href":"https:\/\/ultimato.com.br\/sites\/crianca-igreja-missao\/wp-json\/wp\/v2\/pages\/4","targetHints":{"allow":["GET"]}}],"collection":[{"href":"https:\/\/ultimato.com.br\/sites\/crianca-igreja-missao\/wp-json\/wp\/v2\/pages"}],"about":[{"href":"https:\/\/ultimato.com.br\/sites\/crianca-igreja-missao\/wp-json\/wp\/v2\/types\/page"}],"author":[{"embeddable":true,"href":"https:\/\/ultimato.com.br\/sites\/crianca-igreja-missao\/wp-json\/wp\/v2\/users\/24"}],"replies":[{"embeddable":true,"href":"https:\/\/ultimato.com.br\/sites\/crianca-igreja-missao\/wp-json\/wp\/v2\/comments?post=4"}],"version-history":[{"count":4,"href":"https:\/\/ultimato.com.br\/sites\/crianca-igreja-missao\/wp-json\/wp\/v2\/pages\/4\/revisions"}],"predecessor-version":[{"id":45,"href":"https:\/\/ultimato.com.br\/sites\/crianca-igreja-missao\/wp-json\/wp\/v2\/pages\/4\/revisions\/45"}],"wp:attachment":[{"href":"https:\/\/ultimato.com.br\/sites\/crianca-igreja-missao\/wp-json\/wp\/v2\/media?parent=4"}],"curies":[{"name":"wp","href":"https:\/\/api.w.org\/{rel}","templated":true}]}}