{"id":36,"date":"2015-05-20T18:26:49","date_gmt":"2015-05-20T18:26:49","guid":{"rendered":"http:\/\/ultimato.com.br\/sites\/crianca-igreja-missao\/?page_id=36"},"modified":"2015-05-20T18:26:55","modified_gmt":"2015-05-20T18:26:55","slug":"release","status":"publish","type":"page","link":"https:\/\/ultimato.com.br\/sites\/crianca-igreja-missao\/extras\/release\/","title":{"rendered":"Release"},"content":{"rendered":"<p>Aqui est\u00e1 o press-release do livro <strong><em>A Crian\u00e7a, a Igreja e a Miss\u00e3o<\/em><\/strong> para voc\u00ea divulgar no seu site, blog, jornal ou outro meio de comunica\u00e7\u00e3o do seu acesso. Ajude-nos a espalhar este conte\u00fado.<\/p>\n<p>&#8211; Arquivo em <a href=\"http:\/\/ultimato.com.br\/sites\/crianca-igreja-missao\/files\/2015\/05\/6-Release_Crianca_Ig_Missao_Jun_2015.pdf\">PDF<\/a>.<\/p>\n","protected":false},"excerpt":{"rendered":"<p>Aqui est\u00e1 o press-release do livro A Crian\u00e7a, a Igreja e a Miss\u00e3o para voc\u00ea divulgar no seu site, blog, jornal ou outro meio de comunica\u00e7\u00e3o do seu acesso. Ajude-nos a espalhar este conte\u00fado. &#8211; Arquivo em PDF.<\/p>\n","protected":false},"author":24,"featured_media":0,"parent":8,"menu_order":3,"comment_status":"closed","ping_status":"open","template":"","meta":{"footnotes":""},"class_list":["post-36","page","type-page","status-publish","hentry"],"_links":{"self":[{"href":"https:\/\/ultimato.com.br\/sites\/crianca-igreja-missao\/wp-json\/wp\/v2\/pages\/36","targetHints":{"allow":["GET"]}}],"collection":[{"href":"https:\/\/ultimato.com.br\/sites\/crianca-igreja-missao\/wp-json\/wp\/v2\/pages"}],"about":[{"href":"https:\/\/ultimato.com.br\/sites\/crianca-igreja-missao\/wp-json\/wp\/v2\/types\/page"}],"author":[{"embeddable":true,"href":"https:\/\/ultimato.com.br\/sites\/crianca-igreja-missao\/wp-json\/wp\/v2\/users\/24"}],"replies":[{"embeddable":true,"href":"https:\/\/ultimato.com.br\/sites\/crianca-igreja-missao\/wp-json\/wp\/v2\/comments?post=36"}],"version-history":[{"count":1,"href":"https:\/\/ultimato.com.br\/sites\/crianca-igreja-missao\/wp-json\/wp\/v2\/pages\/36\/revisions"}],"predecessor-version":[{"id":38,"href":"https:\/\/ultimato.com.br\/sites\/crianca-igreja-missao\/wp-json\/wp\/v2\/pages\/36\/revisions\/38"}],"up":[{"embeddable":true,"href":"https:\/\/ultimato.com.br\/sites\/crianca-igreja-missao\/wp-json\/wp\/v2\/pages\/8"}],"wp:attachment":[{"href":"https:\/\/ultimato.com.br\/sites\/crianca-igreja-missao\/wp-json\/wp\/v2\/media?parent=36"}],"curies":[{"name":"wp","href":"https:\/\/api.w.org\/{rel}","templated":true}]}}