{"id":7,"date":"2017-05-24T13:26:46","date_gmt":"2017-05-24T16:26:46","guid":{"rendered":"http:\/\/ultimato.com.br\/sites\/criacao-ou-evolucao\/?page_id=7"},"modified":"2017-06-29T08:30:44","modified_gmt":"2017-06-29T11:30:44","slug":"o-que-disseram","status":"publish","type":"page","link":"https:\/\/ultimato.com.br\/sites\/criacao-ou-evolucao\/o-que-disseram\/","title":{"rendered":"O que disseram"},"content":{"rendered":"<blockquote><p>Denis Alexander mostra acuidade cient\u00edfica, uma f\u00e9 viva e at\u00e9 humor em uma abordagem criteriosa, inteiramente crist\u00e3 e racional sobre cria\u00e7\u00e3o e evolu\u00e7\u00e3o. <strong>Cria\u00e7\u00e3o ou Evolu\u00e7\u00e3o \u2013 Precisamos escolher?<\/strong> vai percorrer um longo caminho para encorajar tantos os c\u00e9ticos como crist\u00e3os que o muito badalado conflito entre ci\u00eancia e religi\u00e3o \u00e9 uma miragem. E vai inspirar mais crist\u00e3os a prosseguirem em carreiras cient\u00edficas e tamb\u00e9m aos cientistas a examinarem de perto as reivindica\u00e7\u00f5es da f\u00e9 crist\u00e3.<\/p><\/blockquote>\n<p style=\"text-align: left;\"><em>\u2013<\/em><em> Andy Crouch<\/em><\/p>\n<p>&nbsp;<\/p>\n<blockquote><p><strong>Cria\u00e7\u00e3o ou Evolu\u00e7\u00e3o \u2013 Precisamos escolher?<\/strong> \u00e9 um livro que eu tenho esperado por muito tempo. E imagino que ele se tornar\u00e1 rapidamente um trabalho modelo sobre o assunto. Apesar da profundidade do assunto, o autor escreve com leveza e com riqueza de analogias que torna a leitura dif\u00edcil de ser abandonada.<\/p><\/blockquote>\n<p style=\"text-align: left;\"><em>\u2013<\/em><em> Harold Rowdon<\/em><\/p>\n<p>&nbsp;<\/p>\n<blockquote><p><strong>Cria\u00e7\u00e3o ou Evolu\u00e7\u00e3o<\/strong> fala a linguagem da ci\u00eancia e da f\u00e9 crist\u00e3 de maneira clara e acess\u00edvel.<\/p><\/blockquote>\n<p style=\"text-align: left;\"><em>\u2013 John Pritchard<\/em><\/p>\n<p>&nbsp;<\/p>\n<blockquote><p>Uma contribui\u00e7\u00e3o atual e consistente para um debate importante. Nenhum crist\u00e3o interessado nas quest\u00f5es das origens pode ignorar este livro.<\/p><\/blockquote>\n<p style=\"text-align: left;\">\u2013 <em>Julian Hardyman<\/em><\/p>\n<p>&nbsp;<\/p>\n<blockquote><p>Uma contribui\u00e7\u00e3o extremamente valiosa. Um trabalho profundo e estimulante.\u201d<\/p><\/blockquote>\n<p style=\"text-align: left;\"><em>\u2013 The Tablet<\/em><\/p>\n","protected":false},"excerpt":{"rendered":"<p>Denis Alexander mostra acuidade cient\u00edfica, uma f\u00e9 viva e at\u00e9 humor em uma abordagem criteriosa, inteiramente crist\u00e3 e racional sobre cria\u00e7\u00e3o e evolu\u00e7\u00e3o. Cria\u00e7\u00e3o ou Evolu\u00e7\u00e3o \u2013 Precisamos escolher? vai percorrer um longo caminho para encorajar tantos os c\u00e9ticos como crist\u00e3os que o muito badalado conflito entre ci\u00eancia e religi\u00e3o \u00e9 uma miragem. E vai [&hellip;]<\/p>\n","protected":false},"author":24,"featured_media":0,"parent":0,"menu_order":2,"comment_status":"closed","ping_status":"closed","template":"","meta":{"footnotes":""},"class_list":["post-7","page","type-page","status-publish","hentry"],"_links":{"self":[{"href":"https:\/\/ultimato.com.br\/sites\/criacao-ou-evolucao\/wp-json\/wp\/v2\/pages\/7","targetHints":{"allow":["GET"]}}],"collection":[{"href":"https:\/\/ultimato.com.br\/sites\/criacao-ou-evolucao\/wp-json\/wp\/v2\/pages"}],"about":[{"href":"https:\/\/ultimato.com.br\/sites\/criacao-ou-evolucao\/wp-json\/wp\/v2\/types\/page"}],"author":[{"embeddable":true,"href":"https:\/\/ultimato.com.br\/sites\/criacao-ou-evolucao\/wp-json\/wp\/v2\/users\/24"}],"replies":[{"embeddable":true,"href":"https:\/\/ultimato.com.br\/sites\/criacao-ou-evolucao\/wp-json\/wp\/v2\/comments?post=7"}],"version-history":[{"count":5,"href":"https:\/\/ultimato.com.br\/sites\/criacao-ou-evolucao\/wp-json\/wp\/v2\/pages\/7\/revisions"}],"predecessor-version":[{"id":50,"href":"https:\/\/ultimato.com.br\/sites\/criacao-ou-evolucao\/wp-json\/wp\/v2\/pages\/7\/revisions\/50"}],"wp:attachment":[{"href":"https:\/\/ultimato.com.br\/sites\/criacao-ou-evolucao\/wp-json\/wp\/v2\/media?parent=7"}],"curies":[{"name":"wp","href":"https:\/\/api.w.org\/{rel}","templated":true}]}}