{"id":5,"date":"2017-05-24T13:26:32","date_gmt":"2017-05-24T16:26:32","guid":{"rendered":"http:\/\/ultimato.com.br\/sites\/criacao-ou-evolucao\/?page_id=5"},"modified":"2017-05-24T16:14:05","modified_gmt":"2017-05-24T19:14:05","slug":"o-livro","status":"publish","type":"page","link":"https:\/\/ultimato.com.br\/sites\/criacao-ou-evolucao\/","title":{"rendered":"O Livro"},"content":{"rendered":"<blockquote><p>Um livro brilhante e de f\u00e1cil leitura. Denis Alexander argumenta de forma convincente e amorosa que os crist\u00e3os n\u00e3o precisam temer a evolu\u00e7\u00e3o, mas podem abra\u00e7\u00e1-la como um meio de cria\u00e7\u00e3o usado por Deus. Uma leitura obrigat\u00f3ria para aqueles que se preocupam com o futuro da f\u00e9 crist\u00e3.<\/p><\/blockquote>\n<p>\u2013 <em>Francis Collins<\/em><\/p>\n<p>&nbsp;<\/p>\n<p>POUCAS QUEST\u00d5ES GERAM TANTO DEBATE ENTRE OS CRIST\u00c3OS COMO &#8220;CRIA\u00c7\u00c3O OU EVOLU\u00c7\u00c3O:<\/p>\n<ul>\n<li>A evolu\u00e7\u00e3o \u00e9 ate\u00edsta?<\/li>\n<li>O que queremos dizer com \u201ccria\u00e7\u00e3o\u201d?<\/li>\n<li>Quais s\u00e3o as obje\u00e7\u00f5es cient\u00edficas \u00e0 evolu\u00e7\u00e3o?<\/li>\n<li>Quem eram Ad\u00e3o e Eva?<\/li>\n<li>\u00c9 poss\u00edvel conciliar o conceito da queda com a teoria da evolu\u00e7\u00e3o?<\/li>\n<li>O que dizer do <em>design<\/em> inteligente?<\/li>\n<\/ul>\n<p>&nbsp;<\/p>\n<p>Em <strong>Cria\u00e7\u00e3o ou Evolu\u00e7\u00e3o \u2013 Precisamos escolher?<\/strong>, o neurocientista Denis Alexander quer mostrar ao leitor que os dois livros, a B\u00edblia (o <em>Livro da Palavra de Deus<\/em>) e a Natureza (o <em>Livro das Obras de Deus<\/em>) podem ser lidos em harmonia. Assim como era para Agostinho, para o autor \u201ca natureza \u00e9 o que Deus faz\u201d.<\/p>\n","protected":false},"excerpt":{"rendered":"<p>Um livro brilhante e de f\u00e1cil leitura. Denis Alexander argumenta de forma convincente e amorosa que os crist\u00e3os n\u00e3o precisam temer a evolu\u00e7\u00e3o, mas podem abra\u00e7\u00e1-la como um meio de cria\u00e7\u00e3o usado por Deus. Uma leitura obrigat\u00f3ria para aqueles que se preocupam com o futuro da f\u00e9 crist\u00e3. \u2013 Francis Collins &nbsp; POUCAS QUEST\u00d5ES GERAM [&hellip;]<\/p>\n","protected":false},"author":24,"featured_media":0,"parent":0,"menu_order":1,"comment_status":"closed","ping_status":"closed","template":"","meta":{"footnotes":""},"class_list":["post-5","page","type-page","status-publish","hentry"],"_links":{"self":[{"href":"https:\/\/ultimato.com.br\/sites\/criacao-ou-evolucao\/wp-json\/wp\/v2\/pages\/5","targetHints":{"allow":["GET"]}}],"collection":[{"href":"https:\/\/ultimato.com.br\/sites\/criacao-ou-evolucao\/wp-json\/wp\/v2\/pages"}],"about":[{"href":"https:\/\/ultimato.com.br\/sites\/criacao-ou-evolucao\/wp-json\/wp\/v2\/types\/page"}],"author":[{"embeddable":true,"href":"https:\/\/ultimato.com.br\/sites\/criacao-ou-evolucao\/wp-json\/wp\/v2\/users\/24"}],"replies":[{"embeddable":true,"href":"https:\/\/ultimato.com.br\/sites\/criacao-ou-evolucao\/wp-json\/wp\/v2\/comments?post=5"}],"version-history":[{"count":7,"href":"https:\/\/ultimato.com.br\/sites\/criacao-ou-evolucao\/wp-json\/wp\/v2\/pages\/5\/revisions"}],"predecessor-version":[{"id":39,"href":"https:\/\/ultimato.com.br\/sites\/criacao-ou-evolucao\/wp-json\/wp\/v2\/pages\/5\/revisions\/39"}],"wp:attachment":[{"href":"https:\/\/ultimato.com.br\/sites\/criacao-ou-evolucao\/wp-json\/wp\/v2\/media?parent=5"}],"curies":[{"name":"wp","href":"https:\/\/api.w.org\/{rel}","templated":true}]}}