{"id":21,"date":"2017-05-24T13:29:28","date_gmt":"2017-05-24T16:29:28","guid":{"rendered":"http:\/\/ultimato.com.br\/sites\/criacao-ou-evolucao\/?page_id=21"},"modified":"2017-06-08T16:58:13","modified_gmt":"2017-06-08T19:58:13","slug":"release","status":"publish","type":"page","link":"https:\/\/ultimato.com.br\/sites\/criacao-ou-evolucao\/extras\/release\/","title":{"rendered":"Release"},"content":{"rendered":"<p>Aqui est\u00e1 o press-release do livro <em>Cria\u00e7\u00e3o ou Evolu\u00e7\u00e3o<\/em>\u00a0para voc\u00ea divulgar no seu site, blog, jornal ou outro meio de comunica\u00e7\u00e3o do seu acesso. Ajude-nos a espalhar este conte\u00fado!<\/p>\n<p>\u2013 Arquivo em <a href=\"http:\/\/ultimato.com.br\/sites\/criacao-ou-evolucao\/files\/2017\/05\/Release-Cria\u00e7\u00e3o-ou-Evolu\u00e7\u00e3o.pdf\">PDF<\/a>.<\/p>\n","protected":false},"excerpt":{"rendered":"<p>Aqui est\u00e1 o press-release do livro Cria\u00e7\u00e3o ou Evolu\u00e7\u00e3o\u00a0para voc\u00ea divulgar no seu site, blog, jornal ou outro meio de comunica\u00e7\u00e3o do seu acesso. Ajude-nos a espalhar este conte\u00fado! \u2013 Arquivo em PDF.<\/p>\n","protected":false},"author":24,"featured_media":0,"parent":11,"menu_order":3,"comment_status":"closed","ping_status":"closed","template":"","meta":{"footnotes":""},"class_list":["post-21","page","type-page","status-publish","hentry"],"_links":{"self":[{"href":"https:\/\/ultimato.com.br\/sites\/criacao-ou-evolucao\/wp-json\/wp\/v2\/pages\/21","targetHints":{"allow":["GET"]}}],"collection":[{"href":"https:\/\/ultimato.com.br\/sites\/criacao-ou-evolucao\/wp-json\/wp\/v2\/pages"}],"about":[{"href":"https:\/\/ultimato.com.br\/sites\/criacao-ou-evolucao\/wp-json\/wp\/v2\/types\/page"}],"author":[{"embeddable":true,"href":"https:\/\/ultimato.com.br\/sites\/criacao-ou-evolucao\/wp-json\/wp\/v2\/users\/24"}],"replies":[{"embeddable":true,"href":"https:\/\/ultimato.com.br\/sites\/criacao-ou-evolucao\/wp-json\/wp\/v2\/comments?post=21"}],"version-history":[{"count":4,"href":"https:\/\/ultimato.com.br\/sites\/criacao-ou-evolucao\/wp-json\/wp\/v2\/pages\/21\/revisions"}],"predecessor-version":[{"id":47,"href":"https:\/\/ultimato.com.br\/sites\/criacao-ou-evolucao\/wp-json\/wp\/v2\/pages\/21\/revisions\/47"}],"up":[{"embeddable":true,"href":"https:\/\/ultimato.com.br\/sites\/criacao-ou-evolucao\/wp-json\/wp\/v2\/pages\/11"}],"wp:attachment":[{"href":"https:\/\/ultimato.com.br\/sites\/criacao-ou-evolucao\/wp-json\/wp\/v2\/media?parent=21"}],"curies":[{"name":"wp","href":"https:\/\/api.w.org\/{rel}","templated":true}]}}