{"id":35,"date":"2012-03-15T11:01:27","date_gmt":"2012-03-15T14:01:27","guid":{"rendered":"http:\/\/ultimato.com.br\/sites\/crer-tambem-pensar\/?page_id=35"},"modified":"2012-03-15T11:02:03","modified_gmt":"2012-03-15T14:02:03","slug":"o-autor","status":"publish","type":"page","link":"https:\/\/ultimato.com.br\/sites\/crer-tambem-pensar\/o-autor\/","title":{"rendered":"O Autor"},"content":{"rendered":"<p>Conhecido no mundo inteiro como te\u00f3logo, escritor e evangelista, John Stott foi pastor da All Souls Church, em Londres, capel\u00e3o da rainha da Inglaterra e fundador do London Institute for Contemporary Christianity. Foi indicado pela revista <em>Time<\/em> como uma das cem personalidades mais influentes do mundo. Escreveu mais de quarenta livros, entre os quais <em><a href=\"http:\/\/www.ultimato.com.br\/loja\/produtos\/a-verdade-do-evangelho\" target=\"_blank\">A Verdade do Evangelho<\/a><\/em>;\u00a0<em><a href=\"http:\/\/www.ultimato.com.br\/loja\/produtos\/ouca-o-espirito-ouca-o-mundo\" target=\"_blank\">Ou\u00e7a o Esp\u00edrito, Ou\u00e7a o Mundo<\/a><\/em>; <em><a href=\"http:\/\/www.ultimato.com.br\/loja\/produtos\/por-que-sou-cristao\" target=\"_blank\">Por Que Sou Crist\u00e3o<\/a><\/em>; <em><a href=\"http:\/\/www.ultimato.com.br\/loja\/produtos\/cristianismo-basico\" target=\"_blank\">Cristianismo B\u00e1sico<\/a><\/em>; <em><a href=\"http:\/\/www.ultimato.com.br\/loja\/produtos\/a-biblia-toda-o-ano-todo\" target=\"_blank\">A B\u00edblia Toda, O Ano Todo<\/a><\/em>; <em><a href=\"http:\/\/www.ultimato.com.br\/loja\/produtos\/a-missao-crista-no-mundo-moderno\" target=\"_blank\">A Miss\u00e3o Crist\u00e3 no Mundo Moderno<\/a><\/em> e <a href=\"http:\/\/www.ultimato.com.br\/loja\/produtos\/o-discipulo-radical\" target=\"_blank\"><em>O Disc\u00edpulo Radical<\/em>.<\/a><\/p>\n","protected":false},"excerpt":{"rendered":"<p>Conhecido no mundo inteiro como te\u00f3logo, escritor e evangelista, John Stott foi pastor da All Souls Church, em Londres, capel\u00e3o da rainha da Inglaterra e fundador do London Institute for Contemporary Christianity. Foi indicado pela revista Time como uma das cem personalidades mais influentes do mundo. Escreveu mais de quarenta livros, entre os quais A [&hellip;]<\/p>\n","protected":false},"author":24,"featured_media":0,"parent":0,"menu_order":2,"comment_status":"open","ping_status":"closed","template":"","meta":{"footnotes":""},"class_list":["post-35","page","type-page","status-publish","hentry"],"_links":{"self":[{"href":"https:\/\/ultimato.com.br\/sites\/crer-tambem-pensar\/wp-json\/wp\/v2\/pages\/35","targetHints":{"allow":["GET"]}}],"collection":[{"href":"https:\/\/ultimato.com.br\/sites\/crer-tambem-pensar\/wp-json\/wp\/v2\/pages"}],"about":[{"href":"https:\/\/ultimato.com.br\/sites\/crer-tambem-pensar\/wp-json\/wp\/v2\/types\/page"}],"author":[{"embeddable":true,"href":"https:\/\/ultimato.com.br\/sites\/crer-tambem-pensar\/wp-json\/wp\/v2\/users\/24"}],"replies":[{"embeddable":true,"href":"https:\/\/ultimato.com.br\/sites\/crer-tambem-pensar\/wp-json\/wp\/v2\/comments?post=35"}],"version-history":[{"count":2,"href":"https:\/\/ultimato.com.br\/sites\/crer-tambem-pensar\/wp-json\/wp\/v2\/pages\/35\/revisions"}],"predecessor-version":[{"id":38,"href":"https:\/\/ultimato.com.br\/sites\/crer-tambem-pensar\/wp-json\/wp\/v2\/pages\/35\/revisions\/38"}],"wp:attachment":[{"href":"https:\/\/ultimato.com.br\/sites\/crer-tambem-pensar\/wp-json\/wp\/v2\/media?parent=35"}],"curies":[{"name":"wp","href":"https:\/\/api.w.org\/{rel}","templated":true}]}}