{"id":8,"date":"2015-04-28T02:51:46","date_gmt":"2015-04-28T02:51:46","guid":{"rendered":"http:\/\/ultimato.com.br\/sites\/controversias-jesus\/?page_id=8"},"modified":"2015-04-29T17:58:21","modified_gmt":"2015-04-29T17:58:21","slug":"o-que-disseram","status":"publish","type":"page","link":"https:\/\/ultimato.com.br\/sites\/controversias-jesus\/o-que-disseram\/","title":{"rendered":"O que disseram"},"content":{"rendered":"<blockquote><p><strong>As Controv\u00e9rsias de Jesus<\/strong> \u00e9 n\u00e3o apenas um dos melhores livros de John Stott, mas um dos livros mais importantes das \u00faltimas d\u00e9cadas. Em um mundo que rejeita cada vez mais o conceito da verdade e com uma igreja marcada pela indiferen\u00e7a doutrin\u00e1ria, o apelo \u00e0 obedi\u00eancia ao ensino de Cristo sobre cren\u00e7as essenciais e a seu exemplo em defend\u00ea-las \u00e9 urgentemente necess\u00e1rio.<\/p><\/blockquote>\n<p><em>\u2013 Vaughan Roberts<\/em>, reitor de St. Ebbes, em Oxford, e diretor de Proclamation Trust<\/p>\n<p>&nbsp;<\/p>\n<blockquote><p>Claro, b\u00edblico e cristoc\u00eantrico. Uma defesa magistral do cristianismo b\u00edblico. A partir dos debates de Jesus com os fariseus e saduceus, John Stott aponta as vers\u00f5es modernas das mesmas distor\u00e7\u00f5es. Profundo e f\u00e1cil de ler, <strong>As Controv\u00e9rsias de Jesus<\/strong> \u00e9 t\u00e3o relevante hoje quanto o foi quando foi publicado pela primeira vez.<\/p><\/blockquote>\n<p><em>\u2013 John Wyatt<\/em>, professor em\u00e9rito de pediatria neonatal da University College London<\/p>\n<p>&nbsp;<\/p>\n<blockquote><p>Todos os crist\u00e3os s\u00e9rios deveriam ler esta exposi\u00e7\u00e3o cl\u00e1ssica dos princ\u00edpios essenciais do evangelho. Sua mensagem central \u00e9 necess\u00e1ria hoje mais do que nunca. John Stott exp\u00f5e de maneira persuasiva, generosa e l\u00facida o que significa ser fiel a Jesus Cristo. <strong>As Controv\u00e9rsias de Jesus<\/strong> \u00e9 um livro magn\u00edfico.<\/p><\/blockquote>\n<p><em>\u2013 Christopher Ash<\/em>, diretor do Cornhill Training Center<\/p>\n","protected":false},"excerpt":{"rendered":"<p>As Controv\u00e9rsias de Jesus \u00e9 n\u00e3o apenas um dos melhores livros de John Stott, mas um dos livros mais importantes das \u00faltimas d\u00e9cadas. Em um mundo que rejeita cada vez mais o conceito da verdade e com uma igreja marcada pela indiferen\u00e7a doutrin\u00e1ria, o apelo \u00e0 obedi\u00eancia ao ensino de Cristo sobre cren\u00e7as essenciais e [&hellip;]<\/p>\n","protected":false},"author":24,"featured_media":0,"parent":0,"menu_order":2,"comment_status":"closed","ping_status":"open","template":"","meta":{"footnotes":""},"class_list":["post-8","page","type-page","status-publish","hentry"],"_links":{"self":[{"href":"https:\/\/ultimato.com.br\/sites\/controversias-jesus\/wp-json\/wp\/v2\/pages\/8","targetHints":{"allow":["GET"]}}],"collection":[{"href":"https:\/\/ultimato.com.br\/sites\/controversias-jesus\/wp-json\/wp\/v2\/pages"}],"about":[{"href":"https:\/\/ultimato.com.br\/sites\/controversias-jesus\/wp-json\/wp\/v2\/types\/page"}],"author":[{"embeddable":true,"href":"https:\/\/ultimato.com.br\/sites\/controversias-jesus\/wp-json\/wp\/v2\/users\/24"}],"replies":[{"embeddable":true,"href":"https:\/\/ultimato.com.br\/sites\/controversias-jesus\/wp-json\/wp\/v2\/comments?post=8"}],"version-history":[{"count":2,"href":"https:\/\/ultimato.com.br\/sites\/controversias-jesus\/wp-json\/wp\/v2\/pages\/8\/revisions"}],"predecessor-version":[{"id":20,"href":"https:\/\/ultimato.com.br\/sites\/controversias-jesus\/wp-json\/wp\/v2\/pages\/8\/revisions\/20"}],"wp:attachment":[{"href":"https:\/\/ultimato.com.br\/sites\/controversias-jesus\/wp-json\/wp\/v2\/media?parent=8"}],"curies":[{"name":"wp","href":"https:\/\/api.w.org\/{rel}","templated":true}]}}