{"id":6,"date":"2015-04-28T02:51:23","date_gmt":"2015-04-28T02:51:23","guid":{"rendered":"http:\/\/ultimato.com.br\/sites\/controversias-jesus\/?page_id=6"},"modified":"2015-04-29T17:57:35","modified_gmt":"2015-04-29T17:57:35","slug":"o-livro","status":"publish","type":"page","link":"https:\/\/ultimato.com.br\/sites\/controversias-jesus\/","title":{"rendered":"O Livro"},"content":{"rendered":"<p><strong>As Controv\u00e9rsias de Jesus<\/strong> mostra que grande parte das falas de Jesus assumiu a forma de debates com os l\u00edderes religiosos da sua \u00e9poca.<\/p>\n<p>E os assuntos s\u00e3o os mais variados e tamb\u00e9m bastante atuais:<\/p>\n<p>&#8211; a tradi\u00e7\u00e3o e a autoridade das Escrituras<\/p>\n<p>&#8211; salva\u00e7\u00e3o: m\u00e9rito <em>versus<\/em> gra\u00e7a<\/p>\n<p>&#8211; adora\u00e7\u00e3o<\/p>\n<p>&#8211; mundanismo <em>versus<\/em> santidade<\/p>\n<p>&#8211; moralidade<\/p>\n<p>&#8211; legalismo<\/p>\n<p>Entre outros.<\/p>\n<p>Claro, Jesus n\u00e3o agradou a todos. Na verdade, ele agradou a poucos. Mesmo entre os religiosos. E as controv\u00e9rsias de Jesus continuam ainda hoje e a posi\u00e7\u00e3o que Cristo adotou em cada debate \u00e9 a que os crist\u00e3os <em>evang\u00e9licos <\/em>precisam manter.<\/p>\n","protected":false},"excerpt":{"rendered":"<p>As Controv\u00e9rsias de Jesus mostra que grande parte das falas de Jesus assumiu a forma de debates com os l\u00edderes religiosos da sua \u00e9poca. E os assuntos s\u00e3o os mais variados e tamb\u00e9m bastante atuais: &#8211; a tradi\u00e7\u00e3o e a autoridade das Escrituras &#8211; salva\u00e7\u00e3o: m\u00e9rito versus gra\u00e7a &#8211; adora\u00e7\u00e3o &#8211; mundanismo versus santidade &#8211; [&hellip;]<\/p>\n","protected":false},"author":24,"featured_media":0,"parent":0,"menu_order":1,"comment_status":"closed","ping_status":"open","template":"","meta":{"footnotes":""},"class_list":["post-6","page","type-page","status-publish","hentry"],"_links":{"self":[{"href":"https:\/\/ultimato.com.br\/sites\/controversias-jesus\/wp-json\/wp\/v2\/pages\/6","targetHints":{"allow":["GET"]}}],"collection":[{"href":"https:\/\/ultimato.com.br\/sites\/controversias-jesus\/wp-json\/wp\/v2\/pages"}],"about":[{"href":"https:\/\/ultimato.com.br\/sites\/controversias-jesus\/wp-json\/wp\/v2\/types\/page"}],"author":[{"embeddable":true,"href":"https:\/\/ultimato.com.br\/sites\/controversias-jesus\/wp-json\/wp\/v2\/users\/24"}],"replies":[{"embeddable":true,"href":"https:\/\/ultimato.com.br\/sites\/controversias-jesus\/wp-json\/wp\/v2\/comments?post=6"}],"version-history":[{"count":2,"href":"https:\/\/ultimato.com.br\/sites\/controversias-jesus\/wp-json\/wp\/v2\/pages\/6\/revisions"}],"predecessor-version":[{"id":19,"href":"https:\/\/ultimato.com.br\/sites\/controversias-jesus\/wp-json\/wp\/v2\/pages\/6\/revisions\/19"}],"wp:attachment":[{"href":"https:\/\/ultimato.com.br\/sites\/controversias-jesus\/wp-json\/wp\/v2\/media?parent=6"}],"curies":[{"name":"wp","href":"https:\/\/api.w.org\/{rel}","templated":true}]}}