{"id":38,"date":"2015-05-06T00:13:47","date_gmt":"2015-05-06T00:13:47","guid":{"rendered":"http:\/\/ultimato.com.br\/sites\/controversias-jesus\/?page_id=38"},"modified":"2015-05-06T00:13:47","modified_gmt":"2015-05-06T00:13:47","slug":"release","status":"publish","type":"page","link":"https:\/\/ultimato.com.br\/sites\/controversias-jesus\/extras\/release\/","title":{"rendered":"Release"},"content":{"rendered":"<p>Aqui est\u00e1 o\u00a0<em>press-release<\/em>\u00a0do livro\u00a0<strong>As Controv\u00e9rsias de Jesus<\/strong>\u00a0para voc\u00ea divulgar no seu site, blog, jornal ou outro meio de comunica\u00e7\u00e3o do seu acesso. Ajude-nos a espalhar este conte\u00fado que se faz t\u00e3o necess\u00e1rio para nossa caminhada di\u00e1ria.<\/p>\n<p>&#8211; Arquivo em\u00a0<a href=\"http:\/\/ultimato.com.br\/sites\/controversias-jesus\/files\/2015\/05\/5-Release_Controversias_Jesus_Mai_2015.pdf\" target=\"_blank\">PDF<\/a>.<\/p>\n","protected":false},"excerpt":{"rendered":"<p>Aqui est\u00e1 o\u00a0press-release\u00a0do livro\u00a0As Controv\u00e9rsias de Jesus\u00a0para voc\u00ea divulgar no seu site, blog, jornal ou outro meio de comunica\u00e7\u00e3o do seu acesso. Ajude-nos a espalhar este conte\u00fado que se faz t\u00e3o necess\u00e1rio para nossa caminhada di\u00e1ria. &#8211; Arquivo em\u00a0PDF.<\/p>\n","protected":false},"author":24,"featured_media":0,"parent":12,"menu_order":4,"comment_status":"closed","ping_status":"open","template":"","meta":{"footnotes":""},"class_list":["post-38","page","type-page","status-publish","hentry"],"_links":{"self":[{"href":"https:\/\/ultimato.com.br\/sites\/controversias-jesus\/wp-json\/wp\/v2\/pages\/38","targetHints":{"allow":["GET"]}}],"collection":[{"href":"https:\/\/ultimato.com.br\/sites\/controversias-jesus\/wp-json\/wp\/v2\/pages"}],"about":[{"href":"https:\/\/ultimato.com.br\/sites\/controversias-jesus\/wp-json\/wp\/v2\/types\/page"}],"author":[{"embeddable":true,"href":"https:\/\/ultimato.com.br\/sites\/controversias-jesus\/wp-json\/wp\/v2\/users\/24"}],"replies":[{"embeddable":true,"href":"https:\/\/ultimato.com.br\/sites\/controversias-jesus\/wp-json\/wp\/v2\/comments?post=38"}],"version-history":[{"count":1,"href":"https:\/\/ultimato.com.br\/sites\/controversias-jesus\/wp-json\/wp\/v2\/pages\/38\/revisions"}],"predecessor-version":[{"id":40,"href":"https:\/\/ultimato.com.br\/sites\/controversias-jesus\/wp-json\/wp\/v2\/pages\/38\/revisions\/40"}],"up":[{"embeddable":true,"href":"https:\/\/ultimato.com.br\/sites\/controversias-jesus\/wp-json\/wp\/v2\/pages\/12"}],"wp:attachment":[{"href":"https:\/\/ultimato.com.br\/sites\/controversias-jesus\/wp-json\/wp\/v2\/media?parent=38"}],"curies":[{"name":"wp","href":"https:\/\/api.w.org\/{rel}","templated":true}]}}