{"id":10,"date":"2015-04-28T02:52:10","date_gmt":"2015-04-28T02:52:10","guid":{"rendered":"http:\/\/ultimato.com.br\/sites\/controversias-jesus\/?page_id=10"},"modified":"2015-04-29T18:04:50","modified_gmt":"2015-04-29T18:04:50","slug":"o-autor","status":"publish","type":"page","link":"https:\/\/ultimato.com.br\/sites\/controversias-jesus\/o-autor\/","title":{"rendered":"O Autor"},"content":{"rendered":"<p><a href=\"http:\/\/ultimato.com.br\/sites\/controversias-jesus\/files\/2015\/04\/foto_hs_pcvs.jpg\"><img loading=\"lazy\" decoding=\"async\" class=\"alignleft size-thumbnail wp-image-23\" src=\"http:\/\/ultimato.com.br\/sites\/controversias-jesus\/files\/2015\/04\/foto_hs_pcvs-150x150.jpg\" alt=\"foto_hs_pcvs\" width=\"150\" height=\"150\" \/><\/a>Conhecido no mundo inteiro como te\u00f3logo, escritor e evangelista, John Stott \u00e9 autor de mais de quarenta livros, incluindo <em>A Miss\u00e3o Crist\u00e3 no Mundo Moderno<\/em>, <em>A B\u00edblia Toda, O Ano Todo<\/em>, <em>Por Que Sou Crist\u00e3o<\/em>, <em>O Disc\u00edpulo Radical<\/em>, <em>Os Crist\u00e3os e os Desafios Contempor\u00e2neos<\/em>, <em>Para Entender a B\u00edblia<\/em> e o campe\u00e3o de vendas <a href=\"http:\/\/www.ultimato.com.br\/loja\/produtos\/cristianismo-basico\">Cristianismo B\u00e1sico<\/a>. Stott foi pastor em\u00e9rito da All Souls Church, em Londres, e fundador do London Institute for Contemporary Christianity. Foi indicado pela revista <em>Time<\/em> como uma das cem personalidades mais influentes do mundo.<\/p>\n","protected":false},"excerpt":{"rendered":"<p>Conhecido no mundo inteiro como te\u00f3logo, escritor e evangelista, John Stott \u00e9 autor de mais de quarenta livros, incluindo A Miss\u00e3o Crist\u00e3 no Mundo Moderno, A B\u00edblia Toda, O Ano Todo, Por Que Sou Crist\u00e3o, O Disc\u00edpulo Radical, Os Crist\u00e3os e os Desafios Contempor\u00e2neos, Para Entender a B\u00edblia e o campe\u00e3o de vendas Cristianismo B\u00e1sico. [&hellip;]<\/p>\n","protected":false},"author":24,"featured_media":0,"parent":0,"menu_order":3,"comment_status":"closed","ping_status":"open","template":"","meta":{"footnotes":""},"class_list":["post-10","page","type-page","status-publish","hentry"],"_links":{"self":[{"href":"https:\/\/ultimato.com.br\/sites\/controversias-jesus\/wp-json\/wp\/v2\/pages\/10","targetHints":{"allow":["GET"]}}],"collection":[{"href":"https:\/\/ultimato.com.br\/sites\/controversias-jesus\/wp-json\/wp\/v2\/pages"}],"about":[{"href":"https:\/\/ultimato.com.br\/sites\/controversias-jesus\/wp-json\/wp\/v2\/types\/page"}],"author":[{"embeddable":true,"href":"https:\/\/ultimato.com.br\/sites\/controversias-jesus\/wp-json\/wp\/v2\/users\/24"}],"replies":[{"embeddable":true,"href":"https:\/\/ultimato.com.br\/sites\/controversias-jesus\/wp-json\/wp\/v2\/comments?post=10"}],"version-history":[{"count":3,"href":"https:\/\/ultimato.com.br\/sites\/controversias-jesus\/wp-json\/wp\/v2\/pages\/10\/revisions"}],"predecessor-version":[{"id":26,"href":"https:\/\/ultimato.com.br\/sites\/controversias-jesus\/wp-json\/wp\/v2\/pages\/10\/revisions\/26"}],"wp:attachment":[{"href":"https:\/\/ultimato.com.br\/sites\/controversias-jesus\/wp-json\/wp\/v2\/media?parent=10"}],"curies":[{"name":"wp","href":"https:\/\/api.w.org\/{rel}","templated":true}]}}