{"id":9,"date":"2017-05-25T15:01:19","date_gmt":"2017-05-25T18:01:19","guid":{"rendered":"http:\/\/ultimato.com.br\/sites\/contando-e-cantando\/?page_id=9"},"modified":"2017-06-01T13:42:43","modified_gmt":"2017-06-01T16:42:43","slug":"o-autor","status":"publish","type":"page","link":"https:\/\/ultimato.com.br\/sites\/contando-e-cantando\/o-autor\/","title":{"rendered":"A Autora"},"content":{"rendered":"<p><img loading=\"lazy\" decoding=\"async\" class=\"size-thumbnail wp-image-38 alignleft\" src=\"http:\/\/ultimato.com.br\/sites\/contando-e-cantando\/files\/2017\/05\/autora_cec-150x150.jpg\" alt=\"\" width=\"150\" height=\"150\" srcset=\"https:\/\/ultimato.com.br\/sites\/contando-e-cantando\/files\/2017\/05\/autora_cec-150x150.jpg 150w, https:\/\/ultimato.com.br\/sites\/contando-e-cantando\/files\/2017\/05\/autora_cec-300x300.jpg 300w, https:\/\/ultimato.com.br\/sites\/contando-e-cantando\/files\/2017\/05\/autora_cec.jpg 370w\" sizes=\"auto, (max-width: 150px) 100vw, 150px\" \/><\/p>\n<p>&nbsp;<\/p>\n<p><strong>Henriqueta<\/strong><strong>\u00a0<\/strong><strong>Rosa F. Braga<\/strong> (1909-1982) foi musicista, professora e music\u00f3loga. Recebeu o primeiro diploma universit\u00e1rio de m\u00fasica conferido no Brasil. Pesquisadora, palestrante e conferencista, dedicou-se \u00e0 conserva\u00e7\u00e3o e \u00e0s publica\u00e7\u00f5es do hin\u00e1rio <em>Salmos e Hinos<\/em>, que formou gera\u00e7\u00f5es de protestantes no Brasil desde as suas primeiras edi\u00e7\u00f5es. Assinou a coluna da revista <em>Ultimato<\/em> intitulada \u201cM\u00fasica sacra\u201d, publicada de 1968 a 1984.<\/p>\n","protected":false},"excerpt":{"rendered":"<p>&nbsp; Henriqueta\u00a0Rosa F. Braga (1909-1982) foi musicista, professora e music\u00f3loga. Recebeu o primeiro diploma universit\u00e1rio de m\u00fasica conferido no Brasil. Pesquisadora, palestrante e conferencista, dedicou-se \u00e0 conserva\u00e7\u00e3o e \u00e0s publica\u00e7\u00f5es do hin\u00e1rio Salmos e Hinos, que formou gera\u00e7\u00f5es de protestantes no Brasil desde as suas primeiras edi\u00e7\u00f5es. Assinou a coluna da revista Ultimato intitulada \u201cM\u00fasica [&hellip;]<\/p>\n","protected":false},"author":24,"featured_media":0,"parent":0,"menu_order":3,"comment_status":"closed","ping_status":"closed","template":"","meta":{"footnotes":""},"class_list":["post-9","page","type-page","status-publish","hentry"],"_links":{"self":[{"href":"https:\/\/ultimato.com.br\/sites\/contando-e-cantando\/wp-json\/wp\/v2\/pages\/9","targetHints":{"allow":["GET"]}}],"collection":[{"href":"https:\/\/ultimato.com.br\/sites\/contando-e-cantando\/wp-json\/wp\/v2\/pages"}],"about":[{"href":"https:\/\/ultimato.com.br\/sites\/contando-e-cantando\/wp-json\/wp\/v2\/types\/page"}],"author":[{"embeddable":true,"href":"https:\/\/ultimato.com.br\/sites\/contando-e-cantando\/wp-json\/wp\/v2\/users\/24"}],"replies":[{"embeddable":true,"href":"https:\/\/ultimato.com.br\/sites\/contando-e-cantando\/wp-json\/wp\/v2\/comments?post=9"}],"version-history":[{"count":4,"href":"https:\/\/ultimato.com.br\/sites\/contando-e-cantando\/wp-json\/wp\/v2\/pages\/9\/revisions"}],"predecessor-version":[{"id":58,"href":"https:\/\/ultimato.com.br\/sites\/contando-e-cantando\/wp-json\/wp\/v2\/pages\/9\/revisions\/58"}],"wp:attachment":[{"href":"https:\/\/ultimato.com.br\/sites\/contando-e-cantando\/wp-json\/wp\/v2\/media?parent=9"}],"curies":[{"name":"wp","href":"https:\/\/api.w.org\/{rel}","templated":true}]}}