{"id":7,"date":"2017-05-25T15:01:07","date_gmt":"2017-05-25T18:01:07","guid":{"rendered":"http:\/\/ultimato.com.br\/sites\/contando-e-cantando\/?page_id=7"},"modified":"2017-06-29T08:31:08","modified_gmt":"2017-06-29T11:31:08","slug":"o-que-disseram","status":"publish","type":"page","link":"https:\/\/ultimato.com.br\/sites\/contando-e-cantando\/o-que-disseram\/","title":{"rendered":"O que disseram"},"content":{"rendered":"<blockquote><p>A extens\u00e3o da produ\u00e7\u00e3o de Henriqueta Braga revela uma pesquisadora met\u00f3dica e rigorosa, detalhista e informada, al\u00e9m de afinada com as tecnologias de seu tempo e muito bem relacionada. As atua\u00e7\u00f5es nos campos religioso e secular n\u00e3o tinham diferencial de valor ou dicotomia. Sua trajet\u00f3ria desfaz a constru\u00e7\u00e3o da imagem feminina evang\u00e9lica voltada para a submiss\u00e3o ao poder masculino, a docilidade ing\u00eanua, a redu\u00e7\u00e3o ao espa\u00e7o dom\u00e9stico, a invisibilidade na institui\u00e7\u00e3o e a n\u00e3o participa\u00e7\u00e3o na sociedade.<\/p><\/blockquote>\n<p style=\"text-align: left;\"><em>&#8211; Lyndon de Ara\u00fajo Santos<\/em><\/p>\n","protected":false},"excerpt":{"rendered":"<p>A extens\u00e3o da produ\u00e7\u00e3o de Henriqueta Braga revela uma pesquisadora met\u00f3dica e rigorosa, detalhista e informada, al\u00e9m de afinada com as tecnologias de seu tempo e muito bem relacionada. As atua\u00e7\u00f5es nos campos religioso e secular n\u00e3o tinham diferencial de valor ou dicotomia. Sua trajet\u00f3ria desfaz a constru\u00e7\u00e3o da imagem feminina evang\u00e9lica voltada para a [&hellip;]<\/p>\n","protected":false},"author":24,"featured_media":0,"parent":0,"menu_order":2,"comment_status":"closed","ping_status":"closed","template":"","meta":{"footnotes":""},"class_list":["post-7","page","type-page","status-publish","hentry"],"_links":{"self":[{"href":"https:\/\/ultimato.com.br\/sites\/contando-e-cantando\/wp-json\/wp\/v2\/pages\/7","targetHints":{"allow":["GET"]}}],"collection":[{"href":"https:\/\/ultimato.com.br\/sites\/contando-e-cantando\/wp-json\/wp\/v2\/pages"}],"about":[{"href":"https:\/\/ultimato.com.br\/sites\/contando-e-cantando\/wp-json\/wp\/v2\/types\/page"}],"author":[{"embeddable":true,"href":"https:\/\/ultimato.com.br\/sites\/contando-e-cantando\/wp-json\/wp\/v2\/users\/24"}],"replies":[{"embeddable":true,"href":"https:\/\/ultimato.com.br\/sites\/contando-e-cantando\/wp-json\/wp\/v2\/comments?post=7"}],"version-history":[{"count":5,"href":"https:\/\/ultimato.com.br\/sites\/contando-e-cantando\/wp-json\/wp\/v2\/pages\/7\/revisions"}],"predecessor-version":[{"id":77,"href":"https:\/\/ultimato.com.br\/sites\/contando-e-cantando\/wp-json\/wp\/v2\/pages\/7\/revisions\/77"}],"wp:attachment":[{"href":"https:\/\/ultimato.com.br\/sites\/contando-e-cantando\/wp-json\/wp\/v2\/media?parent=7"}],"curies":[{"name":"wp","href":"https:\/\/api.w.org\/{rel}","templated":true}]}}