{"id":5,"date":"2017-05-25T15:00:56","date_gmt":"2017-05-25T18:00:56","guid":{"rendered":"http:\/\/ultimato.com.br\/sites\/contando-e-cantando\/?page_id=5"},"modified":"2017-06-14T13:59:05","modified_gmt":"2017-06-14T16:59:05","slug":"o-livro","status":"publish","type":"page","link":"https:\/\/ultimato.com.br\/sites\/contando-e-cantando\/","title":{"rendered":"O Livro"},"content":{"rendered":"<p><iframe loading=\"lazy\" src=\"https:\/\/www.youtube.com\/embed\/gs4k9_vw9Cw\" width=\"560\" height=\"315\" frameborder=\"0\" allowfullscreen=\"allowfullscreen\"><\/iframe><\/p>\n<p><strong>Contando e Cantando \u2013 conhecendo as hist\u00f3rias de hinos crist\u00e3os<\/strong> re\u00fane uma sele\u00e7\u00e3o de hinos e c\u00e2nticos que formaram gera\u00e7\u00f5es de protestantes no Brasil.<\/p>\n<p>Um livro para conhecer a hist\u00f3ria e reencontrar a letra dos hinos cl\u00e1ssicos cantados nas igrejas evang\u00e9licas e resgatar n\u00e3o apenas a hist\u00f3ria da igreja, mas tamb\u00e9m lembran\u00e7as da nossa pr\u00f3pria caminhada crist\u00e3.<\/p>\n<p>Da musicista, erudita e doutora em m\u00fasica Henriqueta Braga, chamada de a \u201cmadrinha do hin\u00e1rio <em>Salmos e Hinos<\/em>\u201d, <strong>Contando e Cantando <\/strong>foi organizado a partir da se\u00e7\u00e3o \u201cM\u00fasica sacra\u201d, assinada pela autora e publicada pela revista <em>Ultimato<\/em> entre os anos de 1968 e 1984.<\/p>\n","protected":false},"excerpt":{"rendered":"<p>Contando e Cantando \u2013 conhecendo as hist\u00f3rias de hinos crist\u00e3os re\u00fane uma sele\u00e7\u00e3o de hinos e c\u00e2nticos que formaram gera\u00e7\u00f5es de protestantes no Brasil. Um livro para conhecer a hist\u00f3ria e reencontrar a letra dos hinos cl\u00e1ssicos cantados nas igrejas evang\u00e9licas e resgatar n\u00e3o apenas a hist\u00f3ria da igreja, mas tamb\u00e9m lembran\u00e7as da nossa pr\u00f3pria [&hellip;]<\/p>\n","protected":false},"author":24,"featured_media":0,"parent":0,"menu_order":1,"comment_status":"closed","ping_status":"closed","template":"","meta":{"footnotes":""},"class_list":["post-5","page","type-page","status-publish","hentry"],"_links":{"self":[{"href":"https:\/\/ultimato.com.br\/sites\/contando-e-cantando\/wp-json\/wp\/v2\/pages\/5","targetHints":{"allow":["GET"]}}],"collection":[{"href":"https:\/\/ultimato.com.br\/sites\/contando-e-cantando\/wp-json\/wp\/v2\/pages"}],"about":[{"href":"https:\/\/ultimato.com.br\/sites\/contando-e-cantando\/wp-json\/wp\/v2\/types\/page"}],"author":[{"embeddable":true,"href":"https:\/\/ultimato.com.br\/sites\/contando-e-cantando\/wp-json\/wp\/v2\/users\/24"}],"replies":[{"embeddable":true,"href":"https:\/\/ultimato.com.br\/sites\/contando-e-cantando\/wp-json\/wp\/v2\/comments?post=5"}],"version-history":[{"count":4,"href":"https:\/\/ultimato.com.br\/sites\/contando-e-cantando\/wp-json\/wp\/v2\/pages\/5\/revisions"}],"predecessor-version":[{"id":68,"href":"https:\/\/ultimato.com.br\/sites\/contando-e-cantando\/wp-json\/wp\/v2\/pages\/5\/revisions\/68"}],"wp:attachment":[{"href":"https:\/\/ultimato.com.br\/sites\/contando-e-cantando\/wp-json\/wp\/v2\/media?parent=5"}],"curies":[{"name":"wp","href":"https:\/\/api.w.org\/{rel}","templated":true}]}}