{"id":7,"date":"2016-11-30T10:30:18","date_gmt":"2016-11-30T12:30:18","guid":{"rendered":"http:\/\/ultimato.com.br\/sites\/como-ser-cristao\/?page_id=7"},"modified":"2016-11-30T10:46:30","modified_gmt":"2016-11-30T12:46:30","slug":"o-autor","status":"publish","type":"page","link":"https:\/\/ultimato.com.br\/sites\/como-ser-cristao\/o-autor\/","title":{"rendered":"O Autor"},"content":{"rendered":"<p><img loading=\"lazy\" decoding=\"async\" class=\"alignleft size-thumbnail wp-image-12\" src=\"http:\/\/ultimato.com.br\/sites\/como-ser-cristao\/files\/2016\/11\/autorhs_csc-150x150.jpg\" alt=\"autorhs_csc\" width=\"150\" height=\"150\" \/>Conhecido no mundo inteiro como te\u00f3logo, escritor e evangelista, John Stott \u00e9 autor de mais de quarenta livros, incluindo <em>A B\u00edblia Toda, O Ano Todo<\/em>, <em>A Miss\u00e3o Crist\u00e3 no Mundo Moderno, Por Que Sou Crist\u00e3o<\/em>, <em>O Disc\u00edpulo Radical<\/em>, <em>Os Crist\u00e3os e os Desafios Contempor\u00e2neos<\/em>, <em>Para Entender a B\u00edblia<\/em>, <em>As Controv\u00e9rsias de Jesus<\/em>, <em>Desafios da Lideran\u00e7a Crist\u00e3<\/em> e o campe\u00e3o de vendas <em>Cristianismo B\u00e1sico<\/em>. Stott foi pastor em\u00e9rito da All Souls Church, em Londres, e fundador do London Institute for Contemporary Christianity. Foi indicado pela revista <em>Time<\/em> como uma das cem personalidades mais influentes do mundo.<\/p>\n<p>&nbsp;<\/p>\n","protected":false},"excerpt":{"rendered":"<p>Conhecido no mundo inteiro como te\u00f3logo, escritor e evangelista, John Stott \u00e9 autor de mais de quarenta livros, incluindo A B\u00edblia Toda, O Ano Todo, A Miss\u00e3o Crist\u00e3 no Mundo Moderno, Por Que Sou Crist\u00e3o, O Disc\u00edpulo Radical, Os Crist\u00e3os e os Desafios Contempor\u00e2neos, Para Entender a B\u00edblia, As Controv\u00e9rsias de Jesus, Desafios da Lideran\u00e7a [&hellip;]<\/p>\n","protected":false},"author":24,"featured_media":0,"parent":0,"menu_order":1,"comment_status":"closed","ping_status":"closed","template":"","meta":{"footnotes":""},"class_list":["post-7","page","type-page","status-publish","hentry"],"_links":{"self":[{"href":"https:\/\/ultimato.com.br\/sites\/como-ser-cristao\/wp-json\/wp\/v2\/pages\/7","targetHints":{"allow":["GET"]}}],"collection":[{"href":"https:\/\/ultimato.com.br\/sites\/como-ser-cristao\/wp-json\/wp\/v2\/pages"}],"about":[{"href":"https:\/\/ultimato.com.br\/sites\/como-ser-cristao\/wp-json\/wp\/v2\/types\/page"}],"author":[{"embeddable":true,"href":"https:\/\/ultimato.com.br\/sites\/como-ser-cristao\/wp-json\/wp\/v2\/users\/24"}],"replies":[{"embeddable":true,"href":"https:\/\/ultimato.com.br\/sites\/como-ser-cristao\/wp-json\/wp\/v2\/comments?post=7"}],"version-history":[{"count":4,"href":"https:\/\/ultimato.com.br\/sites\/como-ser-cristao\/wp-json\/wp\/v2\/pages\/7\/revisions"}],"predecessor-version":[{"id":27,"href":"https:\/\/ultimato.com.br\/sites\/como-ser-cristao\/wp-json\/wp\/v2\/pages\/7\/revisions\/27"}],"wp:attachment":[{"href":"https:\/\/ultimato.com.br\/sites\/como-ser-cristao\/wp-json\/wp\/v2\/media?parent=7"}],"curies":[{"name":"wp","href":"https:\/\/api.w.org\/{rel}","templated":true}]}}