{"id":6,"date":"2016-11-30T10:30:07","date_gmt":"2016-11-30T12:30:07","guid":{"rendered":"http:\/\/ultimato.com.br\/sites\/como-ser-cristao\/?page_id=6"},"modified":"2016-11-30T10:46:10","modified_gmt":"2016-11-30T12:46:10","slug":"o-que-disseram","status":"publish","type":"page","link":"https:\/\/ultimato.com.br\/sites\/como-ser-cristao\/o-que-disseram\/","title":{"rendered":"O que disseram"},"content":{"rendered":"<blockquote><p>Ao adaptar Como Ser Crist\u00e3o para um p\u00fablico mais amplo, procurei fazer uma abordagem interdenominacional, concentrando-me nas verdades e pr\u00e1ticas crist\u00e3s fundamentais que unem as igrejas protestantes.<\/p><\/blockquote>\n<p><em>&#8211; John Stott<\/em><\/p>\n","protected":false},"excerpt":{"rendered":"<p>Ao adaptar Como Ser Crist\u00e3o para um p\u00fablico mais amplo, procurei fazer uma abordagem interdenominacional, concentrando-me nas verdades e pr\u00e1ticas crist\u00e3s fundamentais que unem as igrejas protestantes. &#8211; John Stott<\/p>\n","protected":false},"author":24,"featured_media":0,"parent":0,"menu_order":2,"comment_status":"closed","ping_status":"closed","template":"","meta":{"footnotes":""},"class_list":["post-6","page","type-page","status-publish","hentry"],"_links":{"self":[{"href":"https:\/\/ultimato.com.br\/sites\/como-ser-cristao\/wp-json\/wp\/v2\/pages\/6","targetHints":{"allow":["GET"]}}],"collection":[{"href":"https:\/\/ultimato.com.br\/sites\/como-ser-cristao\/wp-json\/wp\/v2\/pages"}],"about":[{"href":"https:\/\/ultimato.com.br\/sites\/como-ser-cristao\/wp-json\/wp\/v2\/types\/page"}],"author":[{"embeddable":true,"href":"https:\/\/ultimato.com.br\/sites\/como-ser-cristao\/wp-json\/wp\/v2\/users\/24"}],"replies":[{"embeddable":true,"href":"https:\/\/ultimato.com.br\/sites\/como-ser-cristao\/wp-json\/wp\/v2\/comments?post=6"}],"version-history":[{"count":3,"href":"https:\/\/ultimato.com.br\/sites\/como-ser-cristao\/wp-json\/wp\/v2\/pages\/6\/revisions"}],"predecessor-version":[{"id":25,"href":"https:\/\/ultimato.com.br\/sites\/como-ser-cristao\/wp-json\/wp\/v2\/pages\/6\/revisions\/25"}],"wp:attachment":[{"href":"https:\/\/ultimato.com.br\/sites\/como-ser-cristao\/wp-json\/wp\/v2\/media?parent=6"}],"curies":[{"name":"wp","href":"https:\/\/api.w.org\/{rel}","templated":true}]}}