{"id":5,"date":"2016-11-30T10:30:01","date_gmt":"2016-11-30T12:30:01","guid":{"rendered":"http:\/\/ultimato.com.br\/sites\/como-ser-cristao\/?page_id=5"},"modified":"2016-11-30T10:30:47","modified_gmt":"2016-11-30T12:30:47","slug":"o-livro","status":"publish","type":"page","link":"https:\/\/ultimato.com.br\/sites\/como-ser-cristao\/","title":{"rendered":"O Livro"},"content":{"rendered":"<blockquote><p>Antes de sair para um passeio de carro ou a p\u00e9 pelo campo, geralmente \u00e9 s\u00e1bio consultar um mapa para se ter clareza quanto ao lugar aonde se pretende ir e o que existe ali para se ver. O mapa do discipulado crist\u00e3o que tento desenhar inclui tr\u00eas \u00e1reas, que chamei de \u201cO come\u00e7o da vida crist\u00e3\u201d, \u201c Em que creem os crist\u00e3os\u201d e \u201cA conduta do crist\u00e3o\u201d.<\/p><\/blockquote>\n<p><strong><em>\u2013 John Stott<\/em><\/strong><\/p>\n<p><strong>\u00a0<\/strong><\/p>\n<p><strong>Como Ser Crist\u00e3o \u2013 um guia pr\u00e1tico para a f\u00e9 crist\u00e3<\/strong>\u00a0n\u00e3o poderia ser escrito por ningu\u00e9m a n\u00e3o ser John Stott.<\/p>\n<p>&nbsp;<\/p>\n<p>\u00c9 um livro na medida certa para:<br \/>\n&gt; aqueles que aceitaram Jesus Cristo e querem saber como viver a f\u00e9 crist\u00e3;<br \/>\n&gt; aqueles que est\u00e3o se preparando para ser membros de uma igreja;<br \/>\n&gt; aqueles que s\u00e3o crist\u00e3os e querem resgatar as bases da f\u00e9 crist\u00e3.<br \/>\n<strong>Como Ser Crist\u00e3o<\/strong>\u00a0\u00e9 uma esp\u00e9cie de mapa de navega\u00e7\u00e3o para os crist\u00e3os. Um mapa em que encontramos \u201co come\u00e7o\u201d, \u201cem que creem\u201d e \u201ccomo vivem\u201d os crist\u00e3os. E, melhor: todos os cap\u00edtulos s\u00e3o acompanhados de um guia de estudo para uso individual ou em grupo.<\/p>\n","protected":false},"excerpt":{"rendered":"<p>Antes de sair para um passeio de carro ou a p\u00e9 pelo campo, geralmente \u00e9 s\u00e1bio consultar um mapa para se ter clareza quanto ao lugar aonde se pretende ir e o que existe ali para se ver. O mapa do discipulado crist\u00e3o que tento desenhar inclui tr\u00eas \u00e1reas, que chamei de \u201cO come\u00e7o da [&hellip;]<\/p>\n","protected":false},"author":24,"featured_media":0,"parent":0,"menu_order":0,"comment_status":"closed","ping_status":"closed","template":"","meta":{"footnotes":""},"class_list":["post-5","page","type-page","status-publish","hentry"],"_links":{"self":[{"href":"https:\/\/ultimato.com.br\/sites\/como-ser-cristao\/wp-json\/wp\/v2\/pages\/5","targetHints":{"allow":["GET"]}}],"collection":[{"href":"https:\/\/ultimato.com.br\/sites\/como-ser-cristao\/wp-json\/wp\/v2\/pages"}],"about":[{"href":"https:\/\/ultimato.com.br\/sites\/como-ser-cristao\/wp-json\/wp\/v2\/types\/page"}],"author":[{"embeddable":true,"href":"https:\/\/ultimato.com.br\/sites\/como-ser-cristao\/wp-json\/wp\/v2\/users\/24"}],"replies":[{"embeddable":true,"href":"https:\/\/ultimato.com.br\/sites\/como-ser-cristao\/wp-json\/wp\/v2\/comments?post=5"}],"version-history":[{"count":2,"href":"https:\/\/ultimato.com.br\/sites\/como-ser-cristao\/wp-json\/wp\/v2\/pages\/5\/revisions"}],"predecessor-version":[{"id":11,"href":"https:\/\/ultimato.com.br\/sites\/como-ser-cristao\/wp-json\/wp\/v2\/pages\/5\/revisions\/11"}],"wp:attachment":[{"href":"https:\/\/ultimato.com.br\/sites\/como-ser-cristao\/wp-json\/wp\/v2\/media?parent=5"}],"curies":[{"name":"wp","href":"https:\/\/api.w.org\/{rel}","templated":true}]}}