{"id":7,"date":"2016-07-29T09:39:54","date_gmt":"2016-07-29T12:39:54","guid":{"rendered":"http:\/\/ultimato.com.br\/sites\/como-anunciar-evangelho-entre-presos\/?page_id=7"},"modified":"2016-07-29T09:44:21","modified_gmt":"2016-07-29T12:44:21","slug":"o-que-disseram","status":"publish","type":"page","link":"https:\/\/ultimato.com.br\/sites\/como-anunciar-evangelho-entre-presos\/o-que-disseram\/","title":{"rendered":"O que disseram"},"content":{"rendered":"<p>Alguns criminosos brasileiros t\u00eam encontrado Jesus Cristo durante o per\u00edodo de reclus\u00e3o e mudado de vida, como se pode ver a seguir. Leia algumas das cartas recebidas por <em>Ultimato<\/em>, oriundas de v\u00e1rios pres\u00eddios do pais.<\/p>\n<p>&nbsp;<\/p>\n<blockquote><p>Quando fui preso, em junho de 2008, achei que o mundo tinha acabado para mim. Tr\u00eas dias depois tomei a decis\u00e3o de me enforcar. Tentei por tr\u00eas ou quatro vezes e n\u00e3o consegui. Depois de tudo isso, entendi que a vida n\u00e3o acaba quando achamos que ela acabou. Comecei a viver um dia ap\u00f3s o outro. Hoje sou feliz. Conheci a palavra de Deus.<\/p><\/blockquote>\n<p>&nbsp;<\/p>\n<blockquote><p>Um dia me afastei do Senhor e manchei as minhas vestes, que ficaram iguais \u00e0s vestes dos leprosos do tempo de Jesus. Tudo parecia estar perdido, mas o Senhor teve miseric\u00f3rdia de mim e me salvou. Hoje, mesmo encarcerado, sou feliz.<\/p><\/blockquote>\n<p>&nbsp;<\/p>\n<blockquote><p>Cumpro pena desde outubro de 2003. Moro numa cela s\u00f3 de crist\u00e3os (somos doze). O Senhor tem me posto como pastor dessa cela. Minha convers\u00e3o se deu logo no in\u00edcio da minha deten\u00e7\u00e3o, no final de 2003. Antes, sentia tanta dor e ang\u00fastia que pensei que ia ter um infarto. Ent\u00e3o algu\u00e9m me deu uma B\u00edblia e eu comecei a me apegar a Deus, lendo a Palavra, orando e confessando meus pecados.<\/p><\/blockquote>\n<p>&nbsp;<\/p>\n<blockquote><p>Crime e drogas n\u00e3o d\u00e3o futuro a ningu\u00e9m. Por causa deles fui condenado a 29 anos de pris\u00e3o. J\u00e1 cumpri cinco anos. Neste per\u00edodo, comecei a frequentar os cultos e a abrir meu cora\u00e7\u00e3o e deixar Deus trabalhar em minha vida. O resultado foi que, apesar de ter perdido tudo ao vir para a cadeia, considero-me a pessoa mais feliz do mundo.<\/p><\/blockquote>\n<p>&nbsp;<\/p>\n<blockquote><p>Sou de fam\u00edlia de classe m\u00e9dia alta do estado do Esp\u00edrito Santo. Quando tinha 14 anos fugi de casa, onde tinha tudo que um garoto da minha idade poderia desejar. Fui preso v\u00e1rias vezes quando era menor. Ap\u00f3s completar 19 anos, me envolvi no tr\u00e1fico de drogas e acabei no Carandiru. Fugi algumas vezes e sempre era recapturado.\u00a0Hoje, sou um servo do Senhor e congrego aqui no pres\u00eddio com mais quinze irm\u00e3os em Cristo.<\/p><\/blockquote>\n<p>&nbsp;<\/p>\n<blockquote><p>Perguntei a Deus se ele poderia perdoar os meus pecados e ele me respondeu: \u201cFarei cicatrizar o seu ferimento e curarei as suas feridas\u201d (Jr 30.17). Hoje sou dirigente da cela Assembleia de Deus. Meu grande sonho, digo com l\u00e1grimas nos olhos, \u00e9 ser um grande pregador.<\/p><\/blockquote>\n<p>&nbsp;<\/p>\n<blockquote><p>Sou ex-preso da Penitenci\u00e1ria de Ita\u00ed, SP, nascido em ber\u00e7o evang\u00e9lico da Igreja Presbiteriana Jardim de Ora\u00e7\u00e3o, em Santos, SP. Com 19 anos entrei no caminho do crime e l\u00e1 fiquei por trinta anos. Agora digo: chega de crime!<\/p><\/blockquote>\n<p>&nbsp;<\/p>\n<blockquote><p>Fui alcan\u00e7ado pela gra\u00e7a salvadora de nosso Pai Celestial. Estou preso na Penitenci\u00e1ria de Ribeir\u00e3o Preto, cumprindo pena por recepta\u00e7\u00e3o e assalto \u00e0 m\u00e3o armada, condenado a onze anos e dez meses. Converti-me aqui e sirvo o nosso Senhor Jesus Cristo, evangelizando e pregando o evangelho, al\u00e9m de orar muito pela vida daqueles que aqui v\u00e3o rumo \u00e0 perdi\u00e7\u00e3o eterna. Considero-me recuperado, n\u00e3o pelo sistema carcer\u00e1rio (pois esse n\u00e3o recupera ningu\u00e9m), mas pelo poder transformador do evangelho. Sou mission\u00e1rio na pris\u00e3o.<\/p><\/blockquote>\n","protected":false},"excerpt":{"rendered":"<p>Alguns criminosos brasileiros t\u00eam encontrado Jesus Cristo durante o per\u00edodo de reclus\u00e3o e mudado de vida, como se pode ver a seguir. Leia algumas das cartas recebidas por Ultimato, oriundas de v\u00e1rios pres\u00eddios do pais. &nbsp; Quando fui preso, em junho de 2008, achei que o mundo tinha acabado para mim. Tr\u00eas dias depois tomei [&hellip;]<\/p>\n","protected":false},"author":24,"featured_media":0,"parent":0,"menu_order":1,"comment_status":"closed","ping_status":"closed","template":"","meta":{"footnotes":""},"class_list":["post-7","page","type-page","status-publish","hentry"],"_links":{"self":[{"href":"https:\/\/ultimato.com.br\/sites\/como-anunciar-evangelho-entre-presos\/wp-json\/wp\/v2\/pages\/7","targetHints":{"allow":["GET"]}}],"collection":[{"href":"https:\/\/ultimato.com.br\/sites\/como-anunciar-evangelho-entre-presos\/wp-json\/wp\/v2\/pages"}],"about":[{"href":"https:\/\/ultimato.com.br\/sites\/como-anunciar-evangelho-entre-presos\/wp-json\/wp\/v2\/types\/page"}],"author":[{"embeddable":true,"href":"https:\/\/ultimato.com.br\/sites\/como-anunciar-evangelho-entre-presos\/wp-json\/wp\/v2\/users\/24"}],"replies":[{"embeddable":true,"href":"https:\/\/ultimato.com.br\/sites\/como-anunciar-evangelho-entre-presos\/wp-json\/wp\/v2\/comments?post=7"}],"version-history":[{"count":3,"href":"https:\/\/ultimato.com.br\/sites\/como-anunciar-evangelho-entre-presos\/wp-json\/wp\/v2\/pages\/7\/revisions"}],"predecessor-version":[{"id":32,"href":"https:\/\/ultimato.com.br\/sites\/como-anunciar-evangelho-entre-presos\/wp-json\/wp\/v2\/pages\/7\/revisions\/32"}],"wp:attachment":[{"href":"https:\/\/ultimato.com.br\/sites\/como-anunciar-evangelho-entre-presos\/wp-json\/wp\/v2\/media?parent=7"}],"curies":[{"name":"wp","href":"https:\/\/api.w.org\/{rel}","templated":true}]}}