{"id":6,"date":"2016-07-29T09:39:49","date_gmt":"2016-07-29T12:39:49","guid":{"rendered":"http:\/\/ultimato.com.br\/sites\/como-anunciar-evangelho-entre-presos\/?page_id=6"},"modified":"2016-07-29T09:44:54","modified_gmt":"2016-07-29T12:44:54","slug":"os-autores","status":"publish","type":"page","link":"https:\/\/ultimato.com.br\/sites\/como-anunciar-evangelho-entre-presos\/os-autores\/","title":{"rendered":"Os autores"},"content":{"rendered":"<p><strong><img loading=\"lazy\" decoding=\"async\" class=\"alignleft size-thumbnail wp-image-34\" src=\"http:\/\/ultimato.com.br\/sites\/como-anunciar-evangelho-entre-presos\/files\/2016\/07\/autores_caep-150x150.jpg\" alt=\"autores_caep\" width=\"150\" height=\"150\" srcset=\"https:\/\/ultimato.com.br\/sites\/como-anunciar-evangelho-entre-presos\/files\/2016\/07\/autores_caep-150x150.jpg 150w, https:\/\/ultimato.com.br\/sites\/como-anunciar-evangelho-entre-presos\/files\/2016\/07\/autores_caep.jpg 300w\" sizes=\"auto, (max-width: 150px) 100vw, 150px\" \/>Antonio Carlos da Rosa Silva Junior<\/strong> \u00e9 bacharel em direito e doutorando em ci\u00eancia da religi\u00e3o. \u00c9 autor de, entre outros, <em>5 Motivos para se Envolver com Capelania Prisional<\/em>, <em>A Verdade os Libertar\u00e1 <\/em><strong>e <em>Deus na Pris\u00e3o \u2013 uma an\u00e1lise jur\u00eddica, sociol\u00f3gica e teol\u00f3gica da capelania prisional<\/em><\/strong>. Coordena o site direitoereligiao.com.br.<\/p>\n<p><strong>Cristiano Rezende Franco<\/strong>, bacharel e mestre em teologia, \u00e9 pastor na 5\u00aa Igreja Presbiteriana de Juiz de Fora, MG.<\/p>\n<p><strong>Elben M. Lenz C\u00e9sar<\/strong> \u00e9 diretor-fundador da revista <em>Ultimato<\/em>. \u00c9 autor de, entre outros, <em>Pr\u00e1ticas Devocionais<\/em>, <em>Refei\u00e7\u00f5es Di\u00e1rias com o Sabor dos Salmos<\/em>, <em>Hist\u00f3ria da Evangeliza\u00e7\u00e3o do Brasil<\/em> e <em>Refei\u00e7\u00f5es Di\u00e1rias com Jesus<\/em>.<\/p>\n","protected":false},"excerpt":{"rendered":"<p>Antonio Carlos da Rosa Silva Junior \u00e9 bacharel em direito e doutorando em ci\u00eancia da religi\u00e3o. \u00c9 autor de, entre outros, 5 Motivos para se Envolver com Capelania Prisional, A Verdade os Libertar\u00e1 e Deus na Pris\u00e3o \u2013 uma an\u00e1lise jur\u00eddica, sociol\u00f3gica e teol\u00f3gica da capelania prisional. Coordena o site direitoereligiao.com.br. Cristiano Rezende Franco, bacharel [&hellip;]<\/p>\n","protected":false},"author":24,"featured_media":0,"parent":0,"menu_order":2,"comment_status":"closed","ping_status":"closed","template":"","meta":{"footnotes":""},"class_list":["post-6","page","type-page","status-publish","hentry"],"_links":{"self":[{"href":"https:\/\/ultimato.com.br\/sites\/como-anunciar-evangelho-entre-presos\/wp-json\/wp\/v2\/pages\/6","targetHints":{"allow":["GET"]}}],"collection":[{"href":"https:\/\/ultimato.com.br\/sites\/como-anunciar-evangelho-entre-presos\/wp-json\/wp\/v2\/pages"}],"about":[{"href":"https:\/\/ultimato.com.br\/sites\/como-anunciar-evangelho-entre-presos\/wp-json\/wp\/v2\/types\/page"}],"author":[{"embeddable":true,"href":"https:\/\/ultimato.com.br\/sites\/como-anunciar-evangelho-entre-presos\/wp-json\/wp\/v2\/users\/24"}],"replies":[{"embeddable":true,"href":"https:\/\/ultimato.com.br\/sites\/como-anunciar-evangelho-entre-presos\/wp-json\/wp\/v2\/comments?post=6"}],"version-history":[{"count":3,"href":"https:\/\/ultimato.com.br\/sites\/como-anunciar-evangelho-entre-presos\/wp-json\/wp\/v2\/pages\/6\/revisions"}],"predecessor-version":[{"id":35,"href":"https:\/\/ultimato.com.br\/sites\/como-anunciar-evangelho-entre-presos\/wp-json\/wp\/v2\/pages\/6\/revisions\/35"}],"wp:attachment":[{"href":"https:\/\/ultimato.com.br\/sites\/como-anunciar-evangelho-entre-presos\/wp-json\/wp\/v2\/media?parent=6"}],"curies":[{"name":"wp","href":"https:\/\/api.w.org\/{rel}","templated":true}]}}