{"id":20,"date":"2016-07-29T09:40:47","date_gmt":"2016-07-29T12:40:47","guid":{"rendered":"http:\/\/ultimato.com.br\/sites\/como-anunciar-evangelho-entre-presos\/?page_id=20"},"modified":"2016-07-29T09:52:14","modified_gmt":"2016-07-29T12:52:14","slug":"release","status":"publish","type":"page","link":"https:\/\/ultimato.com.br\/sites\/como-anunciar-evangelho-entre-presos\/extras\/release\/","title":{"rendered":"Release"},"content":{"rendered":"<p><em><a href=\"http:\/\/ultimato.com.br\/sites\/como-anunciar-evangelho-entre-presos\/files\/2016\/07\/11-Release_Como_Anunciar_Evangelho_Presos_Ago2016-.pdf\">Aqui est\u00e1<\/a> o press<\/em>&#8211;<em>release<\/em> do livro <strong>Como Anunciar o Evangelho entre os presos<\/strong>\u00a0para voc\u00ea divulgar no seu site, blog, jornal ou outro meio de comunica\u00e7\u00e3o do seu acesso.<\/p>\n","protected":false},"excerpt":{"rendered":"<p>Aqui est\u00e1 o press&#8211;release do livro Como Anunciar o Evangelho entre os presos\u00a0para voc\u00ea divulgar no seu site, blog, jornal ou outro meio de comunica\u00e7\u00e3o do seu acesso.<\/p>\n","protected":false},"author":24,"featured_media":0,"parent":8,"menu_order":3,"comment_status":"closed","ping_status":"closed","template":"","meta":{"footnotes":""},"class_list":["post-20","page","type-page","status-publish","hentry"],"_links":{"self":[{"href":"https:\/\/ultimato.com.br\/sites\/como-anunciar-evangelho-entre-presos\/wp-json\/wp\/v2\/pages\/20","targetHints":{"allow":["GET"]}}],"collection":[{"href":"https:\/\/ultimato.com.br\/sites\/como-anunciar-evangelho-entre-presos\/wp-json\/wp\/v2\/pages"}],"about":[{"href":"https:\/\/ultimato.com.br\/sites\/como-anunciar-evangelho-entre-presos\/wp-json\/wp\/v2\/types\/page"}],"author":[{"embeddable":true,"href":"https:\/\/ultimato.com.br\/sites\/como-anunciar-evangelho-entre-presos\/wp-json\/wp\/v2\/users\/24"}],"replies":[{"embeddable":true,"href":"https:\/\/ultimato.com.br\/sites\/como-anunciar-evangelho-entre-presos\/wp-json\/wp\/v2\/comments?post=20"}],"version-history":[{"count":3,"href":"https:\/\/ultimato.com.br\/sites\/como-anunciar-evangelho-entre-presos\/wp-json\/wp\/v2\/pages\/20\/revisions"}],"predecessor-version":[{"id":42,"href":"https:\/\/ultimato.com.br\/sites\/como-anunciar-evangelho-entre-presos\/wp-json\/wp\/v2\/pages\/20\/revisions\/42"}],"up":[{"embeddable":true,"href":"https:\/\/ultimato.com.br\/sites\/como-anunciar-evangelho-entre-presos\/wp-json\/wp\/v2\/pages\/8"}],"wp:attachment":[{"href":"https:\/\/ultimato.com.br\/sites\/como-anunciar-evangelho-entre-presos\/wp-json\/wp\/v2\/media?parent=20"}],"curies":[{"name":"wp","href":"https:\/\/api.w.org\/{rel}","templated":true}]}}