{"id":7,"date":"2016-03-02T14:12:26","date_gmt":"2016-03-02T14:12:26","guid":{"rendered":"http:\/\/ultimato.com.br\/sites\/ciencia-de-deus\/?page_id=7"},"modified":"2016-03-03T11:55:56","modified_gmt":"2016-03-03T11:55:56","slug":"o-autor","status":"publish","type":"page","link":"https:\/\/ultimato.com.br\/sites\/ciencia-de-deus\/o-autor\/","title":{"rendered":"O autor"},"content":{"rendered":"<p><strong>Alister McGrath <\/strong>\u00e9 um dos mais influentes pensadores crist\u00e3os da atualidade. Bioqu\u00edmico, com p\u00f3s-doutorado em biof\u00edsica molecular e doutorado em teologia, \u00e9 professor de ci\u00eancia e religi\u00e3o na Universidade de Oxford. \u00c9 autor de v\u00e1rios livros, entre eles\u00a0<em>O Del\u00edrio de Dawkins<\/em>,\u00a0<em><a href=\"http:\/\/www.ultimato.com.br\/loja\/produtos\/como-lidar-com-a-duvida\">Como Lidar com a D\u00favida<\/a><\/em>\u00a0e <em><a href=\"http:\/\/www.ultimato.com.br\/loja\/produtos\/teologia-pura-e-simples\">Teologia Pura e Simples<\/a><\/em>. \u00c9 presidente do Centro Oxford para Apolog\u00e9tica Crist\u00e3.<\/p>\n","protected":false},"excerpt":{"rendered":"<p>Alister McGrath \u00e9 um dos mais influentes pensadores crist\u00e3os da atualidade. Bioqu\u00edmico, com p\u00f3s-doutorado em biof\u00edsica molecular e doutorado em teologia, \u00e9 professor de ci\u00eancia e religi\u00e3o na Universidade de Oxford. \u00c9 autor de v\u00e1rios livros, entre eles\u00a0O Del\u00edrio de Dawkins,\u00a0Como Lidar com a D\u00favida\u00a0e Teologia Pura e Simples. \u00c9 presidente do Centro Oxford para [&hellip;]<\/p>\n","protected":false},"author":24,"featured_media":0,"parent":0,"menu_order":2,"comment_status":"closed","ping_status":"closed","template":"","meta":{"footnotes":""},"class_list":["post-7","page","type-page","status-publish","hentry"],"_links":{"self":[{"href":"https:\/\/ultimato.com.br\/sites\/ciencia-de-deus\/wp-json\/wp\/v2\/pages\/7","targetHints":{"allow":["GET"]}}],"collection":[{"href":"https:\/\/ultimato.com.br\/sites\/ciencia-de-deus\/wp-json\/wp\/v2\/pages"}],"about":[{"href":"https:\/\/ultimato.com.br\/sites\/ciencia-de-deus\/wp-json\/wp\/v2\/types\/page"}],"author":[{"embeddable":true,"href":"https:\/\/ultimato.com.br\/sites\/ciencia-de-deus\/wp-json\/wp\/v2\/users\/24"}],"replies":[{"embeddable":true,"href":"https:\/\/ultimato.com.br\/sites\/ciencia-de-deus\/wp-json\/wp\/v2\/comments?post=7"}],"version-history":[{"count":3,"href":"https:\/\/ultimato.com.br\/sites\/ciencia-de-deus\/wp-json\/wp\/v2\/pages\/7\/revisions"}],"predecessor-version":[{"id":38,"href":"https:\/\/ultimato.com.br\/sites\/ciencia-de-deus\/wp-json\/wp\/v2\/pages\/7\/revisions\/38"}],"wp:attachment":[{"href":"https:\/\/ultimato.com.br\/sites\/ciencia-de-deus\/wp-json\/wp\/v2\/media?parent=7"}],"curies":[{"name":"wp","href":"https:\/\/api.w.org\/{rel}","templated":true}]}}