{"id":6,"date":"2016-03-02T14:04:19","date_gmt":"2016-03-02T14:04:19","guid":{"rendered":"http:\/\/ultimato.com.br\/sites\/ciencia-de-deus\/?page_id=6"},"modified":"2016-03-02T14:11:55","modified_gmt":"2016-03-02T14:11:55","slug":"o-que-disseram","status":"publish","type":"page","link":"https:\/\/ultimato.com.br\/sites\/ciencia-de-deus\/o-que-disseram\/","title":{"rendered":"O que disseram"},"content":{"rendered":"<blockquote><p>\u201cUma obra grandiosa, assim como o nome de Alister McGrath. O trabalho mais abrangente, significativo e influente feito por um evang\u00e9lico sobre o m\u00e9todo teol\u00f3gico.\u201d<\/p><\/blockquote>\n<p><em>\u2013 Pro Ecclesia<\/em><\/p>\n<p><em>\u00a0<\/em><\/p>\n<blockquote><p>\u201cO empreendimento da teologia crist\u00e3 \u00e9 como a pr\u00f3pria civiliza\u00e7\u00e3o, caracterizada por Arnold Toynbee como um \u201cmovimento, e n\u00e3o uma condi\u00e7\u00e3o; uma jornada, e n\u00e3o um porto\u201d. N\u00e3o cogito nem por um instante que o projeto de teologia cient\u00edfica dar\u00e1 a ultima palavra a respeito de qualquer quest\u00e3o. Por\u00e9m, ele pode tornar essa jornada de f\u00e9 mais interessante, trazendo sentido a alguns dos enigmas com os quais nos deparamos ao longo do caminho.\u201d<\/p><\/blockquote>\n<p><em>&#8211; Alister McGrath<\/em><\/p>\n","protected":false},"excerpt":{"rendered":"<p>\u201cUma obra grandiosa, assim como o nome de Alister McGrath. O trabalho mais abrangente, significativo e influente feito por um evang\u00e9lico sobre o m\u00e9todo teol\u00f3gico.\u201d \u2013 Pro Ecclesia \u00a0 \u201cO empreendimento da teologia crist\u00e3 \u00e9 como a pr\u00f3pria civiliza\u00e7\u00e3o, caracterizada por Arnold Toynbee como um \u201cmovimento, e n\u00e3o uma condi\u00e7\u00e3o; uma jornada, e n\u00e3o um [&hellip;]<\/p>\n","protected":false},"author":24,"featured_media":0,"parent":0,"menu_order":1,"comment_status":"closed","ping_status":"closed","template":"","meta":{"footnotes":""},"class_list":["post-6","page","type-page","status-publish","hentry"],"_links":{"self":[{"href":"https:\/\/ultimato.com.br\/sites\/ciencia-de-deus\/wp-json\/wp\/v2\/pages\/6","targetHints":{"allow":["GET"]}}],"collection":[{"href":"https:\/\/ultimato.com.br\/sites\/ciencia-de-deus\/wp-json\/wp\/v2\/pages"}],"about":[{"href":"https:\/\/ultimato.com.br\/sites\/ciencia-de-deus\/wp-json\/wp\/v2\/types\/page"}],"author":[{"embeddable":true,"href":"https:\/\/ultimato.com.br\/sites\/ciencia-de-deus\/wp-json\/wp\/v2\/users\/24"}],"replies":[{"embeddable":true,"href":"https:\/\/ultimato.com.br\/sites\/ciencia-de-deus\/wp-json\/wp\/v2\/comments?post=6"}],"version-history":[{"count":1,"href":"https:\/\/ultimato.com.br\/sites\/ciencia-de-deus\/wp-json\/wp\/v2\/pages\/6\/revisions"}],"predecessor-version":[{"id":15,"href":"https:\/\/ultimato.com.br\/sites\/ciencia-de-deus\/wp-json\/wp\/v2\/pages\/6\/revisions\/15"}],"wp:attachment":[{"href":"https:\/\/ultimato.com.br\/sites\/ciencia-de-deus\/wp-json\/wp\/v2\/media?parent=6"}],"curies":[{"name":"wp","href":"https:\/\/api.w.org\/{rel}","templated":true}]}}