{"id":39,"date":"2016-03-03T13:11:24","date_gmt":"2016-03-03T13:11:24","guid":{"rendered":"http:\/\/ultimato.com.br\/sites\/ciencia-de-deus\/?page_id=39"},"modified":"2016-04-04T14:28:20","modified_gmt":"2016-04-04T14:28:20","slug":"conheca-a-serie","status":"publish","type":"page","link":"https:\/\/ultimato.com.br\/sites\/ciencia-de-deus\/conheca-a-serie\/","title":{"rendered":"Conhe\u00e7a a s\u00e9rie"},"content":{"rendered":"<p><iframe loading=\"lazy\" width=\"420\" height=\"315\" src=\"https:\/\/www.youtube.com\/embed\/xxKNrBceD8A\" frameborder=\"0\" allowfullscreen><\/iframe><\/p>\n<p><strong>Ci\u00eancia e F\u00e9 Crist\u00e3<\/strong> \u00e9 o nome da s\u00e9rie que a\u00a0Editora Ultimato, em parceria com a <a href=\"http:\/\/www.cristaosnaciencia.org.br\/\" target=\"_blank\">Associa\u00e7\u00e3o Brasileira de Crist\u00e3os na Ci\u00eancia<\/a>, publica a partir de mar\u00e7o de 2016.<\/p>\n<p><strong><a href=\"http:\/\/ultimato.com.br\/sites\/ciencia-de-deus\/\" target=\"_blank\">A Ci\u00eancia de Deus \u2013 Uma Introdu\u00e7\u00e3o \u00e0 Teologia Cient\u00edfica<\/a><\/strong>, de Alister McGrath,\u00a0<strong><a href=\"http:\/\/ultimato.com.br\/sites\/verdadeiros-cientistas-fe-verdadeira\/\" target=\"_blank\">Verdadeiros Cientistas, F\u00e9 Verdadeira<\/a><\/strong>, com Francis Collins, Alister McGrath, John\u00a0Houghton, entre outros; e\u00a0<a href=\"http:\/\/www.ultimato.com.br\/loja\/produtos\/fe-esperanca-e-tecnologia\" target=\"_blank\"><strong>F\u00e9, Esperan\u00e7a e Tecnologia \u2013 Ci\u00eancia e F\u00e9 Crist\u00e3 em uma\u00a0Cultura Tecnol\u00f3gica<\/strong><\/a>, de Egbert Schuurman, \u00a0s\u00e3o os primeiros tr\u00eas t\u00edtulos de um total de 12 volumes a serem lan\u00e7ados at\u00e9 o final de 2017.<\/p>\n<p>A identidade visual, o logo da s\u00e9rie e tamb\u00e9m as capas dos 12 volumes est\u00e3o a cargo do conhecido e premiado designer gr\u00e1fico, Douglas Lucas.<\/p>\n<p>Conhe\u00e7a o hotsite da s\u00e9rie: <a href=\"http:\/\/ultimato.com.br\/sites\/serie-ciencia-e-fe-crista\/\" target=\"_blank\">http:\/\/ultimato.com.br\/sites\/<wbr \/>serie-ciencia-e-fe-crista\/<\/a><\/p>\n<p><img loading=\"lazy\" decoding=\"async\" class=\"aligncenter size-full wp-image-46\" src=\"http:\/\/ultimato.com.br\/sites\/fe-esperanca-tecnologia\/files\/2016\/03\/Logo_ciencia_fe_crista.jpg\" alt=\"Logo_ciencia_fe_crista\" width=\"500\" height=\"107\" \/><\/p>\n<p>Com a palavra, os editores.<\/p>\n<p>&nbsp;<\/p>\n<p>&#8212;&#8212;&#8212;&#8212;<\/p>\n<p>&nbsp;<\/p>\n<p>As \u00faltimas d\u00e9cadas testemunharam um florescimento mundial sem precedentes do di\u00e1logo entre a religi\u00e3o e as ci\u00eancias, particularmente entre a teologia crist\u00e3 e o campo cient\u00edfico. Atualmente v\u00e1rias associa\u00e7\u00f5es internacionais, institui\u00e7\u00f5es acad\u00eamicas, igrejas e miss\u00f5es crist\u00e3s contribuem para um esfor\u00e7o conjunto de constru\u00e7\u00e3o de pontes entre a f\u00e9 crist\u00e3 e a ci\u00eancia contempor\u00e2nea. No Brasil, tanto as press\u00f5es laicizantes dentro e fora das igrejas quanto o pr\u00f3prio amadurecimento intelectual e cultural dos crist\u00e3os v\u00eam aprofundando e expandindo o debate sobre f\u00e9 e ci\u00eancia, fazendo dele um imperativo espiritual e testemunhal para nossa gera\u00e7\u00e3o.<\/p>\n<p>Para ajudar a comunidade crist\u00e3 e a comunidade cient\u00edfica na compreens\u00e3o da import\u00e2ncia e do car\u00e1ter desse di\u00e1logo global, e visando uma comunica\u00e7\u00e3o rica e significativa entre esses campos, apresentamos a s\u00e9rie \u201cCi\u00eancia e F\u00e9 Crist\u00e3\u201d. Apresentar\u00e1 perspectivas crist\u00e3s sobre campos diversos, como a teologia natural ou teologia da natureza, filosofia da tecnologia, biologia e teoria evolucion\u00e1ria, hist\u00f3ria da ci\u00eancia, temas de filosofia da ci\u00eancia, neuroci\u00eancias, f\u00edsica e cosmologia, e a rela\u00e7\u00e3o entre a B\u00edblia e a ci\u00eancia.<\/p>\n<p>A amostragem de obras inclu\u00eddas nesta s\u00e9rie privilegia contribui\u00e7\u00f5es substanciais a esse di\u00e1logo contempor\u00e2neo realizadas a partir da tradi\u00e7\u00e3o crist\u00e3 evang\u00e9lica ou compat\u00edveis com essa tradi\u00e7\u00e3o de f\u00e9. Com isso, a s\u00e9rie procura fertilizar a reflex\u00e3o avan\u00e7ada sobre tais temas no contexto evangelical brasileiro e entre aqueles interessados no di\u00e1logo, com vistas a uma participa\u00e7\u00e3o mais rica e independente na conversa\u00e7\u00e3o p\u00fablica dos evang\u00e9licos com outras tradi\u00e7\u00f5es religiosas ou seculares.<\/p>\n<p>Esperamos, ainda, promover uma contribui\u00e7\u00e3o amadurecida para o universo acad\u00eamico brasileiro.<\/p>\n<p>A s\u00e9rie \u201cCi\u00eancia e F\u00e9 Crist\u00e3\u201d \u00e9, enfim, um convite a todos aqueles que queiram mergulhar nesse fant\u00e1stico universo de debates, conhecimentos e quest\u00f5es que tocam a nossa exist\u00eancia. Afinal, tanto o Livro da Cria\u00e7\u00e3o quanto o Livro da Revela\u00e7\u00e3o merecem lugar em nossas cabeceiras.<\/p>\n<p><em>Soli Deo Gloria.<\/em><\/p>\n<p><strong>\u00a0<\/strong><\/p>\n<p><strong>Guilherme de Carvalho <\/strong>e <strong>Roberto Covolan<\/strong><\/p>\n<p>Editores<\/p>\n<div id=\"alldebrid_hover\" style=\"display: none; width; 153px; height: 24px; cursor: pointer; position: absolute;\"><img decoding=\"async\" src=\"https:\/\/alldebrid.fr\/lib\/images\/hover2.png\" alt=\"\" \/><\/div>\n","protected":false},"excerpt":{"rendered":"<p>Ci\u00eancia e F\u00e9 Crist\u00e3 \u00e9 o nome da s\u00e9rie que a\u00a0Editora Ultimato, em parceria com a Associa\u00e7\u00e3o Brasileira de Crist\u00e3os na Ci\u00eancia, publica a partir de mar\u00e7o de 2016. A Ci\u00eancia de Deus \u2013 Uma Introdu\u00e7\u00e3o \u00e0 Teologia Cient\u00edfica, de Alister McGrath,\u00a0Verdadeiros Cientistas, F\u00e9 Verdadeira, com Francis Collins, Alister McGrath, John\u00a0Houghton, entre outros; e\u00a0F\u00e9, Esperan\u00e7a [&hellip;]<\/p>\n","protected":false},"author":24,"featured_media":0,"parent":0,"menu_order":1,"comment_status":"closed","ping_status":"closed","template":"","meta":{"footnotes":""},"class_list":["post-39","page","type-page","status-publish","hentry"],"_links":{"self":[{"href":"https:\/\/ultimato.com.br\/sites\/ciencia-de-deus\/wp-json\/wp\/v2\/pages\/39","targetHints":{"allow":["GET"]}}],"collection":[{"href":"https:\/\/ultimato.com.br\/sites\/ciencia-de-deus\/wp-json\/wp\/v2\/pages"}],"about":[{"href":"https:\/\/ultimato.com.br\/sites\/ciencia-de-deus\/wp-json\/wp\/v2\/types\/page"}],"author":[{"embeddable":true,"href":"https:\/\/ultimato.com.br\/sites\/ciencia-de-deus\/wp-json\/wp\/v2\/users\/24"}],"replies":[{"embeddable":true,"href":"https:\/\/ultimato.com.br\/sites\/ciencia-de-deus\/wp-json\/wp\/v2\/comments?post=39"}],"version-history":[{"count":4,"href":"https:\/\/ultimato.com.br\/sites\/ciencia-de-deus\/wp-json\/wp\/v2\/pages\/39\/revisions"}],"predecessor-version":[{"id":44,"href":"https:\/\/ultimato.com.br\/sites\/ciencia-de-deus\/wp-json\/wp\/v2\/pages\/39\/revisions\/44"}],"wp:attachment":[{"href":"https:\/\/ultimato.com.br\/sites\/ciencia-de-deus\/wp-json\/wp\/v2\/media?parent=39"}],"curies":[{"name":"wp","href":"https:\/\/api.w.org\/{rel}","templated":true}]}}