{"id":34,"date":"2016-03-03T00:32:58","date_gmt":"2016-03-03T00:32:58","guid":{"rendered":"http:\/\/ultimato.com.br\/sites\/ciencia-de-deus\/?page_id=34"},"modified":"2016-03-03T00:32:58","modified_gmt":"2016-03-03T00:32:58","slug":"release","status":"publish","type":"page","link":"https:\/\/ultimato.com.br\/sites\/ciencia-de-deus\/extras\/release\/","title":{"rendered":"Release"},"content":{"rendered":"<p><a href=\"http:\/\/ultimato.com.br\/sites\/ciencia-de-deus\/files\/2016\/03\/5-Release_Ciencia_Deus_Mar2016.pdf\">Aqui<\/a> est\u00e1 o press-release do livro A Ci\u00eancia de Deus\u00a0para voc\u00ea divulgar no seu site, blog, jornal ou outro meio de comunica\u00e7\u00e3o do seu acesso.<\/p>\n","protected":false},"excerpt":{"rendered":"<p>Aqui est\u00e1 o press-release do livro A Ci\u00eancia de Deus\u00a0para voc\u00ea divulgar no seu site, blog, jornal ou outro meio de comunica\u00e7\u00e3o do seu acesso.<\/p>\n","protected":false},"author":24,"featured_media":0,"parent":9,"menu_order":3,"comment_status":"closed","ping_status":"closed","template":"","meta":{"footnotes":""},"class_list":["post-34","page","type-page","status-publish","hentry"],"_links":{"self":[{"href":"https:\/\/ultimato.com.br\/sites\/ciencia-de-deus\/wp-json\/wp\/v2\/pages\/34","targetHints":{"allow":["GET"]}}],"collection":[{"href":"https:\/\/ultimato.com.br\/sites\/ciencia-de-deus\/wp-json\/wp\/v2\/pages"}],"about":[{"href":"https:\/\/ultimato.com.br\/sites\/ciencia-de-deus\/wp-json\/wp\/v2\/types\/page"}],"author":[{"embeddable":true,"href":"https:\/\/ultimato.com.br\/sites\/ciencia-de-deus\/wp-json\/wp\/v2\/users\/24"}],"replies":[{"embeddable":true,"href":"https:\/\/ultimato.com.br\/sites\/ciencia-de-deus\/wp-json\/wp\/v2\/comments?post=34"}],"version-history":[{"count":1,"href":"https:\/\/ultimato.com.br\/sites\/ciencia-de-deus\/wp-json\/wp\/v2\/pages\/34\/revisions"}],"predecessor-version":[{"id":36,"href":"https:\/\/ultimato.com.br\/sites\/ciencia-de-deus\/wp-json\/wp\/v2\/pages\/34\/revisions\/36"}],"up":[{"embeddable":true,"href":"https:\/\/ultimato.com.br\/sites\/ciencia-de-deus\/wp-json\/wp\/v2\/pages\/9"}],"wp:attachment":[{"href":"https:\/\/ultimato.com.br\/sites\/ciencia-de-deus\/wp-json\/wp\/v2\/media?parent=34"}],"curies":[{"name":"wp","href":"https:\/\/api.w.org\/{rel}","templated":true}]}}