{"id":9,"date":"2013-07-25T12:38:01","date_gmt":"2013-07-25T12:38:01","guid":{"rendered":"http:\/\/ultimato.com.br\/sites\/cidades-do-interior\/?page_id=9"},"modified":"2013-07-25T12:46:54","modified_gmt":"2013-07-25T12:46:54","slug":"o-autor","status":"publish","type":"page","link":"https:\/\/ultimato.com.br\/sites\/cidades-do-interior\/o-autor\/","title":{"rendered":"O autor"},"content":{"rendered":"<p><strong>S<\/strong><a href=\"http:\/\/ultimato.com.br\/sites\/cidades-do-interior\/files\/2013\/07\/foto_cdi.jpg\"><img loading=\"lazy\" decoding=\"async\" class=\"alignright size-thumbnail wp-image-31\" alt=\"foto_cdi\" src=\"http:\/\/ultimato.com.br\/sites\/cidades-do-interior\/files\/2013\/07\/foto_cdi-150x150.jpg\" width=\"150\" height=\"150\" srcset=\"https:\/\/ultimato.com.br\/sites\/cidades-do-interior\/files\/2013\/07\/foto_cdi-150x150.jpg 150w, https:\/\/ultimato.com.br\/sites\/cidades-do-interior\/files\/2013\/07\/foto_cdi-300x300.jpg 300w, https:\/\/ultimato.com.br\/sites\/cidades-do-interior\/files\/2013\/07\/foto_cdi.jpg 400w\" sizes=\"auto, (max-width: 150px) 100vw, 150px\" \/><\/a><strong>\u00e9rgio Lyra<\/strong> \u00e9 doutor em Minist\u00e9rios pelo Reformed Theological Semanary; mestre em Missiologia pelo Centro Presbiteriano de P\u00f3s-Gradua\u00e7\u00e3o Andrew Jumper e bacharel em Ci\u00eancia da Computa\u00e7\u00e3o pela UFPE. \u00c9 coordenador do Departamento de Missiologia do Semin\u00e1rio Presbiteriano do Norte e pastor titular da Primeira Igreja Presbiteriana de Casa Caiada, Olinda (PE), desde 1994.<\/p>\n","protected":false},"excerpt":{"rendered":"<p>S\u00e9rgio Lyra \u00e9 doutor em Minist\u00e9rios pelo Reformed Theological Semanary; mestre em Missiologia pelo Centro Presbiteriano de P\u00f3s-Gradua\u00e7\u00e3o Andrew Jumper e bacharel em Ci\u00eancia da Computa\u00e7\u00e3o pela UFPE. \u00c9 coordenador do Departamento de Missiologia do Semin\u00e1rio Presbiteriano do Norte e pastor titular da Primeira Igreja Presbiteriana de Casa Caiada, Olinda (PE), desde 1994.<\/p>\n","protected":false},"author":24,"featured_media":0,"parent":0,"menu_order":2,"comment_status":"open","ping_status":"open","template":"","meta":{"footnotes":""},"class_list":["post-9","page","type-page","status-publish","hentry"],"_links":{"self":[{"href":"https:\/\/ultimato.com.br\/sites\/cidades-do-interior\/wp-json\/wp\/v2\/pages\/9","targetHints":{"allow":["GET"]}}],"collection":[{"href":"https:\/\/ultimato.com.br\/sites\/cidades-do-interior\/wp-json\/wp\/v2\/pages"}],"about":[{"href":"https:\/\/ultimato.com.br\/sites\/cidades-do-interior\/wp-json\/wp\/v2\/types\/page"}],"author":[{"embeddable":true,"href":"https:\/\/ultimato.com.br\/sites\/cidades-do-interior\/wp-json\/wp\/v2\/users\/24"}],"replies":[{"embeddable":true,"href":"https:\/\/ultimato.com.br\/sites\/cidades-do-interior\/wp-json\/wp\/v2\/comments?post=9"}],"version-history":[{"count":5,"href":"https:\/\/ultimato.com.br\/sites\/cidades-do-interior\/wp-json\/wp\/v2\/pages\/9\/revisions"}],"predecessor-version":[{"id":33,"href":"https:\/\/ultimato.com.br\/sites\/cidades-do-interior\/wp-json\/wp\/v2\/pages\/9\/revisions\/33"}],"wp:attachment":[{"href":"https:\/\/ultimato.com.br\/sites\/cidades-do-interior\/wp-json\/wp\/v2\/media?parent=9"}],"curies":[{"name":"wp","href":"https:\/\/api.w.org\/{rel}","templated":true}]}}