{"id":7,"date":"2013-07-25T12:37:47","date_gmt":"2013-07-25T12:37:47","guid":{"rendered":"http:\/\/ultimato.com.br\/sites\/cidades-do-interior\/?page_id=7"},"modified":"2013-07-25T12:45:20","modified_gmt":"2013-07-25T12:45:20","slug":"o-livro","status":"publish","type":"page","link":"https:\/\/ultimato.com.br\/sites\/cidades-do-interior\/","title":{"rendered":"O livro"},"content":{"rendered":"<p>Por que as igrejas das grandes cidades e os e seus pastores terceirizam a evangeliza\u00e7\u00e3o na periferia?<br \/>\nO que as grandes igrejas urbanas fazem pela evangeliza\u00e7\u00e3o das cidades do interior?<br \/>\nPor que as cidades pobres possuem menos de 5% de evang\u00e9licos e praticamente nenhuma igreja reformada?<\/p>\n<p><strong>Cidades do Interior<\/strong> \u00e9 uma resposta \u00e0 quase aus\u00eancia da influ\u00eancia do evangelho nas pequenas cidades brasileiras. Uma obra que identifica e oferece propostas para projetos mission\u00e1rios nessas cidades, considerando a sua realidade religiosa e social.<br \/>\nUma abordagem b\u00edblica e rica em exemplos, para melhor equipar a igreja brasileira na evangeliza\u00e7\u00e3o e no alcance daqueles que vivem \u00e0 margem das grandes cidades e no interior do pa\u00eds.<\/p>\n","protected":false},"excerpt":{"rendered":"<p>Por que as igrejas das grandes cidades e os e seus pastores terceirizam a evangeliza\u00e7\u00e3o na periferia? O que as grandes igrejas urbanas fazem pela evangeliza\u00e7\u00e3o das cidades do interior? Por que as cidades pobres possuem menos de 5% de evang\u00e9licos e praticamente nenhuma igreja reformada? Cidades do Interior \u00e9 uma resposta \u00e0 quase aus\u00eancia [&hellip;]<\/p>\n","protected":false},"author":24,"featured_media":0,"parent":0,"menu_order":1,"comment_status":"open","ping_status":"open","template":"","meta":{"footnotes":""},"class_list":["post-7","page","type-page","status-publish","hentry"],"_links":{"self":[{"href":"https:\/\/ultimato.com.br\/sites\/cidades-do-interior\/wp-json\/wp\/v2\/pages\/7","targetHints":{"allow":["GET"]}}],"collection":[{"href":"https:\/\/ultimato.com.br\/sites\/cidades-do-interior\/wp-json\/wp\/v2\/pages"}],"about":[{"href":"https:\/\/ultimato.com.br\/sites\/cidades-do-interior\/wp-json\/wp\/v2\/types\/page"}],"author":[{"embeddable":true,"href":"https:\/\/ultimato.com.br\/sites\/cidades-do-interior\/wp-json\/wp\/v2\/users\/24"}],"replies":[{"embeddable":true,"href":"https:\/\/ultimato.com.br\/sites\/cidades-do-interior\/wp-json\/wp\/v2\/comments?post=7"}],"version-history":[{"count":3,"href":"https:\/\/ultimato.com.br\/sites\/cidades-do-interior\/wp-json\/wp\/v2\/pages\/7\/revisions"}],"predecessor-version":[{"id":30,"href":"https:\/\/ultimato.com.br\/sites\/cidades-do-interior\/wp-json\/wp\/v2\/pages\/7\/revisions\/30"}],"wp:attachment":[{"href":"https:\/\/ultimato.com.br\/sites\/cidades-do-interior\/wp-json\/wp\/v2\/media?parent=7"}],"curies":[{"name":"wp","href":"https:\/\/api.w.org\/{rel}","templated":true}]}}